{"id":6011,"date":"2024-05-24T17:48:48","date_gmt":"2024-05-24T14:48:48","guid":{"rendered":"https:\/\/fifaa.ee\/?page_id=6011"},"modified":"2026-03-06T14:43:13","modified_gmt":"2026-03-06T12:43:13","slug":"keskkond","status":"publish","type":"page","link":"https:\/\/fifaa.ee\/en\/keskkond\/","title":{"rendered":"Sustainability"},"content":{"rendered":"<p>At FIFAA Group, we highly value the environment around us and are therefore committed to promoting sustainable development and environmentally friendly practices. We understand that we need to use the planet&#039;s resources economically and sustainably. In doing so, we pay attention to sustainability in a broader sense - to be more caring towards our employees, partners, community and end consumers.<\/p>\n\n\n\n<p><strong>Responsible Business Index<\/strong> <strong>\u2013 silver level<\/strong><\/p>\n\n\n\n<p>We focus on taking meaningful steps in our daily activities by offering our customers products that respect sustainable production processes, while ensuring that the footprint created by the delivery and printing of goods is minimal. We can give our customers promises and an overview of the actual footprint of our products, as we control the entire supply chain from manufacturer to customer. We enrich the products with customer logos or slogans in our own production facility, where we use sustainable production technologies.<\/p>\n\n\n\n<p>We have committed ourselves to being a distributor and advocate for sustainable thinking in our field to accelerate the transition to environmentally sustainable activities.<\/p>\n\n\n\n<p>In 2025, we were awarded <a href=\"https:\/\/indeks.csr.ee\/\">Responsible Business Index<\/a> (VIE) <strong>silver level<\/strong>. As a company that loves sports, we strive for a higher pedestal \u2013 we surpassed last year\u2019s bronze level and will definitely strive for gold in the coming years. The label is awarded to companies that contribute to the well-being and development of society. The methodology of the Responsible Business Index has been specially developed in cooperation with international experts, following the principles of the UN Global Compact, the ESG assessment framework and the UN Sustainable Development Goals.<\/p>\n\n\n<div class=\"wp-block-image\">\n<figure class=\"aligncenter size-full is-resized\"><a href=\"https:\/\/fifaa.ee\/wp-content\/uploads\/2025\/06\/logo_vef_2025_Hobe_horis_whitebg_logo_vef_2024_Hobe_horis_whitebg.png\"><img loading=\"lazy\" decoding=\"async\" width=\"353\" height=\"148\" src=\"https:\/\/fifaa.ee\/wp-content\/uploads\/2025\/06\/logo_vef_2025_Hobe_horis_whitebg_logo_vef_2024_Hobe_horis_whitebg.png\" alt=\"\" class=\"wp-image-45636\" style=\"width:484px;height:auto\" srcset=\"https:\/\/fifaa.ee\/wp-content\/uploads\/2025\/06\/logo_vef_2025_Hobe_horis_whitebg_logo_vef_2024_Hobe_horis_whitebg.png 353w, https:\/\/fifaa.ee\/wp-content\/uploads\/2025\/06\/logo_vef_2025_Hobe_horis_whitebg_logo_vef_2024_Hobe_horis_whitebg-300x126.png 300w\" sizes=\"auto, (max-width: 353px) 100vw, 353px\" \/><\/a><\/figure>\n<\/div>\n\n\n<p> This is a recognition of our efforts to reduce our environmental footprint and increase our positive impact on society. The label is valid for two years.<\/p>\n\n\n\n<p><strong>Sustainability reporting<\/strong><\/p>\n\n\n\n<p>We have been voluntarily preparing sustainability (ESG) reports since 2021. We see that this helps create long-term value, and the disclosure of reports provides our stakeholders with information about our principles, impacts and efforts to reduce these impacts. The 2024 report has been prepared in accordance with <a href=\"https:\/\/www.efrag.org\/sites\/default\/files\/sites\/webpublishing\/SiteAssets\/VSME%20Standard.pdf\" type=\"link\" id=\"https:\/\/www.efrag.org\/sites\/default\/files\/sites\/webpublishing\/SiteAssets\/VSME%20Standard.pdf\">EFRAG&#039;s voluntary sustainability reporting standard for SMEs<\/a> for the entire FIFAA Group.<\/p>\n\n\n\n<p><strong>The 2024 Sustainability Report (in English) can be found<\/strong> <strong><a href=\"https:\/\/fifaa.ee\/wp-content\/uploads\/2026\/01\/FIFAA_veb.pdf\">HERE<\/a>.<\/strong><\/p>\n\n\n\n<p>The 2023 Sustainability Report (in English) can be found here. <a aria-label=\"HERE (opens in new tab)\" href=\"https:\/\/fifaa.ee\/wp-content\/uploads\/2023\/10\/Sustainability_report_2021.pdf\" target=\"_blank\" rel=\"noreferrer noopener\">HERE<\/a>.<\/p>\n\n\n\n<p>A short version of the 2021 Sustainability Report in Estonian can be found here. <a aria-label=\"HERE. (opens in new tab)\" href=\"https:\/\/fifaa.ee\/wp-content\/uploads\/2024\/02\/Sustainability_report_2021_short.pdf\" target=\"_blank\" rel=\"noreferrer noopener\">HERE.<\/a><\/p>\n\n\n\n<p><strong>Our strategic view<\/strong><\/p>\n\n\n\n<p>We have based our strategy on the three pillars of sustainability: the environment, social aspects, and ensuring the economic sustainability of the company. All of this is supported by the implementation of good management practices.<\/p>\n\n\n\n<p><em>FIFAA Group Sustainability Strategy <\/em><\/p>\n\n\n\n<figure class=\"wp-block-image size-large\"><a href=\"https:\/\/fifaa.ee\/wp-content\/uploads\/2025\/03\/joonis-strategy-scaled.jpg\"><img loading=\"lazy\" decoding=\"async\" width=\"1024\" height=\"683\" src=\"https:\/\/fifaa.ee\/wp-content\/uploads\/2025\/03\/joonis-strategy-1024x683.jpg\" alt=\"\" class=\"wp-image-41552\" srcset=\"https:\/\/fifaa.ee\/wp-content\/uploads\/2025\/03\/joonis-strategy-1024x683.jpg 1024w, https:\/\/fifaa.ee\/wp-content\/uploads\/2025\/03\/joonis-strategy-scaled-600x400.jpg 600w, https:\/\/fifaa.ee\/wp-content\/uploads\/2025\/03\/joonis-strategy-300x200.jpg 300w, https:\/\/fifaa.ee\/wp-content\/uploads\/2025\/03\/joonis-strategy-768x512.jpg 768w, https:\/\/fifaa.ee\/wp-content\/uploads\/2025\/03\/joonis-strategy-1536x1024.jpg 1536w, https:\/\/fifaa.ee\/wp-content\/uploads\/2025\/03\/joonis-strategy-2048x1365.jpg 2048w, https:\/\/fifaa.ee\/wp-content\/uploads\/2025\/03\/joonis-strategy-60x40.jpg 60w, https:\/\/fifaa.ee\/wp-content\/uploads\/2025\/03\/joonis-strategy-720x480.jpg 720w, https:\/\/fifaa.ee\/wp-content\/uploads\/2025\/03\/joonis-strategy-220x147.jpg 220w\" sizes=\"auto, (max-width: 1024px) 100vw, 1024px\" \/><\/a><\/figure>\n\n\n\n<p><strong>Our influences<\/strong>, <strong>risks and opportunities<\/strong><\/p>\n\n\n\n<p>Our key sustainability-related <strong>direct effects <\/strong>are energy consumption (as a cause of climate change), resource use (e.g. use of chemicals in production), waste generation, the well-being of our employees, and the satisfaction of our partners and customers. <\/p>\n\n\n\n<p>Greater than the direct effects are <strong>indirect effects<\/strong>, which arise from the production and transportation of the products we sell or from the use of our products. Therefore, we closely monitor what is happening in our <strong>in the value chain<\/strong> and we look for ways to reduce our negative impacts, mitigate risks and seize opportunities. Above all, we want to create a positive impact on society. <strong>positive impact<\/strong> through promoting sports and exercise, creating positive emotions - thus we contribute to a healthy and happy person.<\/p>\n\n\n\n<p>FIFAA has developed sustainability principles for its partners because we believe they help ensure that the entire supply chain operates honestly, transparently, and in line with our shared values.<\/p>\n\n\n\n<p><strong>FIFAA Group&#039;s sustainability principles for partners:<\/strong><\/p>\n\n\n\n<div data-wp-interactive=\"core\/file\" class=\"wp-block-file\"><object data-wp-bind--hidden=\"!state.hasPdfPreview\" hidden class=\"wp-block-file__embed\" data=\"https:\/\/fifaa.ee\/wp-content\/uploads\/2025\/04\/FIFAA-pohimotted-partneritele_2025.pdf\" type=\"application\/pdf\" style=\"width:100%;height:600px\" aria-label=\"Embed of FIFAA principles for partners_2025.\"><\/object><a id=\"wp-block-file--media-ca547037-1698-4fca-9f06-98f6d9f9ff9a\" href=\"https:\/\/fifaa.ee\/wp-content\/uploads\/2025\/04\/FIFAA-pohimotted-partneritele_2025.pdf\">FIFAA principles for partners_2025<\/a><a href=\"https:\/\/fifaa.ee\/wp-content\/uploads\/2025\/04\/FIFAA-pohimotted-partneritele_2025.pdf\" class=\"wp-block-file__button wp-element-button\" download aria-describedby=\"wp-block-file--media-ca547037-1698-4fca-9f06-98f6d9f9ff9a\">Download<\/a><\/div>\n\n\n\n<p><em>FIFAA Group value chain<\/em><\/p>\n\n\n\n<figure class=\"wp-block-image size-large\"><a href=\"https:\/\/fifaa.ee\/wp-content\/uploads\/2025\/03\/value-cahin-scaled.jpg\"><img loading=\"lazy\" decoding=\"async\" width=\"1024\" height=\"683\" src=\"https:\/\/fifaa.ee\/wp-content\/uploads\/2025\/03\/value-cahin-1024x683.jpg\" alt=\"\" class=\"wp-image-41555\" srcset=\"https:\/\/fifaa.ee\/wp-content\/uploads\/2025\/03\/value-cahin-1024x683.jpg 1024w, https:\/\/fifaa.ee\/wp-content\/uploads\/2025\/03\/value-cahin-scaled-600x400.jpg 600w, https:\/\/fifaa.ee\/wp-content\/uploads\/2025\/03\/value-cahin-300x200.jpg 300w, https:\/\/fifaa.ee\/wp-content\/uploads\/2025\/03\/value-cahin-768x512.jpg 768w, https:\/\/fifaa.ee\/wp-content\/uploads\/2025\/03\/value-cahin-1536x1024.jpg 1536w, https:\/\/fifaa.ee\/wp-content\/uploads\/2025\/03\/value-cahin-2048x1365.jpg 2048w, https:\/\/fifaa.ee\/wp-content\/uploads\/2025\/03\/value-cahin-60x40.jpg 60w, https:\/\/fifaa.ee\/wp-content\/uploads\/2025\/03\/value-cahin-720x480.jpg 720w, https:\/\/fifaa.ee\/wp-content\/uploads\/2025\/03\/value-cahin-220x147.jpg 220w\" sizes=\"auto, (max-width: 1024px) 100vw, 1024px\" \/><\/a><\/figure>\n\n\n\n<p><strong>Energy consumption and greenhouse gas emissions<\/strong><\/p>\n\n\n\n<p>The company&#039;s largest direct impact comes from the consumption of electricity, heat, and fuels.<\/p>\n\n\n\n<figure class=\"wp-block-image size-full\"><a href=\"https:\/\/fifaa.ee\/wp-content\/uploads\/2026\/03\/energia.jpg\"><img loading=\"lazy\" decoding=\"async\" width=\"1000\" height=\"599\" src=\"https:\/\/fifaa.ee\/wp-content\/uploads\/2026\/03\/energia.jpg\" alt=\"\" class=\"wp-image-351896\" srcset=\"https:\/\/fifaa.ee\/wp-content\/uploads\/2026\/03\/energia.jpg 1000w, https:\/\/fifaa.ee\/wp-content\/uploads\/2026\/03\/energia-300x180.jpg 300w, https:\/\/fifaa.ee\/wp-content\/uploads\/2026\/03\/energia-768x460.jpg 768w, https:\/\/fifaa.ee\/wp-content\/uploads\/2026\/03\/energia-18x12.jpg 18w, https:\/\/fifaa.ee\/wp-content\/uploads\/2026\/03\/energia-600x359.jpg 600w\" sizes=\"auto, (max-width: 1000px) 100vw, 1000px\" \/><\/a><\/figure>\n\n\n\n<p>One important indicator of environmental impact is the emissions caused by our activities. <strong>greenhouse gas generation<\/strong>To this end, we have calculated according to the greenhouse gas protocol (<a href=\"https:\/\/ghgprotocol.org\/\">Greenhouse Gas Protocol<\/a>) our carbon footprint. Not all impact categories have been taken into account in Scope 3, but we are moving towards doing so in the coming years.<\/p>\n\n\n\n<p><em>Greenhouse gas production<\/em> <em>2023 (in light blue) and 2024 (in dark blue)<\/em><\/p>\n\n\n\n<figure class=\"wp-block-image size-large\"><a href=\"https:\/\/fifaa.ee\/wp-content\/uploads\/2026\/03\/GHG-emissions.jpg\"><img loading=\"lazy\" decoding=\"async\" width=\"1024\" height=\"677\" src=\"https:\/\/fifaa.ee\/wp-content\/uploads\/2026\/03\/GHG-emissions-1024x677.jpg\" alt=\"\" class=\"wp-image-351895\" srcset=\"https:\/\/fifaa.ee\/wp-content\/uploads\/2026\/03\/GHG-emissions-1024x677.jpg 1024w, https:\/\/fifaa.ee\/wp-content\/uploads\/2026\/03\/GHG-emissions-300x198.jpg 300w, https:\/\/fifaa.ee\/wp-content\/uploads\/2026\/03\/GHG-emissions-768x508.jpg 768w, https:\/\/fifaa.ee\/wp-content\/uploads\/2026\/03\/GHG-emissions-18x12.jpg 18w, https:\/\/fifaa.ee\/wp-content\/uploads\/2026\/03\/GHG-emissions-600x397.jpg 600w, https:\/\/fifaa.ee\/wp-content\/uploads\/2026\/03\/GHG-emissions.jpg 1089w\" sizes=\"auto, (max-width: 1024px) 100vw, 1024px\" \/><\/a><\/figure>\n\n\n\n<p class=\"has-text-align-left\"><strong>More sustainable products<\/strong><\/p>\n\n\n\n<p class=\"has-text-align-left\">Because we have a wide variety of options <strong>products<\/strong>, then we try to choose more products in our portfolio that have a recognized environmental label (e.g. <a href=\"https:\/\/www.oeko-tex.com\/en\/\">Oekotex<\/a>,\u00a0<a href=\"https:\/\/textileexchange.org\/standards\/?gad_source=1&amp;gclid=CjwKCAjwp8--BhBREiwAj7og1xZhXSMbBVdyBuRM3w5nzNCzW-b9Hc5KuELCWe5DY4tS7fvmqgjukBoCDQgQAvD_BwE\">Global Recycled Standard<\/a> (GRS),\u00a0<a href=\"https:\/\/bettercotton.org\/\">Better Cotton Initiative<\/a>,\u00a0<a href=\"https:\/\/global-standard.org\/\">Global Organic Textile Standard<\/a> (GOTS)) or where the manufacturer has calculated the carbon footprint of their product (see for example our <a href=\"https:\/\/fifaa.ee\/en\/product-category\/elektroonika\/\">electronic products<\/a> or Iqoniq textile products). This allows our customers to make more environmentally friendly choices and, if desired, measure the carbon footprint of the products they purchase.<\/p>\n\n\n\n<p>In 2024, 30% was among the main products in the corporate gifts unit that were certified with an environmental label (e.g. GOTS, \u00d6KO-TEX).<\/p>\n\n\n\n<p class=\"has-text-align-left\">Our product range includes products (Stanley\/Stella, Iqoniq clothing, small electronics) that have a calculated carbon footprint. In the online store, this is indicated on some products as follows: <\/p>\n\n\n\n<figure class=\"wp-block-image size-full\"><a href=\"https:\/\/fifaa.ee\/wp-content\/uploads\/2025\/03\/image-1.png\"><img loading=\"lazy\" decoding=\"async\" width=\"158\" height=\"127\" src=\"https:\/\/fifaa.ee\/wp-content\/uploads\/2025\/03\/image-1.png\" alt=\"\" class=\"wp-image-41573\" srcset=\"https:\/\/fifaa.ee\/wp-content\/uploads\/2025\/03\/image-1.png 158w, https:\/\/fifaa.ee\/wp-content\/uploads\/2025\/03\/image-1-60x48.png 60w\" sizes=\"auto, (max-width: 158px) 100vw, 158px\" \/><\/a><\/figure>\n\n\n\n<p class=\"has-text-align-left\"><strong>Own staff<\/strong><\/p>\n\n\n\n<p><em>FIFAA Group&#039;s number of employees (number of employees and full-time equivalents), employee turnover and share of permanent contracts<\/em><\/p>\n\n\n\n<figure class=\"wp-block-image size-full\"><a href=\"https:\/\/fifaa.ee\/wp-content\/uploads\/2026\/03\/workforce.jpg\"><img loading=\"lazy\" decoding=\"async\" width=\"1001\" height=\"597\" src=\"https:\/\/fifaa.ee\/wp-content\/uploads\/2026\/03\/workforce.jpg\" alt=\"\" class=\"wp-image-351897\" srcset=\"https:\/\/fifaa.ee\/wp-content\/uploads\/2026\/03\/workforce.jpg 1001w, https:\/\/fifaa.ee\/wp-content\/uploads\/2026\/03\/workforce-300x179.jpg 300w, https:\/\/fifaa.ee\/wp-content\/uploads\/2026\/03\/workforce-768x458.jpg 768w, https:\/\/fifaa.ee\/wp-content\/uploads\/2026\/03\/workforce-18x12.jpg 18w, https:\/\/fifaa.ee\/wp-content\/uploads\/2026\/03\/workforce-600x358.jpg 600w\" sizes=\"auto, (max-width: 1001px) 100vw, 1001px\" \/><\/a><\/figure>\n\n\n\n<p><em>FIFAA Group employees&#039; age, gender and position distribution<\/em><\/p>\n\n\n\n<figure class=\"wp-block-image size-large\"><a href=\"https:\/\/fifaa.ee\/wp-content\/uploads\/2026\/03\/age-gender-distribution.jpg\"><img loading=\"lazy\" decoding=\"async\" width=\"1024\" height=\"362\" src=\"https:\/\/fifaa.ee\/wp-content\/uploads\/2026\/03\/age-gender-distribution-1024x362.jpg\" alt=\"\" class=\"wp-image-351898\" srcset=\"https:\/\/fifaa.ee\/wp-content\/uploads\/2026\/03\/age-gender-distribution-1024x362.jpg 1024w, https:\/\/fifaa.ee\/wp-content\/uploads\/2026\/03\/age-gender-distribution-300x106.jpg 300w, https:\/\/fifaa.ee\/wp-content\/uploads\/2026\/03\/age-gender-distribution-768x272.jpg 768w, https:\/\/fifaa.ee\/wp-content\/uploads\/2026\/03\/age-gender-distribution-18x6.jpg 18w, https:\/\/fifaa.ee\/wp-content\/uploads\/2026\/03\/age-gender-distribution-600x212.jpg 600w, https:\/\/fifaa.ee\/wp-content\/uploads\/2026\/03\/age-gender-distribution.jpg 1037w\" sizes=\"auto, (max-width: 1024px) 100vw, 1024px\" \/><\/a><\/figure>\n\n\n\n<p>Read more about our sustainability report!<\/p>\n\n\n\n<p><\/p>","protected":false},"excerpt":{"rendered":"<p>Hindame FIFAA grupis v\u00e4ga k\u00f5rgelt meid \u00fcmbritsevat keskkonda ja seet\u00f5ttu oleme v\u00f5tnud endale kohustuse edendada kestlikku arengut ning keskkonnahoidlikke toimimistavasid. M\u00f5istame, et peame kasutama planeedi ressursse s\u00e4\u00e4stlikult ja j\u00e4tkusuutlikult. Seejuures p\u00f6\u00f6rame t\u00e4helepanu kestlikkusele laiemalt \u2013 olema hoolivamad oma t\u00f6\u00f6tajate, partnerite, kogukonna ja l\u00f5pptarbijate suhtes. Vastutustundliku Ettev\u00f5tluse Indeks &#8211; h\u00f5betase Keskendume oma tegevuses igap\u00e4evaselt sisuliste sammude [&hellip;]<\/p>\n","protected":false},"author":1,"featured_media":45640,"parent":0,"menu_order":0,"comment_status":"closed","ping_status":"closed","template":"","meta":{"_acf_changed":false,"footnotes":""},"class_list":["post-6011","page","type-page","status-publish","has-post-thumbnail","hentry"],"acf":[],"_links":{"self":[{"href":"https:\/\/fifaa.ee\/en\/wp-json\/wp\/v2\/pages\/6011","targetHints":{"allow":["GET"]}}],"collection":[{"href":"https:\/\/fifaa.ee\/en\/wp-json\/wp\/v2\/pages"}],"about":[{"href":"https:\/\/fifaa.ee\/en\/wp-json\/wp\/v2\/types\/page"}],"author":[{"embeddable":true,"href":"https:\/\/fifaa.ee\/en\/wp-json\/wp\/v2\/users\/1"}],"replies":[{"embeddable":true,"href":"https:\/\/fifaa.ee\/en\/wp-json\/wp\/v2\/comments?post=6011"}],"version-history":[{"count":34,"href":"https:\/\/fifaa.ee\/en\/wp-json\/wp\/v2\/pages\/6011\/revisions"}],"predecessor-version":[{"id":351901,"href":"https:\/\/fifaa.ee\/en\/wp-json\/wp\/v2\/pages\/6011\/revisions\/351901"}],"wp:featuredmedia":[{"embeddable":true,"href":"https:\/\/fifaa.ee\/en\/wp-json\/wp\/v2\/media\/45640"}],"wp:attachment":[{"href":"https:\/\/fifaa.ee\/en\/wp-json\/wp\/v2\/media?parent=6011"}],"curies":[{"name":"wp","href":"https:\/\/api.w.org\/{rel}","templated":true}]}}