{"id":822,"date":"2021-05-21T02:24:55","date_gmt":"2021-05-20T23:24:55","guid":{"rendered":"https:\/\/fifaa.ee\/?page_id=822"},"modified":"2026-01-06T13:58:13","modified_gmt":"2026-01-06T11:58:13","slug":"reklaamroivad-ja-kingid","status":"publish","type":"page","link":"https:\/\/fifaa.ee\/en\/meist\/reklaamroivad-ja-kingid\/","title":{"rendered":"Promotional clothing and gifts"},"content":{"rendered":"<p>AS Fifaa is one of the companies with the most experience in the field of promotional clothing and gifts. Over the past quarter of a century, we have found solutions related to marketing and promotional products for both large and start-up companies, startups and sports organizations.<\/p>\n\n\n\n<p>During this time, we have grown from a wholesale company focused on business customers to a multi-divisional and multi-industry group that operates approximately 50 stores in Estonia, Latvia, Lithuania and Finland.<\/p>\n\n\n\n<p>Our long history shows that we have had to constantly keep up with the times, find new products and services, and successfully combine them to meet the changing needs of our business customers.<\/p>\n\n\n<div class=\"wp-block-image\">\n<figure class=\"aligncenter size-full\"><a href=\"https:\/\/fifaa.ee\/wp-content\/uploads\/2024\/05\/IMG_2424-2-1024x683-1.jpg\"><img loading=\"lazy\" decoding=\"async\" width=\"1024\" height=\"683\" src=\"https:\/\/fifaa.ee\/wp-content\/uploads\/2024\/05\/IMG_2424-2-1024x683-1.jpg\" alt=\"\" class=\"wp-image-6005\" srcset=\"https:\/\/fifaa.ee\/wp-content\/uploads\/2024\/05\/IMG_2424-2-1024x683-1.jpg 1024w, https:\/\/fifaa.ee\/wp-content\/uploads\/2024\/05\/IMG_2424-2-1024x683-1-600x400.jpg 600w, https:\/\/fifaa.ee\/wp-content\/uploads\/2024\/05\/IMG_2424-2-1024x683-1-300x200.jpg 300w, https:\/\/fifaa.ee\/wp-content\/uploads\/2024\/05\/IMG_2424-2-1024x683-1-768x512.jpg 768w, https:\/\/fifaa.ee\/wp-content\/uploads\/2024\/05\/IMG_2424-2-1024x683-1-60x40.jpg 60w, https:\/\/fifaa.ee\/wp-content\/uploads\/2024\/05\/IMG_2424-2-1024x683-1-720x480.jpg 720w, https:\/\/fifaa.ee\/wp-content\/uploads\/2024\/05\/IMG_2424-2-1024x683-1-220x147.jpg 220w\" sizes=\"auto, (max-width: 1024px) 100vw, 1024px\" \/><\/a><figcaption class=\"wp-element-caption\">Fifaa AS showroom in Tallinn<\/figcaption><\/figure>\n<\/div>\n\n\n<p>We use the versatility of our company to find inspiration and knowledge from the fashion brands we represent. We also look for ways to bring this experience to the B2B field by following trends, new materials, printing technology and fashion.<\/p>\n\n\n\n<p>Unlike most companies in our field, we own the production and therefore control the entire supply chain ourselves. This allows us to offer our customers the best and most creative solutions. We are up to date with the latest trends in the field and our footprint is smaller, as there is no need to move products between different subcontractors. In recent years, we have invested significantly in our production to expand the range of services with the support of new materials and new technology, improve the speed and quality of order completion, as well as improve the working conditions of our employees. In our production unit, we perform screen printing, DTF and DTG printing, transfer printing, embroidery and we also offer sewing services - a combination of services that allows us to meet all the needs of our partners. <\/p>\n\n\n\n<p>Our goal is to be a long-term partner for our clients, who is up to date with the client&#039;s stylebook and regular internal and client campaigns. We want to offer design, logistics and warehouse services and support the client in every marketing event and other undertaking from the planning stage. To this end, we are ready to set new goals for the coming years and work hard to achieve them.<\/p>","protected":false},"excerpt":{"rendered":"<p>AS Fifaa on reklaamr\u00f5ivaste ja -kingituste valdkonnas \u00fcks suurima kogemusega ettev\u00f5tteid. Veerandsaja aasta jooksul oleme leidnud turundus- ja promotoodetega seotud lahendusi nii suurtele kui ka alles alustavatele ettev\u00f5tetele, nii idufirmadele kui ka spordiorganisatsioonidele. Selle aja jooksul oleme kasvanud \u00e4riklientidele keskendunud hulgiettev\u00f5ttest mitme divisjoniga ja mitme valdkonnaga tegeleva kontsernini, mis haldab ligikaudu 50 kauplust Eestis, L\u00e4tis, [&hellip;]<\/p>\n","protected":false},"author":1,"featured_media":0,"parent":13,"menu_order":0,"comment_status":"closed","ping_status":"closed","template":"","meta":{"_acf_changed":false,"footnotes":""},"class_list":["post-822","page","type-page","status-publish","hentry"],"acf":[],"_links":{"self":[{"href":"https:\/\/fifaa.ee\/en\/wp-json\/wp\/v2\/pages\/822","targetHints":{"allow":["GET"]}}],"collection":[{"href":"https:\/\/fifaa.ee\/en\/wp-json\/wp\/v2\/pages"}],"about":[{"href":"https:\/\/fifaa.ee\/en\/wp-json\/wp\/v2\/types\/page"}],"author":[{"embeddable":true,"href":"https:\/\/fifaa.ee\/en\/wp-json\/wp\/v2\/users\/1"}],"replies":[{"embeddable":true,"href":"https:\/\/fifaa.ee\/en\/wp-json\/wp\/v2\/comments?post=822"}],"version-history":[{"count":4,"href":"https:\/\/fifaa.ee\/en\/wp-json\/wp\/v2\/pages\/822\/revisions"}],"predecessor-version":[{"id":6192,"href":"https:\/\/fifaa.ee\/en\/wp-json\/wp\/v2\/pages\/822\/revisions\/6192"}],"up":[{"embeddable":true,"href":"https:\/\/fifaa.ee\/en\/wp-json\/wp\/v2\/pages\/13"}],"wp:attachment":[{"href":"https:\/\/fifaa.ee\/en\/wp-json\/wp\/v2\/media?parent=822"}],"curies":[{"name":"wp","href":"https:\/\/api.w.org\/{rel}","templated":true}]}}