{"id":825,"date":"2021-05-21T02:32:05","date_gmt":"2021-05-20T23:32:05","guid":{"rendered":"https:\/\/fifaa.ee\/?page_id=825"},"modified":"2026-01-06T13:57:46","modified_gmt":"2026-01-06T11:57:46","slug":"fifaa-kontsern","status":"publish","type":"page","link":"https:\/\/fifaa.ee\/en\/meist\/fifaa-kontsern\/","title":{"rendered":"FIFA Group"},"content":{"rendered":"<p>Fifaa has grown from a promotional textile and gift company into an international group with significant reach. We operate with ten subsidiaries in four countries and employ more than 300 people in retail and wholesale, as well as in manufacturing.<\/p>\n\n\n\n<p>Despite being older than average compared to Estonian companies, Fifaa is still vital and focused on growth and development. In recognition of this, we were awarded the title of Gazelle Company by \u00c4rip\u00e4ev in 2018.<\/p>\n\n\n\n<p>In recent years, we have grown fastest in the retail sector and have opened new stores in Estonia, Latvia, and Lithuania.<\/p>\n\n\n\n<figure class=\"wp-block-image\"><img loading=\"lazy\" decoding=\"async\" width=\"1024\" height=\"768\" src=\"https:\/\/fifaa.ee\/wp-content\/uploads\/2021\/06\/IMG_4768-2-1024x768.jpg\" alt=\"\" class=\"wp-image-1055\" srcset=\"https:\/\/fifaa.ee\/wp-content\/uploads\/2021\/06\/IMG_4768-2-1024x768.jpg 1024w, https:\/\/fifaa.ee\/wp-content\/uploads\/2021\/06\/IMG_4768-2-scaled-600x450.jpg 600w, https:\/\/fifaa.ee\/wp-content\/uploads\/2021\/06\/IMG_4768-2-300x225.jpg 300w, https:\/\/fifaa.ee\/wp-content\/uploads\/2021\/06\/IMG_4768-2-768x576.jpg 768w, https:\/\/fifaa.ee\/wp-content\/uploads\/2021\/06\/IMG_4768-2-60x45.jpg 60w, https:\/\/fifaa.ee\/wp-content\/uploads\/2021\/06\/IMG_4768-2-640x480.jpg 640w, https:\/\/fifaa.ee\/wp-content\/uploads\/2021\/06\/IMG_4768-2-220x165.jpg 220w\" sizes=\"auto, (max-width: 1024px) 100vw, 1024px\" \/><\/figure>\n\n\n\n<p>Alongside these, we have created our own retail brand, Ballzy, to offer a novel shopping solution that combines digital and physical shopping environments. Ballzy&#039;s selection includes products from the world&#039;s most renowned sports and leisure footwear and clothing manufacturers.<\/p>\n\n\n\n<figure class=\"wp-block-image\"><img loading=\"lazy\" decoding=\"async\" width=\"1024\" height=\"683\" src=\"https:\/\/fifaa.ee\/wp-content\/uploads\/2021\/06\/DSC04294-1024x683.jpg\" alt=\"\" class=\"wp-image-1061\" srcset=\"https:\/\/fifaa.ee\/wp-content\/uploads\/2021\/06\/DSC04294-1024x683.jpg 1024w, https:\/\/fifaa.ee\/wp-content\/uploads\/2021\/06\/DSC04294-scaled-600x400.jpg 600w, https:\/\/fifaa.ee\/wp-content\/uploads\/2021\/06\/DSC04294-300x200.jpg 300w, https:\/\/fifaa.ee\/wp-content\/uploads\/2021\/06\/DSC04294-768x512.jpg 768w, https:\/\/fifaa.ee\/wp-content\/uploads\/2021\/06\/DSC04294-60x40.jpg 60w, https:\/\/fifaa.ee\/wp-content\/uploads\/2021\/06\/DSC04294-720x480.jpg 720w, https:\/\/fifaa.ee\/wp-content\/uploads\/2021\/06\/DSC04294-220x147.jpg 220w\" sizes=\"auto, (max-width: 1024px) 100vw, 1024px\" \/><\/figure>\n\n\n\n<p>With fifteen stores, one of the largest chains is T-Shirt Store, which also has stores in all three Baltic countries. In these stores, you can order a shirt or sweatshirt with the desired print as a rush job or choose your favorite from a collection created by an Estonian designer. Of course, all services can also be conveniently ordered online. <a href=\"http:\/\/www.t-shirtstore.ee\">www.t-shirtstore.ee<\/a>. <\/p>\n\n\n<div class=\"wp-block-image\">\n<figure class=\"aligncenter\"><img loading=\"lazy\" decoding=\"async\" width=\"1024\" height=\"576\" src=\"https:\/\/fifaa.ee\/wp-content\/uploads\/2021\/11\/20170904_170217-1024x576.jpg\" alt=\"\" class=\"wp-image-1194\" srcset=\"https:\/\/fifaa.ee\/wp-content\/uploads\/2021\/11\/20170904_170217-1024x576.jpg 1024w, https:\/\/fifaa.ee\/wp-content\/uploads\/2021\/11\/20170904_170217-300x169.jpg 300w, https:\/\/fifaa.ee\/wp-content\/uploads\/2021\/11\/20170904_170217-768x432.jpg 768w, https:\/\/fifaa.ee\/wp-content\/uploads\/2021\/11\/20170904_170217-60x34.jpg 60w, https:\/\/fifaa.ee\/wp-content\/uploads\/2021\/11\/20170904_170217-810x456.jpg 810w, https:\/\/fifaa.ee\/wp-content\/uploads\/2021\/11\/20170904_170217-220x124.jpg 220w\" sizes=\"auto, (max-width: 1024px) 100vw, 1024px\" \/><figcaption class=\"wp-element-caption\">L\u00f5unakeskus T-Shirt Store<\/figcaption><\/figure>\n<\/div>\n\n\n<p>AS FIFAA is also a member of the Estonian Chamber of Commerce and Industry and the Estonian Employers&#039; Confederation, as we want to actively participate in the creation of local entrepreneurial culture and legislation.<\/p>\n\n\n\n<p>Check out the Fifaa group companies and brands on the website. <a href=\"http:\/\/www.fifaa.eu\">www.fifaa.eu<\/a>.<\/p>\n\n\n\n<div class=\"wp-block-columns has-3-columns table-img-vertical-align is-layout-flex wp-container-core-columns-is-layout-9d6595d7 wp-block-columns-is-layout-flex\">\n<div class=\"wp-block-column is-layout-flow wp-block-column-is-layout-flow\">\n<figure class=\"wp-block-image size-full\"><a href=\"https:\/\/fifaa.ee\/wp-content\/uploads\/2024\/05\/tooandjad.jpg\"><img loading=\"lazy\" decoding=\"async\" width=\"637\" height=\"320\" src=\"https:\/\/fifaa.ee\/wp-content\/uploads\/2024\/05\/tooandjad.jpg\" alt=\"\" class=\"wp-image-6008\" srcset=\"https:\/\/fifaa.ee\/wp-content\/uploads\/2024\/05\/tooandjad.jpg 637w, https:\/\/fifaa.ee\/wp-content\/uploads\/2024\/05\/tooandjad-600x301.jpg 600w, https:\/\/fifaa.ee\/wp-content\/uploads\/2024\/05\/tooandjad-300x151.jpg 300w, https:\/\/fifaa.ee\/wp-content\/uploads\/2024\/05\/tooandjad-60x30.jpg 60w, https:\/\/fifaa.ee\/wp-content\/uploads\/2024\/05\/tooandjad-220x111.jpg 220w\" sizes=\"auto, (max-width: 637px) 100vw, 637px\" \/><\/a><\/figure>\n<\/div>\n\n\n\n<div class=\"wp-block-column is-layout-flow wp-block-column-is-layout-flow\">\n<figure class=\"wp-block-image\"><img loading=\"lazy\" decoding=\"async\" width=\"300\" height=\"115\" src=\"https:\/\/fifaa.ee\/wp-content\/uploads\/2021\/05\/ktk-logo-300x115.png\" alt=\"\" class=\"wp-image-832\" srcset=\"https:\/\/fifaa.ee\/wp-content\/uploads\/2021\/05\/ktk-logo-300x115.png 300w, https:\/\/fifaa.ee\/wp-content\/uploads\/2021\/05\/ktk-logo-60x23.png 60w, https:\/\/fifaa.ee\/wp-content\/uploads\/2021\/05\/ktk-logo-360x139.png 360w, https:\/\/fifaa.ee\/wp-content\/uploads\/2021\/05\/ktk-logo-220x84.png 220w, https:\/\/fifaa.ee\/wp-content\/uploads\/2021\/05\/ktk-logo.png 363w\" sizes=\"auto, (max-width: 300px) 100vw, 300px\" \/><\/figure>\n<\/div>\n\n\n\n<div class=\"wp-block-column is-layout-flow wp-block-column-is-layout-flow\">\n<figure class=\"wp-block-image\"><img loading=\"lazy\" decoding=\"async\" width=\"202\" height=\"166\" src=\"https:\/\/fifaa.ee\/wp-content\/uploads\/2020\/03\/Picture-1.png\" alt=\"\" class=\"wp-image-681\" srcset=\"https:\/\/fifaa.ee\/wp-content\/uploads\/2020\/03\/Picture-1.png 202w, https:\/\/fifaa.ee\/wp-content\/uploads\/2020\/03\/Picture-1-60x49.png 60w\" sizes=\"auto, (max-width: 202px) 100vw, 202px\" \/><\/figure>\n<\/div>\n<\/div>","protected":false},"excerpt":{"rendered":"<p>Fifaa on kasvanud reklaamtekstiili ja -kingituste ettev\u00f5ttest m\u00e4rkimisv\u00e4\u00e4rse haardega rahvusvaheliseks kontserniks. Tegutseme k\u00fcmne t\u00fctarettev\u00f5ttega aktiivselt neljas riigis ning anname t\u00f6\u00f6d rohkem kui 300 inimesele jae- ja hulgikaubanduses, aga ka tootmise valdkonnas. Eesti ettev\u00f5tetega v\u00f5rreldes keskmiselt k\u00f5rgemast vanusest hoolimata on Fifaa endiselt vitaalne ning keskendunud kasvule ja arengule. Selle tunnustuseks p\u00e4rjati meid 2018. aastal \u00c4rip\u00e4eva gasellfirma [&hellip;]<\/p>\n","protected":false},"author":1,"featured_media":0,"parent":13,"menu_order":0,"comment_status":"closed","ping_status":"closed","template":"","meta":{"_acf_changed":false,"footnotes":""},"class_list":["post-825","page","type-page","status-publish","hentry"],"acf":[],"_links":{"self":[{"href":"https:\/\/fifaa.ee\/en\/wp-json\/wp\/v2\/pages\/825","targetHints":{"allow":["GET"]}}],"collection":[{"href":"https:\/\/fifaa.ee\/en\/wp-json\/wp\/v2\/pages"}],"about":[{"href":"https:\/\/fifaa.ee\/en\/wp-json\/wp\/v2\/types\/page"}],"author":[{"embeddable":true,"href":"https:\/\/fifaa.ee\/en\/wp-json\/wp\/v2\/users\/1"}],"replies":[{"embeddable":true,"href":"https:\/\/fifaa.ee\/en\/wp-json\/wp\/v2\/comments?post=825"}],"version-history":[{"count":13,"href":"https:\/\/fifaa.ee\/en\/wp-json\/wp\/v2\/pages\/825\/revisions"}],"predecessor-version":[{"id":6009,"href":"https:\/\/fifaa.ee\/en\/wp-json\/wp\/v2\/pages\/825\/revisions\/6009"}],"up":[{"embeddable":true,"href":"https:\/\/fifaa.ee\/en\/wp-json\/wp\/v2\/pages\/13"}],"wp:attachment":[{"href":"https:\/\/fifaa.ee\/en\/wp-json\/wp\/v2\/media?parent=825"}],"curies":[{"name":"wp","href":"https:\/\/api.w.org\/{rel}","templated":true}]}}