{"id":12549,"date":"2024-10-25T00:08:51","date_gmt":"2024-10-24T21:08:51","guid":{"rendered":"https:\/\/fifaa.ee\/product\/radder-2-0-vintage-unisex\/"},"modified":"2026-05-14T05:37:19","modified_gmt":"2026-05-14T02:37:19","slug":"radder-2-0-vintage-unisex","status":"publish","type":"product","link":"https:\/\/fifaa.ee\/en\/product\/radder-2-0-vintage-unisex\/","title":{"rendered":"Radder 2.0 Vintage, Unisex"},"content":{"rendered":"<p>Built-in sleeves<br \/>\n2\u00d71 ribbing at collar, sleeve cuffs and hem<br \/>\nDouble needles on all seams<br \/>\nInside herringbone with neck tape<br \/>\nSelf-fabric crescent at the back of the neck<br \/>\nLight shading at the seams to give a washed look.<br \/>\nGarment dyed product, each garment may vary in appearance, color may stain, follow our care label<br \/>\nRead the printing recommendations carefully<\/p>","protected":false},"excerpt":{"rendered":"<p>\u00dclisuur r\u00f5ivas v\u00e4rvitud kaelusega dressipluus<\/p>","protected":false},"featured_media":271949,"template":"","meta":{"_acf_changed":false},"product_brand":[],"product_cat":[310],"product_tag":[659],"class_list":{"0":"post-12549","1":"product","2":"type-product","3":"status-publish","4":"has-post-thumbnail","6":"product_cat-kapuutsita-pusa","7":"product_tag-more-colors","8":"pa_brand-stanley-stella","9":"pa_sugu-unisex","10":"pa_suurus-3xl","11":"pa_suurus-l","12":"pa_suurus-m","13":"pa_suurus-s","14":"pa_suurus-xl","15":"pa_suurus-xs","16":"pa_suurus-xxl","17":"pa_suurus-xxs","18":"pa_varv-hall","19":"pa_varv-must","20":"pa_varv-pruun","21":"pa_varv-sinine","23":"first","24":"instock","25":"taxable","26":"shipping-taxable","27":"purchasable","28":"product-type-variable","29":"has-default-attributes"},"acf":[],"_links":{"self":[{"href":"https:\/\/fifaa.ee\/en\/wp-json\/wp\/v2\/product\/12549","targetHints":{"allow":["GET"]}}],"collection":[{"href":"https:\/\/fifaa.ee\/en\/wp-json\/wp\/v2\/product"}],"about":[{"href":"https:\/\/fifaa.ee\/en\/wp-json\/wp\/v2\/types\/product"}],"wp:featuredmedia":[{"embeddable":true,"href":"https:\/\/fifaa.ee\/en\/wp-json\/wp\/v2\/media\/271949"}],"wp:attachment":[{"href":"https:\/\/fifaa.ee\/en\/wp-json\/wp\/v2\/media?parent=12549"}],"wp:term":[{"taxonomy":"product_brand","embeddable":true,"href":"https:\/\/fifaa.ee\/en\/wp-json\/wp\/v2\/product_brand?post=12549"},{"taxonomy":"product_cat","embeddable":true,"href":"https:\/\/fifaa.ee\/en\/wp-json\/wp\/v2\/product_cat?post=12549"},{"taxonomy":"product_tag","embeddable":true,"href":"https:\/\/fifaa.ee\/en\/wp-json\/wp\/v2\/product_tag?post=12549"}],"curies":[{"name":"wp","href":"https:\/\/api.w.org\/{rel}","templated":true}]}}