{"id":15801,"date":"2024-10-25T00:21:43","date_gmt":"2024-10-24T21:21:43","guid":{"rendered":"https:\/\/fifaa.ee\/product\/bucket-hat-unisex\/"},"modified":"2026-05-14T06:35:09","modified_gmt":"2026-05-14T03:35:09","slug":"bucket-hat-unisex","status":"publish","type":"product","link":"https:\/\/fifaa.ee\/en\/product\/bucket-hat-unisex\/","title":{"rendered":"Bucket Hat, Unisex"},"content":{"rendered":"<p>Embroidered eyelets<br \/>\nBottom rim edge with finished binding<br \/>\nDouble stitching on the side seams and around the circumference of the top of the hat<br \/>\nOverdrawn edge<\/p>","protected":false},"excerpt":{"rendered":"<p>L\u00f5uendist \u00e4mbrim\u00fcts<\/p>","protected":false},"featured_media":50511,"template":"","meta":{"_acf_changed":false},"product_brand":[],"product_cat":[314],"product_tag":[658,659],"class_list":{"0":"post-15801","1":"product","2":"type-product","3":"status-publish","4":"has-post-thumbnail","6":"product_cat-bucket-hat","7":"product_tag-diy","8":"product_tag-more-colors","9":"pa_brand-stanley-stella","10":"pa_sugu-unisex","11":"pa_suurus-m-l","12":"pa_suurus-s-m","13":"pa_varv-hall","14":"pa_varv-must","15":"pa_varv-valge-new","17":"first","18":"instock","19":"taxable","20":"shipping-taxable","21":"purchasable","22":"product-type-variable","23":"has-default-attributes","24":"product-type-zakeke","25":"product-type-external"},"acf":[],"_links":{"self":[{"href":"https:\/\/fifaa.ee\/en\/wp-json\/wp\/v2\/product\/15801","targetHints":{"allow":["GET"]}}],"collection":[{"href":"https:\/\/fifaa.ee\/en\/wp-json\/wp\/v2\/product"}],"about":[{"href":"https:\/\/fifaa.ee\/en\/wp-json\/wp\/v2\/types\/product"}],"wp:featuredmedia":[{"embeddable":true,"href":"https:\/\/fifaa.ee\/en\/wp-json\/wp\/v2\/media\/50511"}],"wp:attachment":[{"href":"https:\/\/fifaa.ee\/en\/wp-json\/wp\/v2\/media?parent=15801"}],"wp:term":[{"taxonomy":"product_brand","embeddable":true,"href":"https:\/\/fifaa.ee\/en\/wp-json\/wp\/v2\/product_brand?post=15801"},{"taxonomy":"product_cat","embeddable":true,"href":"https:\/\/fifaa.ee\/en\/wp-json\/wp\/v2\/product_cat?post=15801"},{"taxonomy":"product_tag","embeddable":true,"href":"https:\/\/fifaa.ee\/en\/wp-json\/wp\/v2\/product_tag?post=15801"}],"curies":[{"name":"wp","href":"https:\/\/api.w.org\/{rel}","templated":true}]}}