{"id":27631,"date":"2025-01-28T15:48:01","date_gmt":"2025-01-28T13:48:01","guid":{"rendered":"https:\/\/fifaa.ee\/?post_type=product&#038;p=27631"},"modified":"2026-04-01T15:32:36","modified_gmt":"2026-04-01T12:32:36","slug":"vinga-kaiser-fileekomplekt","status":"publish","type":"product","link":"https:\/\/fifaa.ee\/en\/product\/vinga-kaiser-fileekomplekt\/","title":{"rendered":"VINGA Kaiser Fillet Set"},"content":{"rendered":"<p>Fish filleting set consisting of a filleting knife, a steel mesh glove and a metal soap. The glove gives the fish an extra grip and protects you from mishaps. The metal soap removes odors such as fish and onion that other soaps have a hard time displacing. The knife is made of X50CrMoV15 German steel, with a Pakkawood handle. The easy-grip handle and excellent blade balance make working with the knife comfortable and easy. Dimensions: 21 cm blade.<\/p>","protected":false},"excerpt":{"rendered":"<p>Kalafileerimiskomplekt, mis koosneb fileerimisnoast, terasv\u00f5rgust kindast ja metallseebist. Kinnas annab kalale t\u00e4iendava haarde ja kaitseb teid \u00e4parduste eest. Metallseep eemaldab l\u00f5hnad, nagu kala ja sibul, mida teistel seepidel on raske nihutada. Nuga on valmistatud X50CrMoV15 Saksa terasest, Pakkawood k\u00e4epidemega. Kergesti haaratav k\u00e4epide ja tera suurep\u00e4rane tasakaal muudavad noaga t\u00f6\u00f6tamise mugavaks ja lihtsaks. M\u00f5\u00f5dud: 21 cm [&hellip;]<\/p>\n","protected":false},"featured_media":27668,"template":"","meta":{"_acf_changed":false},"product_brand":[],"product_cat":[213,568],"product_tag":[],"class_list":{"0":"post-27631","1":"product","2":"type-product","3":"status-publish","4":"has-post-thumbnail","6":"product_cat-kodu","7":"product_cat-koogitarbed","9":"first","10":"instock","11":"taxable","12":"shipping-taxable","13":"purchasable","14":"product-type-variable","15":"has-default-attributes"},"acf":[],"_links":{"self":[{"href":"https:\/\/fifaa.ee\/en\/wp-json\/wp\/v2\/product\/27631","targetHints":{"allow":["GET"]}}],"collection":[{"href":"https:\/\/fifaa.ee\/en\/wp-json\/wp\/v2\/product"}],"about":[{"href":"https:\/\/fifaa.ee\/en\/wp-json\/wp\/v2\/types\/product"}],"wp:featuredmedia":[{"embeddable":true,"href":"https:\/\/fifaa.ee\/en\/wp-json\/wp\/v2\/media\/27668"}],"wp:attachment":[{"href":"https:\/\/fifaa.ee\/en\/wp-json\/wp\/v2\/media?parent=27631"}],"wp:term":[{"taxonomy":"product_brand","embeddable":true,"href":"https:\/\/fifaa.ee\/en\/wp-json\/wp\/v2\/product_brand?post=27631"},{"taxonomy":"product_cat","embeddable":true,"href":"https:\/\/fifaa.ee\/en\/wp-json\/wp\/v2\/product_cat?post=27631"},{"taxonomy":"product_tag","embeddable":true,"href":"https:\/\/fifaa.ee\/en\/wp-json\/wp\/v2\/product_tag?post=27631"}],"curies":[{"name":"wp","href":"https:\/\/api.w.org\/{rel}","templated":true}]}}