{"id":27677,"date":"2025-01-28T15:48:22","date_gmt":"2025-01-28T13:48:22","guid":{"rendered":"https:\/\/fifaa.ee\/?post_type=product&#038;p=27677"},"modified":"2026-04-01T15:33:02","modified_gmt":"2026-04-01T12:33:02","slug":"vinga-hattasan-damascus-santoku-nuga","status":"publish","type":"product","link":"https:\/\/fifaa.ee\/en\/product\/vinga-hattasan-damascus-santoku-nuga\/","title":{"rendered":"VINGA Hattasan Damascus Santoku knife"},"content":{"rendered":"<p>This Santoku knife is ideal for cutting meat and larger vegetables or chopping herbs. The sturdy pakka wood handle is ergonomically designed, making the knife easy and comfortable to use. This means you can work with the knife for a long time without your hands getting tired. The blade has an incredibly hard core of VG10 steel, which is cast in 67 layers of steel. The result is a durable blade with incredible sharpness and excellent cutting performance.<\/p>","protected":false},"excerpt":{"rendered":"<p>See Santoku nuga sobib ideaalselt liha ja suuremate k\u00f6\u00f6giviljade l\u00f5ikamiseks v\u00f5i \u00fcrtide t\u00fckeldamiseks. Tugev pakkapuidust k\u00e4epide on ergonoomiliselt kujundatud, muutes noa kasutamise lihtsaks ja mugavaks. See t\u00e4hendab, et saate noaga t\u00f6\u00f6tada pikka aega ilma oma k\u00e4si v\u00e4simata. Teral on uskumatult k\u00f5va s\u00fcdamik VG10 terasest, mis on valatud 67 terasekihti. Tulemuseks on vastupidav tera, millel on [&hellip;]<\/p>\n","protected":false},"featured_media":27694,"template":"","meta":{"_acf_changed":false},"product_brand":[],"product_cat":[213,568],"product_tag":[],"class_list":{"0":"post-27677","1":"product","2":"type-product","3":"status-publish","4":"has-post-thumbnail","6":"product_cat-kodu","7":"product_cat-koogitarbed","9":"first","10":"instock","11":"taxable","12":"shipping-taxable","13":"purchasable","14":"product-type-variable","15":"has-default-attributes"},"acf":[],"_links":{"self":[{"href":"https:\/\/fifaa.ee\/en\/wp-json\/wp\/v2\/product\/27677","targetHints":{"allow":["GET"]}}],"collection":[{"href":"https:\/\/fifaa.ee\/en\/wp-json\/wp\/v2\/product"}],"about":[{"href":"https:\/\/fifaa.ee\/en\/wp-json\/wp\/v2\/types\/product"}],"wp:featuredmedia":[{"embeddable":true,"href":"https:\/\/fifaa.ee\/en\/wp-json\/wp\/v2\/media\/27694"}],"wp:attachment":[{"href":"https:\/\/fifaa.ee\/en\/wp-json\/wp\/v2\/media?parent=27677"}],"wp:term":[{"taxonomy":"product_brand","embeddable":true,"href":"https:\/\/fifaa.ee\/en\/wp-json\/wp\/v2\/product_brand?post=27677"},{"taxonomy":"product_cat","embeddable":true,"href":"https:\/\/fifaa.ee\/en\/wp-json\/wp\/v2\/product_cat?post=27677"},{"taxonomy":"product_tag","embeddable":true,"href":"https:\/\/fifaa.ee\/en\/wp-json\/wp\/v2\/product_tag?post=27677"}],"curies":[{"name":"wp","href":"https:\/\/api.w.org\/{rel}","templated":true}]}}