{"id":27684,"date":"2025-01-28T15:48:22","date_gmt":"2025-01-28T13:48:22","guid":{"rendered":"https:\/\/fifaa.ee\/?post_type=product&#038;p=27684"},"modified":"2026-04-01T15:33:46","modified_gmt":"2026-04-01T12:33:46","slug":"vinga-baron-vasest-kastrul","status":"publish","type":"product","link":"https:\/\/fifaa.ee\/en\/product\/vinga-baron-vasest-kastrul\/","title":{"rendered":"VINGA Baron copper saucepan"},"content":{"rendered":"<p>Exclusive three-layer copper saucepan. The first layer is the outer surface of copper, the interior consists of an aluminum layer and a stainless steel layer, which make it easy to clean. The copper and aluminum layers conduct heat well, allowing the pot to heat up quickly and evenly. The bottom is reinforced with a thicker stainless steel plate, which allows it to be used on an induction stove. The saucepan has stainless steel handles that stay cooler during cooking. Suitable for all types of stoves, including induction stoves.<\/p>","protected":false},"excerpt":{"rendered":"<p>Eksklusiivne kolmekihiline vasest kastrul. Esimene kiht on v\u00e4lispind vasest, sisemus koosneb alumiiniumikihist ja roostevaba terase kihist, mis muudavad selle puhastamise lihtsaks.\u00a0Vase ja alumiiniumi kihid juhivad h\u00e4sti soojust, v\u00f5imaldades potil kiiresti ja \u00fchtlaselt kuumeneda. P\u00f5hi on tugevdatud paksema roostevabast terasest plaadiga, mis v\u00f5imaldab kasutada induktsioonpliidil. Kastrulil on roostevabast terasest k\u00e4epidemed, mis j\u00e4\u00e4vad k\u00fcpsetamise ajal jahedamaks. Sobib [&hellip;]<\/p>\n","protected":false},"featured_media":27716,"template":"","meta":{"_acf_changed":false},"product_brand":[],"product_cat":[213,568],"product_tag":[],"class_list":{"0":"post-27684","1":"product","2":"type-product","3":"status-publish","4":"has-post-thumbnail","6":"product_cat-kodu","7":"product_cat-koogitarbed","8":"pa_varv-pruun","10":"first","11":"instock","12":"taxable","13":"shipping-taxable","14":"purchasable","15":"product-type-variable","16":"has-default-attributes"},"acf":[],"_links":{"self":[{"href":"https:\/\/fifaa.ee\/en\/wp-json\/wp\/v2\/product\/27684","targetHints":{"allow":["GET"]}}],"collection":[{"href":"https:\/\/fifaa.ee\/en\/wp-json\/wp\/v2\/product"}],"about":[{"href":"https:\/\/fifaa.ee\/en\/wp-json\/wp\/v2\/types\/product"}],"wp:featuredmedia":[{"embeddable":true,"href":"https:\/\/fifaa.ee\/en\/wp-json\/wp\/v2\/media\/27716"}],"wp:attachment":[{"href":"https:\/\/fifaa.ee\/en\/wp-json\/wp\/v2\/media?parent=27684"}],"wp:term":[{"taxonomy":"product_brand","embeddable":true,"href":"https:\/\/fifaa.ee\/en\/wp-json\/wp\/v2\/product_brand?post=27684"},{"taxonomy":"product_cat","embeddable":true,"href":"https:\/\/fifaa.ee\/en\/wp-json\/wp\/v2\/product_cat?post=27684"},{"taxonomy":"product_tag","embeddable":true,"href":"https:\/\/fifaa.ee\/en\/wp-json\/wp\/v2\/product_tag?post=27684"}],"curies":[{"name":"wp","href":"https:\/\/api.w.org\/{rel}","templated":true}]}}