{"id":27723,"date":"2025-01-28T15:48:46","date_gmt":"2025-01-28T13:48:46","guid":{"rendered":"https:\/\/fifaa.ee\/?post_type=product&#038;p=27723"},"modified":"2026-04-01T15:34:26","modified_gmt":"2026-04-01T12:34:26","slug":"vinga-tome-grs-taaskasutatud-louendist-poll","status":"publish","type":"product","link":"https:\/\/fifaa.ee\/en\/product\/vinga-tome-grs-taaskasutatud-louendist-poll\/","title":{"rendered":"VINGA Tome GRS recycled canvas Apron"},"content":{"rendered":"<p>The apron is made from 87% verified recycled material. This stylish apron is a practical kitchen accessory with a beautiful design. The apron has a front pocket and a loop for hanging dishes or kitchen towels, so you have everything to hand while cooking. The apron has a soft and adjustable collar for added comfort. Made from GRS (Global Recycled Standard) certified recycled materials. GRS certification ensures a fully certified supply chain for recycled materials. The total recycled content is based on the total weight of the product. This product contains 87% recycled cotton\/polyester.<\/p>","protected":false},"excerpt":{"rendered":"<p>P\u00f5ll on valmistatud 87% kontrollitud taaskasutatud materjalist. See stiilne p\u00f5ll on praktiline imelise disainiga k\u00f6\u00f6gitarvik. P\u00f5llel on ees tasku ja aas n\u00f5ude v\u00f5i k\u00f6\u00f6gir\u00e4tikute riputamiseks, nii et teil on toiduvalmistamise ajal k\u00f5ik k\u00e4ep\u00e4rast. P\u00f5llel on mugavuse suurendamiseks pehme ja reguleeritav kaelarihm. Valmistatud GRS (Global Recycled Standard) sertifitseeritud taaskasutatud materjalidest. GRS-sertifikaat tagab taaskasutatud materjalide t\u00e4ielikult sertifitseeritud [&hellip;]<\/p>\n","protected":false},"featured_media":27744,"template":"","meta":{"_acf_changed":false},"product_brand":[],"product_cat":[213,568],"product_tag":[659],"class_list":{"0":"post-27723","1":"product","2":"type-product","3":"status-publish","4":"has-post-thumbnail","6":"product_cat-kodu","7":"product_cat-koogitarbed","8":"product_tag-more-colors","9":"pa_varv-must","10":"pa_varv-roheline","11":"pa_varv-sinine","13":"first","14":"instock","15":"taxable","16":"shipping-taxable","17":"purchasable","18":"product-type-variable","19":"has-default-attributes"},"acf":[],"_links":{"self":[{"href":"https:\/\/fifaa.ee\/en\/wp-json\/wp\/v2\/product\/27723","targetHints":{"allow":["GET"]}}],"collection":[{"href":"https:\/\/fifaa.ee\/en\/wp-json\/wp\/v2\/product"}],"about":[{"href":"https:\/\/fifaa.ee\/en\/wp-json\/wp\/v2\/types\/product"}],"wp:featuredmedia":[{"embeddable":true,"href":"https:\/\/fifaa.ee\/en\/wp-json\/wp\/v2\/media\/27744"}],"wp:attachment":[{"href":"https:\/\/fifaa.ee\/en\/wp-json\/wp\/v2\/media?parent=27723"}],"wp:term":[{"taxonomy":"product_brand","embeddable":true,"href":"https:\/\/fifaa.ee\/en\/wp-json\/wp\/v2\/product_brand?post=27723"},{"taxonomy":"product_cat","embeddable":true,"href":"https:\/\/fifaa.ee\/en\/wp-json\/wp\/v2\/product_cat?post=27723"},{"taxonomy":"product_tag","embeddable":true,"href":"https:\/\/fifaa.ee\/en\/wp-json\/wp\/v2\/product_tag?post=27723"}],"curies":[{"name":"wp","href":"https:\/\/api.w.org\/{rel}","templated":true}]}}