{"id":27773,"date":"2025-01-28T15:49:05","date_gmt":"2025-01-28T13:49:05","guid":{"rendered":"https:\/\/fifaa.ee\/?post_type=product&#038;p=27773"},"modified":"2026-04-01T15:35:33","modified_gmt":"2026-04-01T12:35:33","slug":"vinga-buscot-long-serving-board","status":"publish","type":"product","link":"https:\/\/fifaa.ee\/en\/product\/vinga-buscot-long-serving-board\/","title":{"rendered":"VINGA Buscot Long Serving Board"},"content":{"rendered":"<p>A sturdy and very comfortable cutting\/serving board that, thanks to its 75 cm length and 15 cm width, has a large enough surface area to be used for both cutting and serving. The board is made of FSC\u00ae-certified teak and has a beautiful golden to medium brown wood surface that darkens over time. The high oil content gives the board powerful protection against decay and keeps it in good condition for a long time.<\/p>","protected":false},"excerpt":{"rendered":"<p>Tugev ja v\u00e4ga mugav l\u00f5ike-\/serveerimislaud, mis t\u00e4nu oma 75 cm pikkusele ja 15 cm laiusele on piisavalt suure pinnaga, et seda saaks kasutada nii l\u00f5ikamiseks kui serveerimiseks. Plaat on valmistatud FSC\u00ae-sertifikaadiga tiikpuust ja sellel on ilus kuldne kuni keskpruun puitpind, mis aja jooksul tumeneb. K\u00f5rge \u00f5lisisaldus annab plaadile v\u00f5imsa kaitse lagunemise eest ja hoiab seda [&hellip;]<\/p>\n","protected":false},"featured_media":27792,"template":"","meta":{"_acf_changed":false},"product_brand":[],"product_cat":[213,568],"product_tag":[],"class_list":{"0":"post-27773","1":"product","2":"type-product","3":"status-publish","4":"has-post-thumbnail","6":"product_cat-kodu","7":"product_cat-koogitarbed","8":"pa_varv-pruun","10":"first","11":"instock","12":"taxable","13":"shipping-taxable","14":"purchasable","15":"product-type-variable","16":"has-default-attributes"},"acf":[],"_links":{"self":[{"href":"https:\/\/fifaa.ee\/en\/wp-json\/wp\/v2\/product\/27773","targetHints":{"allow":["GET"]}}],"collection":[{"href":"https:\/\/fifaa.ee\/en\/wp-json\/wp\/v2\/product"}],"about":[{"href":"https:\/\/fifaa.ee\/en\/wp-json\/wp\/v2\/types\/product"}],"wp:featuredmedia":[{"embeddable":true,"href":"https:\/\/fifaa.ee\/en\/wp-json\/wp\/v2\/media\/27792"}],"wp:attachment":[{"href":"https:\/\/fifaa.ee\/en\/wp-json\/wp\/v2\/media?parent=27773"}],"wp:term":[{"taxonomy":"product_brand","embeddable":true,"href":"https:\/\/fifaa.ee\/en\/wp-json\/wp\/v2\/product_brand?post=27773"},{"taxonomy":"product_cat","embeddable":true,"href":"https:\/\/fifaa.ee\/en\/wp-json\/wp\/v2\/product_cat?post=27773"},{"taxonomy":"product_tag","embeddable":true,"href":"https:\/\/fifaa.ee\/en\/wp-json\/wp\/v2\/product_tag?post=27773"}],"curies":[{"name":"wp","href":"https:\/\/api.w.org\/{rel}","templated":true}]}}