{"id":27814,"date":"2025-01-28T15:49:21","date_gmt":"2025-01-28T13:49:21","guid":{"rendered":"https:\/\/fifaa.ee\/?post_type=product&#038;p=27814"},"modified":"2026-04-01T15:35:33","modified_gmt":"2026-04-01T12:35:33","slug":"vinga-nomimono-serveerimiskomplekt","status":"publish","type":"product","link":"https:\/\/fifaa.ee\/en\/product\/vinga-nomimono-serveerimiskomplekt\/","title":{"rendered":"VINGA Nomimono serving set"},"content":{"rendered":"<p>Stoneware serving bowl with three small bowls. Endless possibilities: Tapas, dips or snacks. The serving bowl alone is perfect for serving salads or snacks. Nomimono draws inspiration from nature and the land around us, creating this rustic range in natural earth tones where no two pieces are the same. Japanese meets Scandinavian, rustic meets modern. Collectibles for rustic and inspiring serving. Each piece is handmade and unique. Each piece is glazed three times to achieve the right finish. Dishwasher and microwave safe.<\/p>","protected":false},"excerpt":{"rendered":"<p>Kivist serveerimisn\u00f5u kolme v\u00e4ikese kausiga. Piiramatud v\u00f5imalused: Tapad, dipikastmed v\u00f5i suupisted. Ainu\u00fcksi serveerimisn\u00f5u sobib suurep\u00e4raselt salatite v\u00f5i suupistete serveerimiseks. Nomimono ammutab inspiratsiooni loodusest ja meid \u00fcmbritsevast maast, luues selle maal\u00e4hedase vahemiku looduslikes maatoonides, kus pole kahte \u00fchesugust eset.\u00a0Jaapan kohtub skandinaavia omaga, maal\u00e4hedane modernsega.\u00a0Kogumisobjektid maal\u00e4hedaseks ja inspireerivaks serveerimiseks.\u00a0Iga ese on k\u00e4sitsi valmistatud ja ainulaadne.\u00a0\u00d5ige viimistluse saamiseks [&hellip;]<\/p>\n","protected":false},"featured_media":27825,"template":"","meta":{"_acf_changed":false},"product_brand":[],"product_cat":[213,568],"product_tag":[659],"class_list":{"0":"post-27814","1":"product","2":"type-product","3":"status-publish","4":"has-post-thumbnail","6":"product_cat-kodu","7":"product_cat-koogitarbed","8":"product_tag-more-colors","9":"pa_varv-beez","10":"pa_varv-must","12":"first","13":"instock","14":"taxable","15":"shipping-taxable","16":"purchasable","17":"product-type-variable","18":"has-default-attributes"},"acf":[],"_links":{"self":[{"href":"https:\/\/fifaa.ee\/en\/wp-json\/wp\/v2\/product\/27814","targetHints":{"allow":["GET"]}}],"collection":[{"href":"https:\/\/fifaa.ee\/en\/wp-json\/wp\/v2\/product"}],"about":[{"href":"https:\/\/fifaa.ee\/en\/wp-json\/wp\/v2\/types\/product"}],"wp:featuredmedia":[{"embeddable":true,"href":"https:\/\/fifaa.ee\/en\/wp-json\/wp\/v2\/media\/27825"}],"wp:attachment":[{"href":"https:\/\/fifaa.ee\/en\/wp-json\/wp\/v2\/media?parent=27814"}],"wp:term":[{"taxonomy":"product_brand","embeddable":true,"href":"https:\/\/fifaa.ee\/en\/wp-json\/wp\/v2\/product_brand?post=27814"},{"taxonomy":"product_cat","embeddable":true,"href":"https:\/\/fifaa.ee\/en\/wp-json\/wp\/v2\/product_cat?post=27814"},{"taxonomy":"product_tag","embeddable":true,"href":"https:\/\/fifaa.ee\/en\/wp-json\/wp\/v2\/product_tag?post=27814"}],"curies":[{"name":"wp","href":"https:\/\/api.w.org\/{rel}","templated":true}]}}