{"id":27818,"date":"2025-01-28T15:49:22","date_gmt":"2025-01-28T13:49:22","guid":{"rendered":"https:\/\/fifaa.ee\/?post_type=product&#038;p=27818"},"modified":"2026-04-01T15:35:55","modified_gmt":"2026-04-01T12:35:55","slug":"vinga-nomimono-taldrik-20-cm-2-tk-komplekt","status":"publish","type":"product","link":"https:\/\/fifaa.ee\/en\/product\/vinga-nomimono-taldrik-20-cm-2-tk-komplekt\/","title":{"rendered":"VINGA Nomimono plate 20 cm, 2 pcs set"},"content":{"rendered":"<p>Set of two stoneware plates. Nomimono draws inspiration from nature and the land around us, creating this rustic range in natural earth tones where no two pieces are the same. Japanese meets Scandinavian, rustic meets modern. Collectibles for rustic and inspiring serving. Each piece is handmade and unique. Each piece is glazed three times to achieve the right finish. Dishwasher safe.<\/p>","protected":false},"excerpt":{"rendered":"<p>Komplekt kahest kivist plaadist. Nomimono ammutab inspiratsiooni loodusest ja meid \u00fcmbritsevast maast, luues selle maal\u00e4hedase vahemiku looduslikes maatoonides, kus pole kahte \u00fchesugust eset.\u00a0Jaapan kohtub skandinaavia omaga, maal\u00e4hedane modernsega.\u00a0Kogumisobjektid maal\u00e4hedaseks ja inspireerivaks serveerimiseks.\u00a0Iga ese on k\u00e4sitsi valmistatud ja ainulaadne.\u00a0\u00d5ige viimistluse saamiseks glasuuritakse iga ese kolm korda. N\u00f5udepesumasinas pestav.<\/p>","protected":false},"featured_media":27839,"template":"","meta":{"_acf_changed":false},"product_brand":[],"product_cat":[213,568],"product_tag":[659],"class_list":{"0":"post-27818","1":"product","2":"type-product","3":"status-publish","4":"has-post-thumbnail","6":"product_cat-kodu","7":"product_cat-koogitarbed","8":"product_tag-more-colors","9":"pa_varv-beez","10":"pa_varv-must","12":"first","13":"instock","14":"taxable","15":"shipping-taxable","16":"purchasable","17":"product-type-variable","18":"has-default-attributes"},"acf":[],"_links":{"self":[{"href":"https:\/\/fifaa.ee\/en\/wp-json\/wp\/v2\/product\/27818","targetHints":{"allow":["GET"]}}],"collection":[{"href":"https:\/\/fifaa.ee\/en\/wp-json\/wp\/v2\/product"}],"about":[{"href":"https:\/\/fifaa.ee\/en\/wp-json\/wp\/v2\/types\/product"}],"wp:featuredmedia":[{"embeddable":true,"href":"https:\/\/fifaa.ee\/en\/wp-json\/wp\/v2\/media\/27839"}],"wp:attachment":[{"href":"https:\/\/fifaa.ee\/en\/wp-json\/wp\/v2\/media?parent=27818"}],"wp:term":[{"taxonomy":"product_brand","embeddable":true,"href":"https:\/\/fifaa.ee\/en\/wp-json\/wp\/v2\/product_brand?post=27818"},{"taxonomy":"product_cat","embeddable":true,"href":"https:\/\/fifaa.ee\/en\/wp-json\/wp\/v2\/product_cat?post=27818"},{"taxonomy":"product_tag","embeddable":true,"href":"https:\/\/fifaa.ee\/en\/wp-json\/wp\/v2\/product_tag?post=27818"}],"curies":[{"name":"wp","href":"https:\/\/api.w.org\/{rel}","templated":true}]}}