{"id":27820,"date":"2025-01-28T15:49:22","date_gmt":"2025-01-28T13:49:22","guid":{"rendered":"https:\/\/fifaa.ee\/?post_type=product&#038;p=27820"},"modified":"2026-04-01T15:36:16","modified_gmt":"2026-04-01T12:36:16","slug":"vinga-nomimono-kauss-155-cm-2tk-komplekt","status":"publish","type":"product","link":"https:\/\/fifaa.ee\/en\/product\/vinga-nomimono-kauss-155-cm-2tk-komplekt\/","title":{"rendered":"VINGA Nomimono bowl 15.5 cm, 2 pcs set"},"content":{"rendered":"<p>Set of two small bowls. Japanese meets Scandinavian, rustic meets modern. Nomimono draws inspiration from nature and the land around us, creating this rustic range in natural earth tones, where no two pieces are the same. Each piece is handmade stoneware, glazed three times to achieve the right finish. This makes each piece unique, which is also a big part of Nomimono&#039;s charm. Collectibles for rustic and inspiring serving.<\/p>","protected":false},"excerpt":{"rendered":"<p>Komplekt kahest v\u00e4ikesest kaussist. Jaapan kohtub skandinaavia omaga, maal\u00e4hedane modernsega. Nomimono ammutab inspiratsiooni loodusest ja meid \u00fcmbritsevast maast, luues selle maal\u00e4hedase vahemiku looduslikes maatoonides, kus pole kahte \u00fchesugust eset. Iga toode on k\u00e4sitsi valmistatud kivikeraamika, mida on kolm korda glasuuritud \u00f5ige viimistluse saavutamiseks. See muudab iga toote ainulaadseks, mis on ka suur osa Nomimono v\u00f5lust. [&hellip;]<\/p>\n","protected":false},"featured_media":27847,"template":"","meta":{"_acf_changed":false},"product_brand":[],"product_cat":[213,568],"product_tag":[659],"class_list":{"0":"post-27820","1":"product","2":"type-product","3":"status-publish","4":"has-post-thumbnail","6":"product_cat-kodu","7":"product_cat-koogitarbed","8":"product_tag-more-colors","9":"pa_varv-beez","10":"pa_varv-must","12":"first","13":"instock","14":"taxable","15":"shipping-taxable","16":"purchasable","17":"product-type-variable","18":"has-default-attributes"},"acf":[],"_links":{"self":[{"href":"https:\/\/fifaa.ee\/en\/wp-json\/wp\/v2\/product\/27820","targetHints":{"allow":["GET"]}}],"collection":[{"href":"https:\/\/fifaa.ee\/en\/wp-json\/wp\/v2\/product"}],"about":[{"href":"https:\/\/fifaa.ee\/en\/wp-json\/wp\/v2\/types\/product"}],"wp:featuredmedia":[{"embeddable":true,"href":"https:\/\/fifaa.ee\/en\/wp-json\/wp\/v2\/media\/27847"}],"wp:attachment":[{"href":"https:\/\/fifaa.ee\/en\/wp-json\/wp\/v2\/media?parent=27820"}],"wp:term":[{"taxonomy":"product_brand","embeddable":true,"href":"https:\/\/fifaa.ee\/en\/wp-json\/wp\/v2\/product_brand?post=27820"},{"taxonomy":"product_cat","embeddable":true,"href":"https:\/\/fifaa.ee\/en\/wp-json\/wp\/v2\/product_cat?post=27820"},{"taxonomy":"product_tag","embeddable":true,"href":"https:\/\/fifaa.ee\/en\/wp-json\/wp\/v2\/product_tag?post=27820"}],"curies":[{"name":"wp","href":"https:\/\/api.w.org\/{rel}","templated":true}]}}