{"id":27823,"date":"2025-01-28T15:49:22","date_gmt":"2025-01-28T13:49:22","guid":{"rendered":"https:\/\/fifaa.ee\/?post_type=product&#038;p=27823"},"modified":"2026-04-01T15:36:16","modified_gmt":"2026-04-01T12:36:16","slug":"vinga-lamba-grs-taaskasutatud-pet-kuhjatekk","status":"publish","type":"product","link":"https:\/\/fifaa.ee\/en\/product\/vinga-lamba-grs-taaskasutatud-pet-kuhjatekk\/","title":{"rendered":"VINGA Sheep GRS recycled PET pile blanket"},"content":{"rendered":"<p>Soft and fluffy throw in high-quality sherpa 500 gsm. The throw is made from 70% recycled material from PET bottles. Printed with a sheep pattern designed by Bj\u00f6rkforth Rotor and an attractive grey sherpa underside. We don&#039;t like to transport by air, so we decided to vacuum pack this rug to reduce our carbon footprint. OEKO-TEX Standard 100 means that the fabrics used meet several product safety criteria. GRS (Global Recycled Standard) certified GRS certification ensures a fully certified supply chain for recycled materials. The total recycled content is based on the total weight of the product. This product contains 70% GRS certified recycled PET.<\/p>","protected":false},"excerpt":{"rendered":"<p>Pehme ja kohev pleed kvaliteetsest \u0161erpast 500 gsm. Pleed on valmistatud 70% ulatuses PET-pudelitest taaskasutatud materjalist. Tr\u00fckitud Bj\u00f6rkforth Rotori kujundatud lambamustriga ja atraktiivse halli sherpa alak\u00fcljega. Meile ei meeldi \u00f5hku transportida, seet\u00f5ttu otsustasime selle vaiba pakkida vaakumpaki, et v\u00e4hendada oma s\u00fcsiniku jalaj\u00e4lge. OEKO-TEX Standard 100 t\u00e4hendab, et kasutatud kangad vastavad mitmele tooteohutuse kriteeriumile. GRS-i (Global [&hellip;]<\/p>\n","protected":false},"featured_media":27859,"template":"","meta":{"_acf_changed":false},"product_brand":[],"product_cat":[213,630],"product_tag":[],"class_list":{"0":"post-27823","1":"product","2":"type-product","3":"status-publish","4":"has-post-thumbnail","6":"product_cat-kodu","7":"product_cat-sisustustooted-ja-aksessuaarid-kodu","8":"pa_varv-valge-new","10":"first","11":"instock","12":"taxable","13":"shipping-taxable","14":"purchasable","15":"product-type-variable","16":"has-default-attributes"},"acf":[],"_links":{"self":[{"href":"https:\/\/fifaa.ee\/en\/wp-json\/wp\/v2\/product\/27823","targetHints":{"allow":["GET"]}}],"collection":[{"href":"https:\/\/fifaa.ee\/en\/wp-json\/wp\/v2\/product"}],"about":[{"href":"https:\/\/fifaa.ee\/en\/wp-json\/wp\/v2\/types\/product"}],"wp:featuredmedia":[{"embeddable":true,"href":"https:\/\/fifaa.ee\/en\/wp-json\/wp\/v2\/media\/27859"}],"wp:attachment":[{"href":"https:\/\/fifaa.ee\/en\/wp-json\/wp\/v2\/media?parent=27823"}],"wp:term":[{"taxonomy":"product_brand","embeddable":true,"href":"https:\/\/fifaa.ee\/en\/wp-json\/wp\/v2\/product_brand?post=27823"},{"taxonomy":"product_cat","embeddable":true,"href":"https:\/\/fifaa.ee\/en\/wp-json\/wp\/v2\/product_cat?post=27823"},{"taxonomy":"product_tag","embeddable":true,"href":"https:\/\/fifaa.ee\/en\/wp-json\/wp\/v2\/product_tag?post=27823"}],"curies":[{"name":"wp","href":"https:\/\/api.w.org\/{rel}","templated":true}]}}