{"id":27864,"date":"2025-01-28T15:49:49","date_gmt":"2025-01-28T13:49:49","guid":{"rendered":"https:\/\/fifaa.ee\/?post_type=product&#038;p=27864"},"modified":"2026-04-01T15:36:40","modified_gmt":"2026-04-01T12:36:40","slug":"vinga-louis-luksuslik-pluusist-rpet-ruu-suurus-l-xl","status":"publish","type":"product","link":"https:\/\/fifaa.ee\/en\/product\/vinga-louis-luksuslik-pluusist-rpet-ruu-suurus-l-xl\/","title":{"rendered":"VINGA Louis luxury plush RPET robe size L-XL"},"content":{"rendered":"<p>Soft and cozy luxurious plush bathrobe with a large hood and decorative piping. Two front pockets and a waistband. The robe is made from 70% recycled material from PET bottles. We don&#039;t like to transport by air, so we decided to vacuum pack this bathrobe to reduce our carbon footprint. OEKO-TEX Standard 100 means that the bathrobe&#039;s material meets several product safety criteria. The GRS certification, produced by GRS (Global Claim Standard), ensures that the entire recycled material supply chain is certified. The total recycled content is based on the total weight of the product. Size L\/XL<\/p>","protected":false},"excerpt":{"rendered":"<p>Pehme ja hubane luksuslikust pl\u00fc\u00fcsmaterjalist hommikumantel suure kapuutsi ja dekoratiivse torustikuga. Kaks esitaskut ja v\u00f6\u00f6rihm. R\u00fc\u00fc on valmistatud 70% ulatuses PET-pudelitest taaskasutatud materjalist. Meile ei meeldi \u00f5hku transportida, seet\u00f5ttu otsustasime selle hommikumantli pakkida vaakumpaki, et v\u00e4hendada s\u00fcsiniku jalaj\u00e4lge. OEKO-TEX Standard 100 t\u00e4hendab, et hommikumantli materjal vastab mitmele tooteohutuse kriteeriumile. GRS-i (Global Claim Standard) poolt toodetud [&hellip;]<\/p>\n","protected":false},"featured_media":27879,"template":"","meta":{"_acf_changed":false},"product_brand":[],"product_cat":[213,277],"product_tag":[659],"class_list":{"0":"post-27864","1":"product","2":"type-product","3":"status-publish","4":"has-post-thumbnail","6":"product_cat-kodu","7":"product_cat-ratik","8":"product_tag-more-colors","9":"pa_varv-hall","10":"pa_varv-roheline","11":"pa_varv-sinine","13":"first","14":"instock","15":"taxable","16":"shipping-taxable","17":"purchasable","18":"product-type-variable","19":"has-default-attributes"},"acf":[],"_links":{"self":[{"href":"https:\/\/fifaa.ee\/en\/wp-json\/wp\/v2\/product\/27864","targetHints":{"allow":["GET"]}}],"collection":[{"href":"https:\/\/fifaa.ee\/en\/wp-json\/wp\/v2\/product"}],"about":[{"href":"https:\/\/fifaa.ee\/en\/wp-json\/wp\/v2\/types\/product"}],"wp:featuredmedia":[{"embeddable":true,"href":"https:\/\/fifaa.ee\/en\/wp-json\/wp\/v2\/media\/27879"}],"wp:attachment":[{"href":"https:\/\/fifaa.ee\/en\/wp-json\/wp\/v2\/media?parent=27864"}],"wp:term":[{"taxonomy":"product_brand","embeddable":true,"href":"https:\/\/fifaa.ee\/en\/wp-json\/wp\/v2\/product_brand?post=27864"},{"taxonomy":"product_cat","embeddable":true,"href":"https:\/\/fifaa.ee\/en\/wp-json\/wp\/v2\/product_cat?post=27864"},{"taxonomy":"product_tag","embeddable":true,"href":"https:\/\/fifaa.ee\/en\/wp-json\/wp\/v2\/product_tag?post=27864"}],"curies":[{"name":"wp","href":"https:\/\/api.w.org\/{rel}","templated":true}]}}