{"id":27865,"date":"2025-01-28T15:49:49","date_gmt":"2025-01-28T13:49:49","guid":{"rendered":"https:\/\/fifaa.ee\/?post_type=product&#038;p=27865"},"modified":"2026-04-01T15:37:03","modified_gmt":"2026-04-01T12:37:03","slug":"vinga-baltimore-seljakott","status":"publish","type":"product","link":"https:\/\/fifaa.ee\/en\/product\/vinga-baltimore-seljakott\/","title":{"rendered":"VINGA Baltimore Backpack"},"content":{"rendered":"<p>A minimalist and clean backpack that is suitable for any occasion. The backpack is made of PU material and has adjustable straps for optimal comfort. The backpack is also equipped with a zippered pocket on one side and a hidden pocket on the back so you can easily turn around without worrying about your valuables. Works equally well as a work or school bag. Fits computers with an overall size of 17 inches. Please note that the dimensions of the display are not the same as the dimensions of the entire computer.<\/p>","protected":false},"excerpt":{"rendered":"<p>Minimalistlik ja puhas seljakott, mis sobib igaks elujuhtumiks. Seljakott on valmistatud PU-materjalist ja sellel on reguleeritavad rihmad optimaalse mugavuse tagamiseks. Seljakott on varustatud ka t\u00f5mblukuga taskuga \u00fchel k\u00fcljel ja peidetud taskuga tagak\u00fcljel, et saaksite lihtsalt selja keerata, ilma oma v\u00e4\u00e4rtasjade p\u00e4rast muretsemata. T\u00f6\u00f6tab \u00fchtviisi h\u00e4sti t\u00f6\u00f6- ja koolikotina. Sobib arvutitele, mille \u00fcldm\u00f5\u00f5t on 17 tolli. [&hellip;]<\/p>\n","protected":false},"featured_media":27885,"template":"","meta":{"_acf_changed":false},"product_brand":[],"product_cat":[232,626],"product_tag":[659],"class_list":{"0":"post-27865","1":"product","2":"type-product","3":"status-publish","4":"has-post-thumbnail","6":"product_cat-kotid","7":"product_cat-sulearvutikott","8":"product_tag-more-colors","9":"pa_varv-must","10":"pa_varv-roheline","11":"pa_varv-sinine","13":"first","14":"instock","15":"taxable","16":"shipping-taxable","17":"purchasable","18":"product-type-variable","19":"has-default-attributes"},"acf":[],"_links":{"self":[{"href":"https:\/\/fifaa.ee\/en\/wp-json\/wp\/v2\/product\/27865","targetHints":{"allow":["GET"]}}],"collection":[{"href":"https:\/\/fifaa.ee\/en\/wp-json\/wp\/v2\/product"}],"about":[{"href":"https:\/\/fifaa.ee\/en\/wp-json\/wp\/v2\/types\/product"}],"wp:featuredmedia":[{"embeddable":true,"href":"https:\/\/fifaa.ee\/en\/wp-json\/wp\/v2\/media\/27885"}],"wp:attachment":[{"href":"https:\/\/fifaa.ee\/en\/wp-json\/wp\/v2\/media?parent=27865"}],"wp:term":[{"taxonomy":"product_brand","embeddable":true,"href":"https:\/\/fifaa.ee\/en\/wp-json\/wp\/v2\/product_brand?post=27865"},{"taxonomy":"product_cat","embeddable":true,"href":"https:\/\/fifaa.ee\/en\/wp-json\/wp\/v2\/product_cat?post=27865"},{"taxonomy":"product_tag","embeddable":true,"href":"https:\/\/fifaa.ee\/en\/wp-json\/wp\/v2\/product_tag?post=27865"}],"curies":[{"name":"wp","href":"https:\/\/api.w.org\/{rel}","templated":true}]}}