{"id":27866,"date":"2025-01-28T15:49:49","date_gmt":"2025-01-28T13:49:49","guid":{"rendered":"https:\/\/fifaa.ee\/?post_type=product&#038;p=27866"},"modified":"2026-04-01T15:37:33","modified_gmt":"2026-04-01T12:37:33","slug":"vinga-baltimore-weekendbag","status":"publish","type":"product","link":"https:\/\/fifaa.ee\/en\/product\/vinga-baltimore-weekendbag\/","title":{"rendered":"VINGA Baltimore Weekendbag"},"content":{"rendered":"<p>This spacious weekend bag over your shoulder will make you stand out, as it is both stylish and minimalist. The bag has an adjustable strap so you can travel comfortably, whether it is for work or leisure. For better organization, the bag is equipped with a zippered pocket on one side and a small buttoned pocket on the other. Made of nubuck PU material, which gives the bag water-repellent properties.<\/p>","protected":false},"excerpt":{"rendered":"<p>Selle mahuka n\u00e4dalavahetuse kotiga \u00fcle \u00f5la ei j\u00e4\u00e4 sa m\u00e4rkamatuks, kuna see on \u00fchtaegu stiilne ja minimalistlik. Kotil on reguleeritav rihm, et saaksid mugavalt reisida olenemata sellest, kas tegemist on t\u00f6\u00f6- v\u00f5i puhkusereisiga. Parema organiseerimisv\u00f5ime tagamiseks on kott varustatud \u00fchel k\u00fcljel lukuga taskuga ja teisel v\u00e4ikese nupuga taskuga. Valmistatud nubukist PU-materjalist, mis annab kotile vetth\u00fclgavad [&hellip;]<\/p>\n","protected":false},"featured_media":27893,"template":"","meta":{"_acf_changed":false},"product_brand":[],"product_cat":[232,645],"product_tag":[659],"class_list":{"0":"post-27866","1":"product","2":"type-product","3":"status-publish","4":"has-post-thumbnail","6":"product_cat-kotid","7":"product_cat-spordikott","8":"product_tag-more-colors","9":"pa_varv-must","10":"pa_varv-roheline","11":"pa_varv-sinine","13":"first","14":"instock","15":"taxable","16":"shipping-taxable","17":"purchasable","18":"product-type-variable","19":"has-default-attributes"},"acf":[],"_links":{"self":[{"href":"https:\/\/fifaa.ee\/en\/wp-json\/wp\/v2\/product\/27866","targetHints":{"allow":["GET"]}}],"collection":[{"href":"https:\/\/fifaa.ee\/en\/wp-json\/wp\/v2\/product"}],"about":[{"href":"https:\/\/fifaa.ee\/en\/wp-json\/wp\/v2\/types\/product"}],"wp:featuredmedia":[{"embeddable":true,"href":"https:\/\/fifaa.ee\/en\/wp-json\/wp\/v2\/media\/27893"}],"wp:attachment":[{"href":"https:\/\/fifaa.ee\/en\/wp-json\/wp\/v2\/media?parent=27866"}],"wp:term":[{"taxonomy":"product_brand","embeddable":true,"href":"https:\/\/fifaa.ee\/en\/wp-json\/wp\/v2\/product_brand?post=27866"},{"taxonomy":"product_cat","embeddable":true,"href":"https:\/\/fifaa.ee\/en\/wp-json\/wp\/v2\/product_cat?post=27866"},{"taxonomy":"product_tag","embeddable":true,"href":"https:\/\/fifaa.ee\/en\/wp-json\/wp\/v2\/product_tag?post=27866"}],"curies":[{"name":"wp","href":"https:\/\/api.w.org\/{rel}","templated":true}]}}