{"id":27867,"date":"2025-01-28T15:49:49","date_gmt":"2025-01-28T13:49:49","guid":{"rendered":"https:\/\/fifaa.ee\/?post_type=product&#038;p=27867"},"modified":"2026-04-01T15:37:57","modified_gmt":"2026-04-01T12:37:57","slug":"vinga-baltimore-reisiseljakott","status":"publish","type":"product","link":"https:\/\/fifaa.ee\/en\/product\/vinga-baltimore-reisiseljakott\/","title":{"rendered":"AWESOME Baltimore Travel Backpack"},"content":{"rendered":"<p>This backpack has a minimalist and modern design and handy organization options that ensure you can make full use of all its space. There is a padded computer compartment and a hidden pocket on the back to keep your valuables safe. The backpack&#039;s handy size, adjustable straps and well-thought-out compartments allow you to easily carry everything you need on the go. The ideal companion for short trips or overnight stays. Made of PU, which gives the bag water-repellent properties. Fits computers with an overall size of 17 inches. Please note that the dimensions of the display are not the same as the dimensions of the entire computer.<\/p>","protected":false},"excerpt":{"rendered":"<p>See seljakott on minimalistliku ja kaasaegse disainiga ning sellel on k\u00e4ep\u00e4rased organiseerimisv\u00f5imalused, mis tagavad, et saate kogu selle ruumi t\u00e4ielikult \u00e4ra kasutada. V\u00e4\u00e4rtusesemete turvaliseks hoiustamiseks on tagak\u00fcljel polsterdatud sahtel arvuti jaoks ja peidetud tasku. Seljakoti k\u00e4ep\u00e4rane suurus, reguleeritavad rihmad ja h\u00e4sti l\u00e4bim\u00f5eldud lahtrid v\u00f5imaldavad teil h\u00f5lpsalt kaasas kanda k\u00f5ike, mida vajate liikvel olles. Ideaalne kaaslane [&hellip;]<\/p>\n","protected":false},"featured_media":27901,"template":"","meta":{"_acf_changed":false},"product_brand":[],"product_cat":[232,626],"product_tag":[659],"class_list":{"0":"post-27867","1":"product","2":"type-product","3":"status-publish","4":"has-post-thumbnail","6":"product_cat-kotid","7":"product_cat-sulearvutikott","8":"product_tag-more-colors","9":"pa_varv-must","10":"pa_varv-roheline","11":"pa_varv-sinine","13":"first","14":"instock","15":"taxable","16":"shipping-taxable","17":"purchasable","18":"product-type-variable","19":"has-default-attributes"},"acf":[],"_links":{"self":[{"href":"https:\/\/fifaa.ee\/en\/wp-json\/wp\/v2\/product\/27867","targetHints":{"allow":["GET"]}}],"collection":[{"href":"https:\/\/fifaa.ee\/en\/wp-json\/wp\/v2\/product"}],"about":[{"href":"https:\/\/fifaa.ee\/en\/wp-json\/wp\/v2\/types\/product"}],"wp:featuredmedia":[{"embeddable":true,"href":"https:\/\/fifaa.ee\/en\/wp-json\/wp\/v2\/media\/27901"}],"wp:attachment":[{"href":"https:\/\/fifaa.ee\/en\/wp-json\/wp\/v2\/media?parent=27867"}],"wp:term":[{"taxonomy":"product_brand","embeddable":true,"href":"https:\/\/fifaa.ee\/en\/wp-json\/wp\/v2\/product_brand?post=27867"},{"taxonomy":"product_cat","embeddable":true,"href":"https:\/\/fifaa.ee\/en\/wp-json\/wp\/v2\/product_cat?post=27867"},{"taxonomy":"product_tag","embeddable":true,"href":"https:\/\/fifaa.ee\/en\/wp-json\/wp\/v2\/product_tag?post=27867"}],"curies":[{"name":"wp","href":"https:\/\/api.w.org\/{rel}","templated":true}]}}