{"id":27909,"date":"2025-01-28T15:50:09","date_gmt":"2025-01-28T13:50:09","guid":{"rendered":"https:\/\/fifaa.ee\/?post_type=product&#038;p=27909"},"modified":"2026-04-01T15:38:44","modified_gmt":"2026-04-01T12:38:44","slug":"vinga-baltimore-arvutikott","status":"publish","type":"product","link":"https:\/\/fifaa.ee\/en\/product\/vinga-baltimore-arvutikott\/","title":{"rendered":"VINGA Baltimore Computer Bag"},"content":{"rendered":"<p>A computer bag with a modern and clean design. Function and form come together, in addition to the usual computer pocket, this bag also has space for pens, documents and other things. The bag is made of water-repellent material, with both a shoulder strap and carrying handles. It also has an attached strap on the back, so it is suitable for traveling with your trolley. Suitable for computers with an overall size of 17 inches. Please note that the dimensions of the display are not the same as the dimensions of the entire computer.<\/p>","protected":false},"excerpt":{"rendered":"<p>Moodsa ja puhta disainiga arvutikott. Funktsioonid ja vorm saavad kokku, lisaks tavalisele arvutitaskule on selles kotis koht ka pastakatele, dokumentidele ja muudele asjadele. Kott on valmistatud vetth\u00fclgavast materjalist, nii \u00f5larihma kui ka kandesangadega. Selle tagak\u00fcljel on ka kinnitatud rihm, nii et see sobib reisimisel teie k\u00e4ruga.Sobib arvutitele, mille \u00fcldsuurus on 17 tolli. Pange t\u00e4hele, et [&hellip;]<\/p>\n","protected":false},"featured_media":27923,"template":"","meta":{"_acf_changed":false},"product_brand":[],"product_cat":[232,626],"product_tag":[659],"class_list":{"0":"post-27909","1":"product","2":"type-product","3":"status-publish","4":"has-post-thumbnail","6":"product_cat-kotid","7":"product_cat-sulearvutikott","8":"product_tag-more-colors","9":"pa_varv-must","10":"pa_varv-roheline","11":"pa_varv-sinine","13":"first","14":"instock","15":"taxable","16":"shipping-taxable","17":"purchasable","18":"product-type-variable","19":"has-default-attributes"},"acf":[],"_links":{"self":[{"href":"https:\/\/fifaa.ee\/en\/wp-json\/wp\/v2\/product\/27909","targetHints":{"allow":["GET"]}}],"collection":[{"href":"https:\/\/fifaa.ee\/en\/wp-json\/wp\/v2\/product"}],"about":[{"href":"https:\/\/fifaa.ee\/en\/wp-json\/wp\/v2\/types\/product"}],"wp:featuredmedia":[{"embeddable":true,"href":"https:\/\/fifaa.ee\/en\/wp-json\/wp\/v2\/media\/27923"}],"wp:attachment":[{"href":"https:\/\/fifaa.ee\/en\/wp-json\/wp\/v2\/media?parent=27909"}],"wp:term":[{"taxonomy":"product_brand","embeddable":true,"href":"https:\/\/fifaa.ee\/en\/wp-json\/wp\/v2\/product_brand?post=27909"},{"taxonomy":"product_cat","embeddable":true,"href":"https:\/\/fifaa.ee\/en\/wp-json\/wp\/v2\/product_cat?post=27909"},{"taxonomy":"product_tag","embeddable":true,"href":"https:\/\/fifaa.ee\/en\/wp-json\/wp\/v2\/product_tag?post=27909"}],"curies":[{"name":"wp","href":"https:\/\/api.w.org\/{rel}","templated":true}]}}