{"id":27958,"date":"2025-01-28T15:50:30","date_gmt":"2025-01-28T13:50:30","guid":{"rendered":"https:\/\/fifaa.ee\/?post_type=product&#038;p=27958"},"modified":"2026-04-01T15:39:30","modified_gmt":"2026-04-01T12:39:30","slug":"vinga-baltimore-kontorikott","status":"publish","type":"product","link":"https:\/\/fifaa.ee\/en\/product\/vinga-baltimore-kontorikott\/","title":{"rendered":"VINGA Baltimore office tote"},"content":{"rendered":"<p>This stylish bag is made of lightweight, water-repellent nubuck PU fabric with an elegant matte exterior and a lightweight synthetic fabric interior. The ideal tote bag for school, work or walking around the city. With a classic and timeless design, the bag is versatile. The padded compartment is a safe and comfortable way to carry your laptop. In addition to the computer storage space, the bag has several internal pockets for pens, documents and more. Suitable for computers with an overall size of 17 inches. Please note that the dimensions of the display are not the same as the dimensions of the entire computer.<\/p>","protected":false},"excerpt":{"rendered":"<p>See stiilne kott on valmistatud kergest, vetth\u00fclgavast nubukk-PU-kangast, millel on elegantne matt v\u00e4lispind ja kerge s\u00fcnteetilisest riidest sisemus. Ideaalne kandekott kooli, t\u00f6\u00f6le v\u00f5i linnas jalutamiseks. Klassikalise ja ajatu disainiga kott on universaalne. Polsterdatud sahtel on turvaline ja mugav viis s\u00fclearvuti kaasaskandmiseks. Lisaks arvuti hoiukohale on kotil mitu sisetaskut pastaka, dokumentide ja muu jaoks. Sobib arvutitele, [&hellip;]<\/p>\n","protected":false},"featured_media":27969,"template":"","meta":{"_acf_changed":false},"product_brand":[],"product_cat":[232,626],"product_tag":[],"class_list":{"0":"post-27958","1":"product","2":"type-product","3":"status-publish","4":"has-post-thumbnail","6":"product_cat-kotid","7":"product_cat-sulearvutikott","8":"pa_varv-must","10":"first","11":"instock","12":"taxable","13":"shipping-taxable","14":"purchasable","15":"product-type-variable","16":"has-default-attributes"},"acf":[],"_links":{"self":[{"href":"https:\/\/fifaa.ee\/en\/wp-json\/wp\/v2\/product\/27958","targetHints":{"allow":["GET"]}}],"collection":[{"href":"https:\/\/fifaa.ee\/en\/wp-json\/wp\/v2\/product"}],"about":[{"href":"https:\/\/fifaa.ee\/en\/wp-json\/wp\/v2\/types\/product"}],"wp:featuredmedia":[{"embeddable":true,"href":"https:\/\/fifaa.ee\/en\/wp-json\/wp\/v2\/media\/27969"}],"wp:attachment":[{"href":"https:\/\/fifaa.ee\/en\/wp-json\/wp\/v2\/media?parent=27958"}],"wp:term":[{"taxonomy":"product_brand","embeddable":true,"href":"https:\/\/fifaa.ee\/en\/wp-json\/wp\/v2\/product_brand?post=27958"},{"taxonomy":"product_cat","embeddable":true,"href":"https:\/\/fifaa.ee\/en\/wp-json\/wp\/v2\/product_cat?post=27958"},{"taxonomy":"product_tag","embeddable":true,"href":"https:\/\/fifaa.ee\/en\/wp-json\/wp\/v2\/product_tag?post=27958"}],"curies":[{"name":"wp","href":"https:\/\/api.w.org\/{rel}","templated":true}]}}