{"id":27961,"date":"2025-01-28T15:50:30","date_gmt":"2025-01-28T13:50:30","guid":{"rendered":"https:\/\/fifaa.ee\/?post_type=product&#038;p=27961"},"modified":"2026-04-01T15:40:21","modified_gmt":"2026-04-01T12:40:21","slug":"vinga-baltimore-hubriid-kontorikott","status":"publish","type":"product","link":"https:\/\/fifaa.ee\/en\/product\/vinga-baltimore-hubriid-kontorikott\/","title":{"rendered":"VINGA Baltimore hybrid office bag"},"content":{"rendered":"<p>A bag for the modern office life. Made of lightweight, water-repellent nubuck PU fabric with an elegant matte exterior and a lightweight synthetic fabric interior. Specially designed to hold all your office supplies so you can easily switch between working at home and on the go. This bag has a padded compartment to carry your laptop safely and comfortably. In addition to storing your laptop, it has several external pockets with space for cables, adapters and other essentials. The bag also has an adjustable shoulder strap. Fits computers with an overall size of 17 inches. Please note that the dimensions of the display are not the same as the dimensions of the entire computer.<\/p>","protected":false},"excerpt":{"rendered":"<p>Kott kaasaegseks kontorieluks. Valmistatud kergest vetth\u00fclgavast nubukk-PU-kangast, millel on elegantne matt v\u00e4lispind ja kerge s\u00fcnteetilisest riidest sisemus. Spetsiaalselt loodud k\u00f5igi kontoritarvete hoidmiseks, et saaksite h\u00f5lpsalt vaheldumisi kodus ja mujal t\u00f6\u00f6tada. Sellel kotil on polsterdatud sahtel s\u00fclearvuti turvaliseks ja mugavaks kandmiseks. Lisaks s\u00fclearvuti hoidmisele on sellel mitu v\u00e4listaskut, kus on ruumi kaablite, adapterite ja muu vajaliku [&hellip;]<\/p>\n","protected":false},"featured_media":27987,"template":"","meta":{"_acf_changed":false},"product_brand":[],"product_cat":[232,626],"product_tag":[],"class_list":{"0":"post-27961","1":"product","2":"type-product","3":"status-publish","4":"has-post-thumbnail","6":"product_cat-kotid","7":"product_cat-sulearvutikott","8":"pa_varv-must","10":"first","11":"instock","12":"taxable","13":"shipping-taxable","14":"purchasable","15":"product-type-variable","16":"has-default-attributes"},"acf":[],"_links":{"self":[{"href":"https:\/\/fifaa.ee\/en\/wp-json\/wp\/v2\/product\/27961","targetHints":{"allow":["GET"]}}],"collection":[{"href":"https:\/\/fifaa.ee\/en\/wp-json\/wp\/v2\/product"}],"about":[{"href":"https:\/\/fifaa.ee\/en\/wp-json\/wp\/v2\/types\/product"}],"wp:featuredmedia":[{"embeddable":true,"href":"https:\/\/fifaa.ee\/en\/wp-json\/wp\/v2\/media\/27987"}],"wp:attachment":[{"href":"https:\/\/fifaa.ee\/en\/wp-json\/wp\/v2\/media?parent=27961"}],"wp:term":[{"taxonomy":"product_brand","embeddable":true,"href":"https:\/\/fifaa.ee\/en\/wp-json\/wp\/v2\/product_brand?post=27961"},{"taxonomy":"product_cat","embeddable":true,"href":"https:\/\/fifaa.ee\/en\/wp-json\/wp\/v2\/product_cat?post=27961"},{"taxonomy":"product_tag","embeddable":true,"href":"https:\/\/fifaa.ee\/en\/wp-json\/wp\/v2\/product_tag?post=27961"}],"curies":[{"name":"wp","href":"https:\/\/api.w.org\/{rel}","templated":true}]}}