{"id":27962,"date":"2025-01-28T15:50:31","date_gmt":"2025-01-28T13:50:31","guid":{"rendered":"https:\/\/fifaa.ee\/?post_type=product&#038;p=27962"},"modified":"2026-04-01T15:40:42","modified_gmt":"2026-04-01T12:40:42","slug":"vinga-baltimore-rattakott","status":"publish","type":"product","link":"https:\/\/fifaa.ee\/en\/product\/vinga-baltimore-rattakott\/","title":{"rendered":"VINGA Baltimore bike bag"},"content":{"rendered":"<p>A chic, modern bag made of soft polyurethane. This versatile design can be worn as a backpack or tote bag - go to work comfortably on your back and then simply carry it over your arm when you go out for lunch. The clever padded computer pocket is the perfect place to store your devices. You can also attach this bag to your bike frame. The perfect combination of practicality and style! Fits computers with an overall size of 17 inches. Please note that the dimensions of the display are not the same as the dimensions of the entire computer.<\/p>","protected":false},"excerpt":{"rendered":"<p>\u0160ikk, kaasaegne pehmest pol\u00fcuretaanist kott. Seda mitmek\u00fclgset disaini saab kanda kas selja- v\u00f5i kandekotina \u2013 liikuge t\u00f6\u00f6le, kott mugavalt seljas ja kandke seda siis lihtsalt \u00fcle k\u00e4e, kui l\u00e4hete v\u00e4lja l\u00f5unatama. Nutikas polsterdatud arvutitasku on ideaalne koht oma seadmete hoiustamiseks. Saate selle koti kinnitada ka oma jalgratta raami k\u00fclge. Ideaalne kombinatsioon praktilisusest ja stiilist! Sobib [&hellip;]<\/p>\n","protected":false},"featured_media":27989,"template":"","meta":{"_acf_changed":false},"product_brand":[],"product_cat":[232,573],"product_tag":[659],"class_list":{"0":"post-27962","1":"product","2":"type-product","3":"status-publish","4":"has-post-thumbnail","6":"product_cat-kotid","7":"product_cat-seljakott","8":"product_tag-more-colors","9":"pa_varv-must","10":"pa_varv-roheline","11":"pa_varv-sinine","13":"first","14":"instock","15":"taxable","16":"shipping-taxable","17":"purchasable","18":"product-type-variable","19":"has-default-attributes"},"acf":[],"_links":{"self":[{"href":"https:\/\/fifaa.ee\/en\/wp-json\/wp\/v2\/product\/27962","targetHints":{"allow":["GET"]}}],"collection":[{"href":"https:\/\/fifaa.ee\/en\/wp-json\/wp\/v2\/product"}],"about":[{"href":"https:\/\/fifaa.ee\/en\/wp-json\/wp\/v2\/types\/product"}],"wp:featuredmedia":[{"embeddable":true,"href":"https:\/\/fifaa.ee\/en\/wp-json\/wp\/v2\/media\/27989"}],"wp:attachment":[{"href":"https:\/\/fifaa.ee\/en\/wp-json\/wp\/v2\/media?parent=27962"}],"wp:term":[{"taxonomy":"product_brand","embeddable":true,"href":"https:\/\/fifaa.ee\/en\/wp-json\/wp\/v2\/product_brand?post=27962"},{"taxonomy":"product_cat","embeddable":true,"href":"https:\/\/fifaa.ee\/en\/wp-json\/wp\/v2\/product_cat?post=27962"},{"taxonomy":"product_tag","embeddable":true,"href":"https:\/\/fifaa.ee\/en\/wp-json\/wp\/v2\/product_tag?post=27962"}],"curies":[{"name":"wp","href":"https:\/\/api.w.org\/{rel}","templated":true}]}}