{"id":28008,"date":"2025-01-28T15:50:58","date_gmt":"2025-01-28T13:50:58","guid":{"rendered":"https:\/\/fifaa.ee\/?post_type=product&#038;p=28008"},"modified":"2026-04-01T15:42:26","modified_gmt":"2026-04-01T12:42:26","slug":"vinga-miles-termospudel-500-ml","status":"publish","type":"product","link":"https:\/\/fifaa.ee\/en\/product\/vinga-miles-termospudel-500-ml\/","title":{"rendered":"VINGA Miles Thermos Bottle 500 ml"},"content":{"rendered":"<p>Thanks to its efficient vacuum insulation, the Miles Thermos Bottle keeps your drinks ice cold for up to 18 hours and steaming hot for up to 6 hours. The insulation also takes care of condensation and ensures that liquids don&#039;t end up at the bottom of your bag. The bottle is made of 18\/8 stainless steel, so your drinks won&#039;t take on the taste or smell of the bottle&#039;s previous contents. The material is completely toxin-free and durable enough to last a lifetime. Switch from toxic plastic bottles to this lifetime option - you&#039;ll enjoy your drinks in a whole new way. Capacity: 500ml. Hand wash only.<\/p>","protected":false},"excerpt":{"rendered":"<p>T\u00e4nu t\u00f5husale vaakumiisolatsioonile hoiab Miles Thermos Bottle teie joogid j\u00e4\u00e4k\u00fclmana kuni 18 tundi ja auravalt kuumana kuni 6 tundi. Isolatsioon hoolitseb ka kondensatsiooni eest ja tagab, et vedelikud ei satuks teie koti p\u00f5hja. Pudel on valmistatud 18\/8 roostevabast terasest, mist\u00f5ttu teie joogid ei omanda pudeli eelmise sisu maitset ega l\u00f5hna. Materjal on t\u00e4ielikult toksiinivaba ja [&hellip;]<\/p>\n","protected":false},"featured_media":28030,"template":"","meta":{"_acf_changed":false},"product_brand":[],"product_cat":[566,629],"product_tag":[659],"class_list":{"0":"post-28008","1":"product","2":"type-product","3":"status-publish","4":"has-post-thumbnail","6":"product_cat-jooginoud","7":"product_cat-termoskruusid","8":"product_tag-more-colors","9":"pa_varv-beez","10":"pa_varv-hall","11":"pa_varv-kollane","12":"pa_varv-must","13":"pa_varv-roheline","14":"pa_varv-sinine","15":"pa_varv-valge-new","17":"first","18":"instock","19":"taxable","20":"shipping-taxable","21":"purchasable","22":"product-type-variable","23":"has-default-attributes"},"acf":[],"_links":{"self":[{"href":"https:\/\/fifaa.ee\/en\/wp-json\/wp\/v2\/product\/28008","targetHints":{"allow":["GET"]}}],"collection":[{"href":"https:\/\/fifaa.ee\/en\/wp-json\/wp\/v2\/product"}],"about":[{"href":"https:\/\/fifaa.ee\/en\/wp-json\/wp\/v2\/types\/product"}],"wp:featuredmedia":[{"embeddable":true,"href":"https:\/\/fifaa.ee\/en\/wp-json\/wp\/v2\/media\/28030"}],"wp:attachment":[{"href":"https:\/\/fifaa.ee\/en\/wp-json\/wp\/v2\/media?parent=28008"}],"wp:term":[{"taxonomy":"product_brand","embeddable":true,"href":"https:\/\/fifaa.ee\/en\/wp-json\/wp\/v2\/product_brand?post=28008"},{"taxonomy":"product_cat","embeddable":true,"href":"https:\/\/fifaa.ee\/en\/wp-json\/wp\/v2\/product_cat?post=28008"},{"taxonomy":"product_tag","embeddable":true,"href":"https:\/\/fifaa.ee\/en\/wp-json\/wp\/v2\/product_tag?post=28008"}],"curies":[{"name":"wp","href":"https:\/\/api.w.org\/{rel}","templated":true}]}}