{"id":28106,"date":"2025-01-28T15:51:39","date_gmt":"2025-01-28T13:51:39","guid":{"rendered":"https:\/\/fifaa.ee\/?post_type=product&#038;p=28106"},"modified":"2026-04-01T15:44:35","modified_gmt":"2026-04-01T12:44:35","slug":"vinga-haysi-termomeeter","status":"publish","type":"product","link":"https:\/\/fifaa.ee\/en\/product\/vinga-haysi-termomeeter\/","title":{"rendered":"VINGA Hays thermometer"},"content":{"rendered":"<p>Serve up the perfect meal with this handy cooking thermometer. Whether you&#039;re roasting a juicy roast beef or baking a special cake, this multi-function thermometer is an invaluable asset in the kitchen, whether you&#039;re baking, grilling or roasting. The timer function and alarm function help you stay in control. The thermometer also displays Celsius and Fahrenheit, so you can customize it to suit your needs. No kitchen is complete without it.<\/p>","protected":false},"excerpt":{"rendered":"<p>Serveeri t\u00e4iuslik eine selle k\u00e4ep\u00e4rase toiduvalmistamistermomeetriga. Olenemata sellest, kas r\u00f6stite mahlakat rostbiifi v\u00f5i k\u00fcpsetate spetsiaalset kooki, on see funktsioonidega termomeeter k\u00f6\u00f6gis hindamatu v\u00e4\u00e4rtusega, olenemata sellest, kas k\u00fcpsetate ahjus, grillite v\u00f5i k\u00fcpsetate. Taimeri funktsioon ja \u00e4ratusfunktsioon aitavad teil kontrolli all hoida. Termomeeter kuvab ka Celciuse ja Farenheiti kraadi, et saaksite seda vastavalt oma vajadustele kohandada. \u00dckski [&hellip;]<\/p>\n","protected":false},"featured_media":28139,"template":"","meta":{"_acf_changed":false},"product_brand":[],"product_cat":[213,568],"product_tag":[],"class_list":{"0":"post-28106","1":"product","2":"type-product","3":"status-publish","4":"has-post-thumbnail","6":"product_cat-kodu","7":"product_cat-koogitarbed","8":"pa_varv-must","10":"first","11":"instock","12":"taxable","13":"shipping-taxable","14":"purchasable","15":"product-type-variable","16":"has-default-attributes"},"acf":[],"_links":{"self":[{"href":"https:\/\/fifaa.ee\/en\/wp-json\/wp\/v2\/product\/28106","targetHints":{"allow":["GET"]}}],"collection":[{"href":"https:\/\/fifaa.ee\/en\/wp-json\/wp\/v2\/product"}],"about":[{"href":"https:\/\/fifaa.ee\/en\/wp-json\/wp\/v2\/types\/product"}],"wp:featuredmedia":[{"embeddable":true,"href":"https:\/\/fifaa.ee\/en\/wp-json\/wp\/v2\/media\/28139"}],"wp:attachment":[{"href":"https:\/\/fifaa.ee\/en\/wp-json\/wp\/v2\/media?parent=28106"}],"wp:term":[{"taxonomy":"product_brand","embeddable":true,"href":"https:\/\/fifaa.ee\/en\/wp-json\/wp\/v2\/product_brand?post=28106"},{"taxonomy":"product_cat","embeddable":true,"href":"https:\/\/fifaa.ee\/en\/wp-json\/wp\/v2\/product_cat?post=28106"},{"taxonomy":"product_tag","embeddable":true,"href":"https:\/\/fifaa.ee\/en\/wp-json\/wp\/v2\/product_tag?post=28106"}],"curies":[{"name":"wp","href":"https:\/\/api.w.org\/{rel}","templated":true}]}}