{"id":28150,"date":"2025-01-28T15:52:10","date_gmt":"2025-01-28T13:52:10","guid":{"rendered":"https:\/\/fifaa.ee\/?post_type=product&#038;p=28150"},"modified":"2026-04-01T15:45:51","modified_gmt":"2026-04-01T12:45:51","slug":"vinga-sortino-tote-cooler","status":"publish","type":"product","link":"https:\/\/fifaa.ee\/en\/product\/vinga-sortino-tote-cooler\/","title":{"rendered":"VINGA Sortino tote cooler"},"content":{"rendered":"<p>A cooler bag that is mottled in tone with faux leather and cotton details to make it as beautiful as a regular bag and to be able to have a picnic in style. The cooler bag also has a small compartment on the outside that provides space for other things. The thick PEVA padding ensures that it stays cold for a long time. It is also easy to clean and dry after use. With an adjustable shoulder strap and double handle, you can carry the cooler bag in different ways.<\/p>","protected":false},"excerpt":{"rendered":"<p>K\u00fclmakott, mis on toonilt laiguline kunstnahast ja puuvillast detailidega, et oleks sama ilus kui tavaline kott ja saaks stiilselt pikniku pidada. K\u00fclmakoti v\u00e4lisk\u00fcljel on ka v\u00e4ike sahtel, mis annab ruumi ka muudele asjadele. Paks PEVA polster tagab k\u00fclma p\u00fcsimise pikka aega. Samuti on seda p\u00e4rast kasutamist lihtne puhastada ja kuivatada. Reguleeritava \u00f5larihma ja topeltk\u00e4epidemega saate [&hellip;]<\/p>\n","protected":false},"featured_media":28173,"template":"","meta":{"_acf_changed":false},"product_brand":[],"product_cat":[232,628],"product_tag":[],"class_list":{"0":"post-28150","1":"product","2":"type-product","3":"status-publish","4":"has-post-thumbnail","6":"product_cat-kotid","7":"product_cat-kulmakott","8":"pa_varv-must","10":"first","11":"instock","12":"taxable","13":"shipping-taxable","14":"purchasable","15":"product-type-variable","16":"has-default-attributes"},"acf":[],"_links":{"self":[{"href":"https:\/\/fifaa.ee\/en\/wp-json\/wp\/v2\/product\/28150","targetHints":{"allow":["GET"]}}],"collection":[{"href":"https:\/\/fifaa.ee\/en\/wp-json\/wp\/v2\/product"}],"about":[{"href":"https:\/\/fifaa.ee\/en\/wp-json\/wp\/v2\/types\/product"}],"wp:featuredmedia":[{"embeddable":true,"href":"https:\/\/fifaa.ee\/en\/wp-json\/wp\/v2\/media\/28173"}],"wp:attachment":[{"href":"https:\/\/fifaa.ee\/en\/wp-json\/wp\/v2\/media?parent=28150"}],"wp:term":[{"taxonomy":"product_brand","embeddable":true,"href":"https:\/\/fifaa.ee\/en\/wp-json\/wp\/v2\/product_brand?post=28150"},{"taxonomy":"product_cat","embeddable":true,"href":"https:\/\/fifaa.ee\/en\/wp-json\/wp\/v2\/product_cat?post=28150"},{"taxonomy":"product_tag","embeddable":true,"href":"https:\/\/fifaa.ee\/en\/wp-json\/wp\/v2\/product_tag?post=28150"}],"curies":[{"name":"wp","href":"https:\/\/api.w.org\/{rel}","templated":true}]}}