{"id":28198,"date":"2025-01-28T15:52:30","date_gmt":"2025-01-28T13:52:30","guid":{"rendered":"https:\/\/fifaa.ee\/?post_type=product&#038;p=28198"},"modified":"2026-04-01T15:47:46","modified_gmt":"2026-04-01T12:47:46","slug":"vinga-bosleri-seljakott-grs-taaskasutatud-louendist","status":"publish","type":"product","link":"https:\/\/fifaa.ee\/en\/product\/vinga-bosleri-seljakott-grs-taaskasutatud-louendist\/","title":{"rendered":"VINGA Bosler backpack GRS recycled canvas"},"content":{"rendered":"<p>62% A sophisticated bag made from recycled materials. This padded computer bag fits laptops up to 17&quot; and will be useful for years to come thanks to its high-quality materials and classic design. Made from GRS (Global Recycle Standard) certified recycled materials, GRS certification ensures a fully certified recycled supply chain. All recycled content is based on the total weight of the product. Fits computers with an overall size of 17&quot;. Please note that the dimensions of the display are not the same as the dimensions of the entire computer.<\/p>","protected":false},"excerpt":{"rendered":"<p>62% ulatuses taaskasutatud materjalidest valmistatud keerukas kott. See polsterdatud arvutikott sobib kuni 17-tollistele s\u00fclearvutitele ja on t\u00e4nu kvaliteetsetele materjalidele ja klassikalisele disainile kasulik veel aastaid. Valmistatud GRS-i (Global Recycle Standard) sertifitseeritud ringlussev\u00f5etud materjalidest ning GRS-i sertifikaat tagab t\u00e4ielikult sertifitseeritud ringlussev\u00f5etud materjalide tarneahela. Kogu ringlussev\u00f5etud sisu p\u00f5hineb toote kogukaalul.Sobib arvutitele, mille \u00fcldsuurus on 17 tolli. Pange [&hellip;]<\/p>\n","protected":false},"featured_media":28215,"template":"","meta":{"_acf_changed":false},"product_brand":[],"product_cat":[232,573],"product_tag":[659],"class_list":{"0":"post-28198","1":"product","2":"type-product","3":"status-publish","4":"has-post-thumbnail","6":"product_cat-kotid","7":"product_cat-seljakott","8":"product_tag-more-colors","9":"pa_varv-beez","10":"pa_varv-must","11":"pa_varv-roheline","12":"pa_varv-sinine","14":"first","15":"instock","16":"taxable","17":"shipping-taxable","18":"purchasable","19":"product-type-variable","20":"has-default-attributes"},"acf":[],"_links":{"self":[{"href":"https:\/\/fifaa.ee\/en\/wp-json\/wp\/v2\/product\/28198","targetHints":{"allow":["GET"]}}],"collection":[{"href":"https:\/\/fifaa.ee\/en\/wp-json\/wp\/v2\/product"}],"about":[{"href":"https:\/\/fifaa.ee\/en\/wp-json\/wp\/v2\/types\/product"}],"wp:featuredmedia":[{"embeddable":true,"href":"https:\/\/fifaa.ee\/en\/wp-json\/wp\/v2\/media\/28215"}],"wp:attachment":[{"href":"https:\/\/fifaa.ee\/en\/wp-json\/wp\/v2\/media?parent=28198"}],"wp:term":[{"taxonomy":"product_brand","embeddable":true,"href":"https:\/\/fifaa.ee\/en\/wp-json\/wp\/v2\/product_brand?post=28198"},{"taxonomy":"product_cat","embeddable":true,"href":"https:\/\/fifaa.ee\/en\/wp-json\/wp\/v2\/product_cat?post=28198"},{"taxonomy":"product_tag","embeddable":true,"href":"https:\/\/fifaa.ee\/en\/wp-json\/wp\/v2\/product_tag?post=28198"}],"curies":[{"name":"wp","href":"https:\/\/api.w.org\/{rel}","templated":true}]}}