{"id":28201,"date":"2025-01-28T15:52:31","date_gmt":"2025-01-28T13:52:31","guid":{"rendered":"https:\/\/fifaa.ee\/?post_type=product&#038;p=28201"},"modified":"2026-04-01T15:48:07","modified_gmt":"2026-04-01T12:48:07","slug":"vinga-bosler-rcs-taaskasutatud-louendist-arvutikott","status":"publish","type":"product","link":"https:\/\/fifaa.ee\/en\/product\/vinga-bosler-rcs-taaskasutatud-louendist-arvutikott\/","title":{"rendered":"VINGA Bosler RCS recycled canvas computer bag"},"content":{"rendered":"<p>This versatile bag has space for everything you need, and it has a sleek and sophisticated design. The padded laptop bag fits laptops up to 17&quot; and is perfect for business travel. It is made from 45%-verified recycled materials, and the adjustable and removable shoulder strap allows you to carry it over your shoulder or on your arm. Travel and look professional, no matter the situation! Made from RCS (Recycled Claim Standard) certified recycled material, RCS certification ensures a fully certified recycled supply chain. All recycled content is based on the total weight of the product. Fits computers with an overall size of 17&quot;. Please note that the dimensions of the display are not the same as the dimensions of the entire computer.<\/p>","protected":false},"excerpt":{"rendered":"<p>Selles mitmek\u00fclgses kotis on ruumi k\u00f5igele, mida vajate, ning see on elegantse ja peene disainiga. Polsterdatud arvutikott sobib kuni 17-tollistele s\u00fclearvutitele ja sobib suurep\u00e4raselt \u00e4rireisideks. See on valmistatud 45% ulatuses kontrollitud taaskasutatud materjalidest ning reguleeritav ja eemaldatav \u00f5larihm v\u00f5imaldab teil seda \u00fcle \u00f5la v\u00f5i k\u00e4sivarrel kanda. Reisige ja n\u00e4ige professionaalne, olenemata olukorrast! Valmistatud RCS-i (Recycled [&hellip;]<\/p>\n","protected":false},"featured_media":28235,"template":"","meta":{"_acf_changed":false},"product_brand":[],"product_cat":[232,626],"product_tag":[659],"class_list":{"0":"post-28201","1":"product","2":"type-product","3":"status-publish","4":"has-post-thumbnail","6":"product_cat-kotid","7":"product_cat-sulearvutikott","8":"product_tag-more-colors","9":"pa_varv-beez","10":"pa_varv-must","11":"pa_varv-roheline","12":"pa_varv-sinine","14":"first","15":"instock","16":"taxable","17":"shipping-taxable","18":"purchasable","19":"product-type-variable","20":"has-default-attributes"},"acf":[],"_links":{"self":[{"href":"https:\/\/fifaa.ee\/en\/wp-json\/wp\/v2\/product\/28201","targetHints":{"allow":["GET"]}}],"collection":[{"href":"https:\/\/fifaa.ee\/en\/wp-json\/wp\/v2\/product"}],"about":[{"href":"https:\/\/fifaa.ee\/en\/wp-json\/wp\/v2\/types\/product"}],"wp:featuredmedia":[{"embeddable":true,"href":"https:\/\/fifaa.ee\/en\/wp-json\/wp\/v2\/media\/28235"}],"wp:attachment":[{"href":"https:\/\/fifaa.ee\/en\/wp-json\/wp\/v2\/media?parent=28201"}],"wp:term":[{"taxonomy":"product_brand","embeddable":true,"href":"https:\/\/fifaa.ee\/en\/wp-json\/wp\/v2\/product_brand?post=28201"},{"taxonomy":"product_cat","embeddable":true,"href":"https:\/\/fifaa.ee\/en\/wp-json\/wp\/v2\/product_cat?post=28201"},{"taxonomy":"product_tag","embeddable":true,"href":"https:\/\/fifaa.ee\/en\/wp-json\/wp\/v2\/product_tag?post=28201"}],"curies":[{"name":"wp","href":"https:\/\/api.w.org\/{rel}","templated":true}]}}