{"id":28202,"date":"2025-01-28T15:52:31","date_gmt":"2025-01-28T13:52:31","guid":{"rendered":"https:\/\/fifaa.ee\/?post_type=product&#038;p=28202"},"modified":"2026-04-01T15:48:36","modified_gmt":"2026-04-01T12:48:36","slug":"vinga-bosler-grs-taaskasutatud-louendist-tualett-tarvete-kott","status":"publish","type":"product","link":"https:\/\/fifaa.ee\/en\/product\/vinga-bosler-grs-taaskasutatud-louendist-tualett-tarvete-kott\/","title":{"rendered":"VINGA Bosler GRS recycled canvas toiletry bag"},"content":{"rendered":"<p>A stylish and practical cosmetic bag made from 54% verified recycled materials. It has several internal compartments to help you organize your products conveniently, and its sleek and versatile design easily fits into a larger bag for travel. A simple and efficient solution for all your travel needs. Made from GRS (Global Recycled Standard) certified recycled materials, and GRS certification ensures a fully certified recycled supply chain. Total recycled content based on the total weight of the product.<\/p>","protected":false},"excerpt":{"rendered":"<p>Stiilne ja praktiline kosmeetikakott, mis on valmistatud 54% kontrollitud taaskasutatud materjalidest. Sellel on mitmeid sisemisi sektsioone, mis aitavad teil tooteid mugavalt korraldada, ning elegantse ja mitmek\u00fclgse disaini t\u00f5ttu mahub see h\u00f5lpsasti reisimiseks suuremasse kotti. Lihtne ja t\u00f5hus lahendus k\u00f5ikidele teie reisivajadustele. Valmistatud GRS-i (Global Recycled Standard) sertifitseeritud ringlussev\u00f5etud materjalidest ning GRS-i sertifikaat tagab t\u00e4ielikult sertifitseeritud [&hellip;]<\/p>\n","protected":false},"featured_media":28243,"template":"","meta":{"_acf_changed":false},"product_brand":[],"product_cat":[627],"product_tag":[659],"class_list":{"0":"post-28202","1":"product","2":"type-product","3":"status-publish","4":"has-post-thumbnail","6":"product_cat-reisikotid","7":"product_tag-more-colors","8":"pa_varv-beez","9":"pa_varv-must","10":"pa_varv-roheline","11":"pa_varv-sinine","13":"first","14":"instock","15":"taxable","16":"shipping-taxable","17":"purchasable","18":"product-type-variable","19":"has-default-attributes"},"acf":[],"_links":{"self":[{"href":"https:\/\/fifaa.ee\/en\/wp-json\/wp\/v2\/product\/28202","targetHints":{"allow":["GET"]}}],"collection":[{"href":"https:\/\/fifaa.ee\/en\/wp-json\/wp\/v2\/product"}],"about":[{"href":"https:\/\/fifaa.ee\/en\/wp-json\/wp\/v2\/types\/product"}],"wp:featuredmedia":[{"embeddable":true,"href":"https:\/\/fifaa.ee\/en\/wp-json\/wp\/v2\/media\/28243"}],"wp:attachment":[{"href":"https:\/\/fifaa.ee\/en\/wp-json\/wp\/v2\/media?parent=28202"}],"wp:term":[{"taxonomy":"product_brand","embeddable":true,"href":"https:\/\/fifaa.ee\/en\/wp-json\/wp\/v2\/product_brand?post=28202"},{"taxonomy":"product_cat","embeddable":true,"href":"https:\/\/fifaa.ee\/en\/wp-json\/wp\/v2\/product_cat?post=28202"},{"taxonomy":"product_tag","embeddable":true,"href":"https:\/\/fifaa.ee\/en\/wp-json\/wp\/v2\/product_tag?post=28202"}],"curies":[{"name":"wp","href":"https:\/\/api.w.org\/{rel}","templated":true}]}}