{"id":28245,"date":"2025-01-28T15:52:53","date_gmt":"2025-01-28T13:52:53","guid":{"rendered":"https:\/\/fifaa.ee\/?post_type=product&#038;p=28245"},"modified":"2026-04-01T15:49:01","modified_gmt":"2026-04-01T12:49:01","slug":"vinga-hunton-arvuti-luhikirjeldus","status":"publish","type":"product","link":"https:\/\/fifaa.ee\/en\/product\/vinga-hunton-arvuti-luhikirjeldus\/","title":{"rendered":"VINGA Hunton computer brief"},"content":{"rendered":"<p>A smart padded computer bag that fits a 17&quot; laptop. Look stylish and feel comfortable with this high-quality PU design, complemented by an adjustable shoulder strap and subtle brass-finished metal details. This slim and elegant case blends seamlessly with your outfit - business has never been more chic! Fits computers with an overall size of 17&quot;. Please note that the dimensions of the display are not the same as the dimensions of the entire computer.<\/p>","protected":false},"excerpt":{"rendered":"<p>Nutikas polsterdatud arvutikott, mis sobib 17-tollisele s\u00fclearvutile. N\u00e4ete stiilne v\u00e4lja ja tundke end mugavalt selle kvaliteetse PU disainiga, mida t\u00e4iendab reguleeritav \u00f5larihm ja peened messingviimistlusega metalldetailid. See \u00f5huke ja elegantne \u00fcmbris sulandub sujuvalt teie riietusega \u2013 \u00e4ri pole kunagi olnud \u0161ikk!Sobib arvutitele, mille \u00fcldsuurus on 17 tolli. Pange t\u00e4hele, et kuvari m\u00f5\u00f5tmed ei ole samad [&hellip;]<\/p>\n","protected":false},"featured_media":28264,"template":"","meta":{"_acf_changed":false},"product_brand":[],"product_cat":[232,626],"product_tag":[659],"class_list":{"0":"post-28245","1":"product","2":"type-product","3":"status-publish","4":"has-post-thumbnail","6":"product_cat-kotid","7":"product_cat-sulearvutikott","8":"product_tag-more-colors","9":"pa_varv-pruun","10":"pa_varv-sinine","12":"first","13":"instock","14":"taxable","15":"shipping-taxable","16":"purchasable","17":"product-type-variable","18":"has-default-attributes"},"acf":[],"_links":{"self":[{"href":"https:\/\/fifaa.ee\/en\/wp-json\/wp\/v2\/product\/28245","targetHints":{"allow":["GET"]}}],"collection":[{"href":"https:\/\/fifaa.ee\/en\/wp-json\/wp\/v2\/product"}],"about":[{"href":"https:\/\/fifaa.ee\/en\/wp-json\/wp\/v2\/types\/product"}],"wp:featuredmedia":[{"embeddable":true,"href":"https:\/\/fifaa.ee\/en\/wp-json\/wp\/v2\/media\/28264"}],"wp:attachment":[{"href":"https:\/\/fifaa.ee\/en\/wp-json\/wp\/v2\/media?parent=28245"}],"wp:term":[{"taxonomy":"product_brand","embeddable":true,"href":"https:\/\/fifaa.ee\/en\/wp-json\/wp\/v2\/product_brand?post=28245"},{"taxonomy":"product_cat","embeddable":true,"href":"https:\/\/fifaa.ee\/en\/wp-json\/wp\/v2\/product_cat?post=28245"},{"taxonomy":"product_tag","embeddable":true,"href":"https:\/\/fifaa.ee\/en\/wp-json\/wp\/v2\/product_tag?post=28245"}],"curies":[{"name":"wp","href":"https:\/\/api.w.org\/{rel}","templated":true}]}}