{"id":28246,"date":"2025-01-28T15:52:53","date_gmt":"2025-01-28T13:52:53","guid":{"rendered":"https:\/\/fifaa.ee\/?post_type=product&#038;p=28246"},"modified":"2026-04-01T15:49:01","modified_gmt":"2026-04-01T12:49:01","slug":"vinga-huntoni-sulearvuti-umbris","status":"publish","type":"product","link":"https:\/\/fifaa.ee\/en\/product\/vinga-huntoni-sulearvuti-umbris\/","title":{"rendered":"VINGA Hunton laptop case"},"content":{"rendered":"<p>Smart padded computer case for a 16&quot; laptop. This versatile case is ideal for carrying your computer safely and stylishly, no matter the situation. The high-quality design features a smooth fit for ease of use, flexible PU and fine brass-finished metal details. The slim and elegant design fits easily into your bag or briefcase. Business trips have never been more stylish! Fits computers with an overall size of 17&quot;. Please note that the dimensions of the display are not the same as the dimensions of the entire computer.<\/p>","protected":false},"excerpt":{"rendered":"<p>Nutikas polsterdatud arvutikott 16-tollise s\u00fclearvuti jaoks. See mitmek\u00fclgne \u00fcmbris sobib ideaalselt arvuti turvaliseks ja stiilseks kandmiseks olenemata olukorrast. Kvaliteetne disain sisaldab sujuvat istuvust, mis h\u00f5lbustab kasutamist, elastset PU-d ja peeneid messingviimistlusega metalldetaile. \u00d5huke ja elegantne disain mahub h\u00f5lpsasti teie kotti v\u00f5i kohvrisse. \u00c4rireisid pole kunagi olnud stiilsemad!Sobib arvutitele, mille \u00fcldsuurus on 17 tolli. Pange t\u00e4hele, [&hellip;]<\/p>\n","protected":false},"featured_media":28268,"template":"","meta":{"_acf_changed":false},"product_brand":[],"product_cat":[232,626],"product_tag":[659],"class_list":{"0":"post-28246","1":"product","2":"type-product","3":"status-publish","4":"has-post-thumbnail","6":"product_cat-kotid","7":"product_cat-sulearvutikott","8":"product_tag-more-colors","9":"pa_varv-pruun","10":"pa_varv-sinine","12":"first","13":"instock","14":"taxable","15":"shipping-taxable","16":"purchasable","17":"product-type-variable","18":"has-default-attributes"},"acf":[],"_links":{"self":[{"href":"https:\/\/fifaa.ee\/en\/wp-json\/wp\/v2\/product\/28246","targetHints":{"allow":["GET"]}}],"collection":[{"href":"https:\/\/fifaa.ee\/en\/wp-json\/wp\/v2\/product"}],"about":[{"href":"https:\/\/fifaa.ee\/en\/wp-json\/wp\/v2\/types\/product"}],"wp:featuredmedia":[{"embeddable":true,"href":"https:\/\/fifaa.ee\/en\/wp-json\/wp\/v2\/media\/28268"}],"wp:attachment":[{"href":"https:\/\/fifaa.ee\/en\/wp-json\/wp\/v2\/media?parent=28246"}],"wp:term":[{"taxonomy":"product_brand","embeddable":true,"href":"https:\/\/fifaa.ee\/en\/wp-json\/wp\/v2\/product_brand?post=28246"},{"taxonomy":"product_cat","embeddable":true,"href":"https:\/\/fifaa.ee\/en\/wp-json\/wp\/v2\/product_cat?post=28246"},{"taxonomy":"product_tag","embeddable":true,"href":"https:\/\/fifaa.ee\/en\/wp-json\/wp\/v2\/product_tag?post=28246"}],"curies":[{"name":"wp","href":"https:\/\/api.w.org\/{rel}","templated":true}]}}