{"id":28249,"date":"2025-01-28T15:52:53","date_gmt":"2025-01-28T13:52:53","guid":{"rendered":"https:\/\/fifaa.ee\/?post_type=product&#038;p=28249"},"modified":"2026-04-01T15:49:22","modified_gmt":"2026-04-01T12:49:22","slug":"vinga-sloane-seljakott-rcs-taaskasutatud-poluester","status":"publish","type":"product","link":"https:\/\/fifaa.ee\/en\/product\/vinga-sloane-seljakott-rcs-taaskasutatud-poluester\/","title":{"rendered":"VINGA Sloane rucksack RCS recycled polyester"},"content":{"rendered":"<p>Stylish backpack made from 39% certified recycled polyester. A classic backpack style that everyone will love. Inside is a padded laptop pocket to protect your computer from minor impacts. Made from RCS (Recycled Claim Standard) certified recycled materials. RCS certification ensures a fully certified supply chain of recycled materials. Total recycled content is based on the total weight of the product. Fits computers with an overall size of 17 inches. Please note that the dimensions of the display are not the same as the dimensions of the entire computer.<\/p>","protected":false},"excerpt":{"rendered":"<p>Stiilne seljakott, mis on valmistatud 39% kontrollitud taaskasutatud pol\u00fcestrist. Klassikaline seljakott stiilis, mis meeldib k\u00f5igile. Sees on polsterdatud s\u00fclearvuti tasku, mis kaitseb teie arvutit v\u00e4iksemate l\u00f6\u00f6kide eest. Valmistatud RCS (Recycled Claim Standard) sertifitseeritud taaskasutatud materjalidest. RCS-sertifikaat tagab ringlussev\u00f5etud materjalide t\u00e4ielikult sertifitseeritud tarneahela. Taaskasutatud kogusisu p\u00f5hineb toote kogukaalul. Sobib arvutitele, mille \u00fcldsuurus on 17 tolli. Pange [&hellip;]<\/p>\n","protected":false},"featured_media":28278,"template":"","meta":{"_acf_changed":false},"product_brand":[],"product_cat":[232,573],"product_tag":[659],"class_list":{"0":"post-28249","1":"product","2":"type-product","3":"status-publish","4":"has-post-thumbnail","6":"product_cat-kotid","7":"product_cat-seljakott","8":"product_tag-more-colors","9":"pa_varv-hall","10":"pa_varv-pruun","12":"first","13":"instock","14":"taxable","15":"shipping-taxable","16":"purchasable","17":"product-type-variable","18":"has-default-attributes"},"acf":[],"_links":{"self":[{"href":"https:\/\/fifaa.ee\/en\/wp-json\/wp\/v2\/product\/28249","targetHints":{"allow":["GET"]}}],"collection":[{"href":"https:\/\/fifaa.ee\/en\/wp-json\/wp\/v2\/product"}],"about":[{"href":"https:\/\/fifaa.ee\/en\/wp-json\/wp\/v2\/types\/product"}],"wp:featuredmedia":[{"embeddable":true,"href":"https:\/\/fifaa.ee\/en\/wp-json\/wp\/v2\/media\/28278"}],"wp:attachment":[{"href":"https:\/\/fifaa.ee\/en\/wp-json\/wp\/v2\/media?parent=28249"}],"wp:term":[{"taxonomy":"product_brand","embeddable":true,"href":"https:\/\/fifaa.ee\/en\/wp-json\/wp\/v2\/product_brand?post=28249"},{"taxonomy":"product_cat","embeddable":true,"href":"https:\/\/fifaa.ee\/en\/wp-json\/wp\/v2\/product_cat?post=28249"},{"taxonomy":"product_tag","embeddable":true,"href":"https:\/\/fifaa.ee\/en\/wp-json\/wp\/v2\/product_tag?post=28249"}],"curies":[{"name":"wp","href":"https:\/\/api.w.org\/{rel}","templated":true}]}}