{"id":28251,"date":"2025-01-28T15:52:53","date_gmt":"2025-01-28T13:52:53","guid":{"rendered":"https:\/\/fifaa.ee\/?post_type=product&#038;p=28251"},"modified":"2026-04-01T15:49:22","modified_gmt":"2026-04-01T12:49:22","slug":"vinga-sloane-rpet-kulmekott","status":"publish","type":"product","link":"https:\/\/fifaa.ee\/en\/product\/vinga-sloane-rpet-kulmekott\/","title":{"rendered":"VINGA Sloane RPET Cooler bag"},"content":{"rendered":"<p>Elegant cooler bag made of recycled polyester woven into a durable canvas twill. Outer fabric 100% recycled polyester from PET bottles. Exclusive PU details made of so-called water-based PU, where water is mainly used in the production process to replace strong solvents. This process is better for the environment, but above all for the factory workers. This cooler bag is insulated with extra thick foam and lined with so-called PEVA, a material that is easy to keep clean and fresh.<\/p>","protected":false},"excerpt":{"rendered":"<p>Elegantne k\u00fclmakott, mis on valmistatud taaskasutatud pol\u00fcestrist, mis on kootud vastupidava l\u00f5uendiga toimsele. Pealiskangas 100% taaskasutatud pol\u00fcestrist PET-pudelitest. Eksklusiivsed PU detailid, mis on valmistatud nn veep\u00f5hisest PU-st, kus tootmisprotsessis kasutatakse tugevate lahustite asendamiseks peamiselt vett. See protsess on parem keskkonnale, kuid eelk\u00f5ige tehase t\u00f6\u00f6tajatele. See k\u00fclmakott on isoleeritud eriti paksu vahuga ja vooderdatud nn PEVA-ga, [&hellip;]<\/p>\n","protected":false},"featured_media":28286,"template":"","meta":{"_acf_changed":false},"product_brand":[],"product_cat":[232],"product_tag":[659],"class_list":{"0":"post-28251","1":"product","2":"type-product","3":"status-publish","4":"has-post-thumbnail","6":"product_cat-kotid","7":"product_tag-more-colors","8":"pa_varv-hall","9":"pa_varv-pruun","11":"first","12":"instock","13":"taxable","14":"shipping-taxable","15":"purchasable","16":"product-type-variable","17":"has-default-attributes"},"acf":[],"_links":{"self":[{"href":"https:\/\/fifaa.ee\/en\/wp-json\/wp\/v2\/product\/28251","targetHints":{"allow":["GET"]}}],"collection":[{"href":"https:\/\/fifaa.ee\/en\/wp-json\/wp\/v2\/product"}],"about":[{"href":"https:\/\/fifaa.ee\/en\/wp-json\/wp\/v2\/types\/product"}],"wp:featuredmedia":[{"embeddable":true,"href":"https:\/\/fifaa.ee\/en\/wp-json\/wp\/v2\/media\/28286"}],"wp:attachment":[{"href":"https:\/\/fifaa.ee\/en\/wp-json\/wp\/v2\/media?parent=28251"}],"wp:term":[{"taxonomy":"product_brand","embeddable":true,"href":"https:\/\/fifaa.ee\/en\/wp-json\/wp\/v2\/product_brand?post=28251"},{"taxonomy":"product_cat","embeddable":true,"href":"https:\/\/fifaa.ee\/en\/wp-json\/wp\/v2\/product_cat?post=28251"},{"taxonomy":"product_tag","embeddable":true,"href":"https:\/\/fifaa.ee\/en\/wp-json\/wp\/v2\/product_tag?post=28251"}],"curies":[{"name":"wp","href":"https:\/\/api.w.org\/{rel}","templated":true}]}}