{"id":28294,"date":"2025-01-28T15:53:24","date_gmt":"2025-01-28T13:53:24","guid":{"rendered":"https:\/\/fifaa.ee\/?post_type=product&#038;p=28294"},"modified":"2026-04-01T15:49:50","modified_gmt":"2026-04-01T12:49:50","slug":"vinga-grs-rpet-aktiivne-kuiv-ratik-140-x-70cm","status":"publish","type":"product","link":"https:\/\/fifaa.ee\/en\/product\/vinga-grs-rpet-aktiivne-kuiv-ratik-140-x-70cm\/","title":{"rendered":"VINGA GRS RPET active dry towel 140 x 70cm"},"content":{"rendered":"<p>Made from microfiber and partially recycled PET bottles. Lightweight and compact. Its unique terry construction can absorb more water and dries three times faster than a traditional towel. Ideal for outdoor activities, sports and travel. This size is perfect for use in the gym. Made from 52% GRS (Global Recycle Standard) certified recycled materials, and GRS certification ensures a fully certified recycled supply chain. Total recycled content based on the total weight of the product.<\/p>","protected":false},"excerpt":{"rendered":"<p>Valmistatud mikrokiust ja osaliselt taaskasutatud PET-pudelitest. Kerge ja kompaktne. Selle ainulaadne froteekonstruktsioon suudab imada rohkem vett ja kuivab kolm korda kiiremini kui traditsiooniline r\u00e4tik. Ideaalne v\u00e4litegevuseks, sportimiseks ja reisimiseks. See suurus sobib suurep\u00e4raselt j\u00f5usaalis kasutamiseks. Valmistatud 52% GRS-i (Global Recycle Standard) sertifitseeritud ringlussev\u00f5etud materjalidest ning GRS-sertifikaat tagab t\u00e4ielikult sertifitseeritud taaskasutatud materjalide tarneahela. Kogu ringlussev\u00f5etud sisu, [&hellip;]<\/p>\n","protected":false},"featured_media":28307,"template":"","meta":{"_acf_changed":false},"product_brand":[],"product_cat":[575,571],"product_tag":[659],"class_list":{"0":"post-28294","1":"product","2":"type-product","3":"status-publish","4":"has-post-thumbnail","6":"product_cat-ouetarvikud","7":"product_cat-vabaaeg-ja-sport","8":"product_tag-more-colors","9":"pa_varv-hall","10":"pa_varv-must","11":"pa_varv-sinine","13":"first","14":"instock","15":"taxable","16":"shipping-taxable","17":"purchasable","18":"product-type-variable","19":"has-default-attributes"},"acf":[],"_links":{"self":[{"href":"https:\/\/fifaa.ee\/en\/wp-json\/wp\/v2\/product\/28294","targetHints":{"allow":["GET"]}}],"collection":[{"href":"https:\/\/fifaa.ee\/en\/wp-json\/wp\/v2\/product"}],"about":[{"href":"https:\/\/fifaa.ee\/en\/wp-json\/wp\/v2\/types\/product"}],"wp:featuredmedia":[{"embeddable":true,"href":"https:\/\/fifaa.ee\/en\/wp-json\/wp\/v2\/media\/28307"}],"wp:attachment":[{"href":"https:\/\/fifaa.ee\/en\/wp-json\/wp\/v2\/media?parent=28294"}],"wp:term":[{"taxonomy":"product_brand","embeddable":true,"href":"https:\/\/fifaa.ee\/en\/wp-json\/wp\/v2\/product_brand?post=28294"},{"taxonomy":"product_cat","embeddable":true,"href":"https:\/\/fifaa.ee\/en\/wp-json\/wp\/v2\/product_cat?post=28294"},{"taxonomy":"product_tag","embeddable":true,"href":"https:\/\/fifaa.ee\/en\/wp-json\/wp\/v2\/product_tag?post=28294"}],"curies":[{"name":"wp","href":"https:\/\/api.w.org\/{rel}","templated":true}]}}