{"id":28301,"date":"2025-01-28T15:53:24","date_gmt":"2025-01-28T13:53:24","guid":{"rendered":"https:\/\/fifaa.ee\/?post_type=product&#038;p=28301"},"modified":"2026-04-01T15:50:10","modified_gmt":"2026-04-01T12:50:10","slug":"vinga-jahi-kohvilauamang","status":"publish","type":"product","link":"https:\/\/fifaa.ee\/en\/product\/vinga-jahi-kohvilauamang\/","title":{"rendered":"AWESOME The Yacht Coffee Table Game"},"content":{"rendered":"<p>Full house, foursome or crap? This is a five-dice game, in a stylish box with gold text printed on it. The nice gift box makes it both a nice gift and a nice detail to use on the coffee table. *Stock is in transition: Please note that we are in the process of updating the product name from Yahtzee to Yacht in our stock. The unit and function are the same 100%, only the name will be changed in a future batch.<\/p>","protected":false},"excerpt":{"rendered":"<p>T\u00e4ismaja, neljakesi v\u00f5i jabur? See on viie t\u00e4ringu m\u00e4ng, stiilses karbis, millele on tr\u00fckitud kuldne tekst. M\u00f5nus kinkekarp muudab selle nii m\u00f5nusaks kinkimiseks kui ka m\u00f5nusa detailina kohvilaual kasutamiseks. *Laos on \u00fcleminekul: pange t\u00e4hele, et oleme \u00fcle minemas kaupade nime v\u00e4rskendust Yahtzee-lt m\u00e4ngule Yacht meie laos. \u00dcksus ja funktsioon on 100% samad, ainult nimi muudetakse [&hellip;]<\/p>\n","protected":false},"featured_media":28335,"template":"","meta":{"_acf_changed":false},"product_brand":[],"product_cat":[213,576],"product_tag":[],"class_list":{"0":"post-28301","1":"product","2":"type-product","3":"status-publish","4":"has-post-thumbnail","6":"product_cat-kodu","7":"product_cat-mangud","8":"pa_varv-sinine","10":"first","11":"instock","12":"taxable","13":"shipping-taxable","14":"purchasable","15":"product-type-variable","16":"has-default-attributes"},"acf":[],"_links":{"self":[{"href":"https:\/\/fifaa.ee\/en\/wp-json\/wp\/v2\/product\/28301","targetHints":{"allow":["GET"]}}],"collection":[{"href":"https:\/\/fifaa.ee\/en\/wp-json\/wp\/v2\/product"}],"about":[{"href":"https:\/\/fifaa.ee\/en\/wp-json\/wp\/v2\/types\/product"}],"wp:featuredmedia":[{"embeddable":true,"href":"https:\/\/fifaa.ee\/en\/wp-json\/wp\/v2\/media\/28335"}],"wp:attachment":[{"href":"https:\/\/fifaa.ee\/en\/wp-json\/wp\/v2\/media?parent=28301"}],"wp:term":[{"taxonomy":"product_brand","embeddable":true,"href":"https:\/\/fifaa.ee\/en\/wp-json\/wp\/v2\/product_brand?post=28301"},{"taxonomy":"product_cat","embeddable":true,"href":"https:\/\/fifaa.ee\/en\/wp-json\/wp\/v2\/product_cat?post=28301"},{"taxonomy":"product_tag","embeddable":true,"href":"https:\/\/fifaa.ee\/en\/wp-json\/wp\/v2\/product_tag?post=28301"}],"curies":[{"name":"wp","href":"https:\/\/api.w.org\/{rel}","templated":true}]}}