{"id":28394,"date":"2025-01-28T15:54:05","date_gmt":"2025-01-28T13:54:05","guid":{"rendered":"https:\/\/fifaa.ee\/?post_type=product&#038;p=28394"},"modified":"2026-04-01T15:51:22","modified_gmt":"2026-04-01T12:51:22","slug":"rcs-taaskasutatud-plastikust-3m-16-mm-lint","status":"publish","type":"product","link":"https:\/\/fifaa.ee\/en\/product\/rcs-taaskasutatud-plastikust-3m-16-mm-lint\/","title":{"rendered":"RCS recycled plastic 3M\/16 mm tape"},"content":{"rendered":"<p>3m tape made from RCS (Recycled Claim Standard) certified recycled ABS. Total recycled content: 21% of the total weight of the item. RCS certification ensures a fully certified supply chain of recycled materials. With a luxurious TRP rubber handle for a smooth grip. With release\/lock button. With 16mm single-sided tape, yellow with black carbon steel hook. With polyester wrist strap. Packed in FSC\u00ae mix kraft packaging<\/p>","protected":false},"excerpt":{"rendered":"<p>3-meetrine lint, mis on valmistatud RCS (Recycled Claim Standard) sertifitseeritud taaskasutatud ABS-ist. Taaskasutatud kogusisaldus: 21% eseme kogukaalust. RCS-sertifikaat tagab taaskasutatud materjalide t\u00e4ielikult sertifitseeritud tarneahela. Luksusliku TRP kummist k\u00e4epidemega sujuvaks haardumiseks. Vabastus\/lukustusnupuga. 16 mm \u00fchepoolse teibiga, kollane musta s\u00fcsinikterasest konksuga. Pol\u00fcester randmepaelaga. Pakitud FSC\u00ae mix kraft pakendisse<\/p>","protected":false},"featured_media":28413,"template":"","meta":{"_acf_changed":false},"product_brand":[],"product_cat":[578,577],"product_tag":[659],"class_list":{"0":"post-28394","1":"product","2":"type-product","3":"status-publish","4":"has-post-thumbnail","6":"product_cat-moodulindid","7":"product_cat-tooriistad-ja-taskulambid","8":"product_tag-more-colors","9":"pa_varv-kollane","10":"pa_varv-must","12":"first","13":"instock","14":"taxable","15":"shipping-taxable","16":"purchasable","17":"product-type-variable","18":"has-default-attributes"},"acf":[],"_links":{"self":[{"href":"https:\/\/fifaa.ee\/en\/wp-json\/wp\/v2\/product\/28394","targetHints":{"allow":["GET"]}}],"collection":[{"href":"https:\/\/fifaa.ee\/en\/wp-json\/wp\/v2\/product"}],"about":[{"href":"https:\/\/fifaa.ee\/en\/wp-json\/wp\/v2\/types\/product"}],"wp:featuredmedia":[{"embeddable":true,"href":"https:\/\/fifaa.ee\/en\/wp-json\/wp\/v2\/media\/28413"}],"wp:attachment":[{"href":"https:\/\/fifaa.ee\/en\/wp-json\/wp\/v2\/media?parent=28394"}],"wp:term":[{"taxonomy":"product_brand","embeddable":true,"href":"https:\/\/fifaa.ee\/en\/wp-json\/wp\/v2\/product_brand?post=28394"},{"taxonomy":"product_cat","embeddable":true,"href":"https:\/\/fifaa.ee\/en\/wp-json\/wp\/v2\/product_cat?post=28394"},{"taxonomy":"product_tag","embeddable":true,"href":"https:\/\/fifaa.ee\/en\/wp-json\/wp\/v2\/product_tag?post=28394"}],"curies":[{"name":"wp","href":"https:\/\/api.w.org\/{rel}","templated":true}]}}