{"id":28399,"date":"2025-01-28T15:54:05","date_gmt":"2025-01-28T13:54:05","guid":{"rendered":"https:\/\/fifaa.ee\/?post_type=product&#038;p=28399"},"modified":"2026-04-01T15:51:44","modified_gmt":"2026-04-01T12:51:44","slug":"rcs-taaskasutatud-plastikust-grip-5m-19mm-lint","status":"publish","type":"product","link":"https:\/\/fifaa.ee\/en\/product\/rcs-taaskasutatud-plastikust-grip-5m-19mm-lint\/","title":{"rendered":"RCS recycled plastic Grip 5M\/19mm tape"},"content":{"rendered":"<p>5m tape made from RCS (Recycled Claim Standard) certified recycled ABS. Total recycled content: 15% of the total weight of the item. RCS certification ensures a fully certified supply chain of recycled materials. With a luxurious TRP rubber handle for extra control. With release\/hold button. With 19mm single-sided tape, yellow black carbon steel hook and two integrated magnets. With polyester wrist strap. Packed in FSC\u00ae mix kraft packaging<\/p>","protected":false},"excerpt":{"rendered":"<p>5-meetrine lint, mis on valmistatud RCS (Recycled Claim Standard) sertifitseeritud taaskasutatud ABS-ist. Taaskasutatud kogusisaldus: 15% eseme kogukaalust. RCS-sertifikaat tagab taaskasutatud materjalide t\u00e4ielikult sertifitseeritud tarneahela. Luksusliku TRP-kummist k\u00e4epidemega lisajuhtimiseks. Vabastus\/hoidmisnupuga. 19 mm \u00fchepoolse teibiga, kollane musta s\u00fcsinikterasest konks ja kahe integreeritud magnetiga. Pol\u00fcester randmepaelaga. Pakitud FSC\u00ae mix kraft pakendisse<\/p>","protected":false},"featured_media":28431,"template":"","meta":{"_acf_changed":false},"product_brand":[],"product_cat":[578,577],"product_tag":[],"class_list":{"0":"post-28399","1":"product","2":"type-product","3":"status-publish","4":"has-post-thumbnail","6":"product_cat-moodulindid","7":"product_cat-tooriistad-ja-taskulambid","8":"pa_varv-hall","10":"first","11":"instock","12":"taxable","13":"shipping-taxable","14":"purchasable","15":"product-type-variable","16":"has-default-attributes"},"acf":[],"_links":{"self":[{"href":"https:\/\/fifaa.ee\/en\/wp-json\/wp\/v2\/product\/28399","targetHints":{"allow":["GET"]}}],"collection":[{"href":"https:\/\/fifaa.ee\/en\/wp-json\/wp\/v2\/product"}],"about":[{"href":"https:\/\/fifaa.ee\/en\/wp-json\/wp\/v2\/types\/product"}],"wp:featuredmedia":[{"embeddable":true,"href":"https:\/\/fifaa.ee\/en\/wp-json\/wp\/v2\/media\/28431"}],"wp:attachment":[{"href":"https:\/\/fifaa.ee\/en\/wp-json\/wp\/v2\/media?parent=28399"}],"wp:term":[{"taxonomy":"product_brand","embeddable":true,"href":"https:\/\/fifaa.ee\/en\/wp-json\/wp\/v2\/product_brand?post=28399"},{"taxonomy":"product_cat","embeddable":true,"href":"https:\/\/fifaa.ee\/en\/wp-json\/wp\/v2\/product_cat?post=28399"},{"taxonomy":"product_tag","embeddable":true,"href":"https:\/\/fifaa.ee\/en\/wp-json\/wp\/v2\/product_tag?post=28399"}],"curies":[{"name":"wp","href":"https:\/\/api.w.org\/{rel}","templated":true}]}}