{"id":28436,"date":"2025-01-28T15:54:22","date_gmt":"2025-01-28T13:54:22","guid":{"rendered":"https:\/\/fifaa.ee\/product\/rcs-taaskasutatud-plastist-auto-stop-lint-5m-19mm\/"},"modified":"2025-11-21T10:09:13","modified_gmt":"2025-11-21T08:09:13","slug":"rcs-taaskasutatud-plastist-auto-stop-lint-5m-19mm","status":"publish","type":"product","link":"https:\/\/fifaa.ee\/en\/product\/rcs-taaskasutatud-plastist-auto-stop-lint-5m-19mm\/","title":{"rendered":"RCS recycled plastic Auto stop tape 5M\/19mm"},"content":{"rendered":"<p>5m auto stop tape made from RCS (Recycled Claim Standard) certified recycled ABS. Total recycled content: 14% of the total weight of the item. RCS certification ensures a fully certified supply chain of recycled materials. With a luxurious rubber grip for extra control. With a release button on the top and bottom that can be used according to your preference. With 19mm single-sided tape, yellow black carbon steel hook and two integrated magnets. With polyester wrist strap. Packed in FSC\u00ae mix kraft packaging<\/p>","protected":false},"excerpt":{"rendered":"<p>5-meetrine automaatse peatuslint, mis on valmistatud RCS-i (Recycled Claim Standard) sertifitseeritud ringlussev\u00f5etud ABS-ist. Kogu taaskasutatud sisaldus: 14% eseme kogukaalust. RCS-sertifikaat tagab taaskasutatud materjalide t\u00e4ielikult sertifitseeritud tarneahela. Luksusliku kummist k\u00e4epidemega lisajuhtimiseks. Vabastusnupuga \u00fcleval ja all, mida saab kasutada vastavalt oma eelistustele. 19 mm \u00fchepoolse teibiga, kollane musta s\u00fcsinikterasest konks ja kahe integreeritud magnetiga. Pol\u00fcester randmepaelaga. Pakitud [&hellip;]<\/p>\n","protected":false},"featured_media":28435,"template":"","meta":{"_acf_changed":false},"product_brand":[],"product_cat":[578,577],"product_tag":[],"class_list":{"0":"post-28436","1":"product","2":"type-product","3":"status-publish","4":"has-post-thumbnail","6":"product_cat-moodulindid","7":"product_cat-tooriistad-ja-taskulambid","8":"pa_varv-must","10":"first","11":"instock","12":"taxable","13":"shipping-taxable","14":"purchasable","15":"product-type-variable","16":"has-default-attributes"},"acf":[],"_links":{"self":[{"href":"https:\/\/fifaa.ee\/en\/wp-json\/wp\/v2\/product\/28436","targetHints":{"allow":["GET"]}}],"collection":[{"href":"https:\/\/fifaa.ee\/en\/wp-json\/wp\/v2\/product"}],"about":[{"href":"https:\/\/fifaa.ee\/en\/wp-json\/wp\/v2\/types\/product"}],"wp:featuredmedia":[{"embeddable":true,"href":"https:\/\/fifaa.ee\/en\/wp-json\/wp\/v2\/media\/28435"}],"wp:attachment":[{"href":"https:\/\/fifaa.ee\/en\/wp-json\/wp\/v2\/media?parent=28436"}],"wp:term":[{"taxonomy":"product_brand","embeddable":true,"href":"https:\/\/fifaa.ee\/en\/wp-json\/wp\/v2\/product_brand?post=28436"},{"taxonomy":"product_cat","embeddable":true,"href":"https:\/\/fifaa.ee\/en\/wp-json\/wp\/v2\/product_cat?post=28436"},{"taxonomy":"product_tag","embeddable":true,"href":"https:\/\/fifaa.ee\/en\/wp-json\/wp\/v2\/product_tag?post=28436"}],"curies":[{"name":"wp","href":"https:\/\/api.w.org\/{rel}","templated":true}]}}