{"id":28437,"date":"2025-01-28T15:54:29","date_gmt":"2025-01-28T13:54:29","guid":{"rendered":"https:\/\/fifaa.ee\/?post_type=product&#038;p=28437"},"modified":"2026-04-01T15:52:07","modified_gmt":"2026-04-01T12:52:07","slug":"rcs-taaskasutatud-plastist-auto-stop-lint-8m-25mm","status":"publish","type":"product","link":"https:\/\/fifaa.ee\/en\/product\/rcs-taaskasutatud-plastist-auto-stop-lint-8m-25mm\/","title":{"rendered":"RCS recycled plastic Auto stop tape 8M\/25mm"},"content":{"rendered":"<p>Strong 8m auto stop tape made from RCS (Recycled Claim Standard) certified recycled ABS. Total recycled content: 11% of the total weight of the item. RCS certification ensures a fully certified supply chain of recycled materials. With a luxurious rubber grip for extra control. With release button on top and bottom that can be used according to your preference. With 25mm single-sided tape, yellow black carbon steel hook and two integrated magnets. With polyester wrist strap. Packed in FSC\u00ae mix kraft packaging<\/p>","protected":false},"excerpt":{"rendered":"<p>Tugev 8-meetrine automaatse peatuslint, mis on valmistatud RCS (Recycled Claim Standard) sertifitseeritud ringlussev\u00f5etud ABS-ist. Taaskasutatud kogusisaldus: 11% eseme kogukaalust. RCS-sertifikaat tagab taaskasutatud materjalide t\u00e4ielikult sertifitseeritud tarneahela. Luksusliku kummist k\u00e4epidemega lisajuhtimiseks. Vabastusnupuga \u00fcleval ja all, mida saab kasutada vastavalt oma eelistustele. 25 mm \u00fchepoolse teibiga, kollane musta s\u00fcsinikterasest konks ja kahe integreeritud magnetiga. Pol\u00fcester randmepaelaga. Pakitud [&hellip;]<\/p>\n","protected":false},"featured_media":28452,"template":"","meta":{"_acf_changed":false},"product_brand":[],"product_cat":[578,577],"product_tag":[],"class_list":{"0":"post-28437","1":"product","2":"type-product","3":"status-publish","4":"has-post-thumbnail","6":"product_cat-moodulindid","7":"product_cat-tooriistad-ja-taskulambid","8":"pa_varv-must","10":"first","11":"instock","12":"taxable","13":"shipping-taxable","14":"purchasable","15":"product-type-variable","16":"has-default-attributes"},"acf":[],"_links":{"self":[{"href":"https:\/\/fifaa.ee\/en\/wp-json\/wp\/v2\/product\/28437","targetHints":{"allow":["GET"]}}],"collection":[{"href":"https:\/\/fifaa.ee\/en\/wp-json\/wp\/v2\/product"}],"about":[{"href":"https:\/\/fifaa.ee\/en\/wp-json\/wp\/v2\/types\/product"}],"wp:featuredmedia":[{"embeddable":true,"href":"https:\/\/fifaa.ee\/en\/wp-json\/wp\/v2\/media\/28452"}],"wp:attachment":[{"href":"https:\/\/fifaa.ee\/en\/wp-json\/wp\/v2\/media?parent=28437"}],"wp:term":[{"taxonomy":"product_brand","embeddable":true,"href":"https:\/\/fifaa.ee\/en\/wp-json\/wp\/v2\/product_brand?post=28437"},{"taxonomy":"product_cat","embeddable":true,"href":"https:\/\/fifaa.ee\/en\/wp-json\/wp\/v2\/product_cat?post=28437"},{"taxonomy":"product_tag","embeddable":true,"href":"https:\/\/fifaa.ee\/en\/wp-json\/wp\/v2\/product_tag?post=28437"}],"curies":[{"name":"wp","href":"https:\/\/api.w.org\/{rel}","templated":true}]}}