{"id":28441,"date":"2025-01-28T15:54:29","date_gmt":"2025-01-28T13:54:29","guid":{"rendered":"https:\/\/fifaa.ee\/?post_type=product&#038;p=28441"},"modified":"2025-11-21T10:09:12","modified_gmt":"2025-11-21T08:09:12","slug":"gear-x-5m-moodulint-aeglase-kiire-tagasitombamise-funktsiooniga","status":"publish","type":"product","link":"https:\/\/fifaa.ee\/en\/product\/gear-x-5m-moodulint-aeglase-kiire-tagasitombamise-funktsiooniga\/","title":{"rendered":"Gear X 5M measuring tape with slow\/fast retract function"},"content":{"rendered":"<p>Measure in style with this high-quality 5M\/19mm tape measure. The tape comes in a premium shockproof case with a locking button and belt clip. Unlike most other tapes, the tape offers two retraction speeds. The durable black carbon blade is reliable and has two strong magnets at the end. The print on the tape is abrasion-resistant, so this tape is ready to use whenever you need it. Packaged in a luxurious gift box.<\/p>","protected":false},"excerpt":{"rendered":"<p>M\u00f5\u00f5tke stiilselt selle kvaliteetse 5M\/19mm m\u00f5\u00f5dulindiga. Lint on esmaklassilises p\u00f5rutuskindlas korpuses, millel on lukustusnupp ja v\u00f6\u00f6klamber. Erinevalt enamikust teistest lintidest pakub lint kahte sisset\u00f5mbamiskiirust. Vastupidav must s\u00fcsiniktera on t\u00f6\u00f6kindel ja selle otsas on kaks tugevat magnetit. Teibile tr\u00fckk on kulumiskindel, nii et see teip on kasutamiseks valmis alati, kui seda vajate. Pakitud luksuslikku kinkekarpi.<\/p>","protected":false},"featured_media":28462,"template":"","meta":{"_acf_changed":false},"product_brand":[],"product_cat":[578,577],"product_tag":[],"class_list":{"0":"post-28441","1":"product","2":"type-product","3":"status-publish","4":"has-post-thumbnail","6":"product_cat-moodulindid","7":"product_cat-tooriistad-ja-taskulambid","8":"pa_varv-must","10":"first","11":"instock","12":"taxable","13":"shipping-taxable","14":"purchasable","15":"product-type-variable","16":"has-default-attributes"},"acf":[],"_links":{"self":[{"href":"https:\/\/fifaa.ee\/en\/wp-json\/wp\/v2\/product\/28441","targetHints":{"allow":["GET"]}}],"collection":[{"href":"https:\/\/fifaa.ee\/en\/wp-json\/wp\/v2\/product"}],"about":[{"href":"https:\/\/fifaa.ee\/en\/wp-json\/wp\/v2\/types\/product"}],"wp:featuredmedia":[{"embeddable":true,"href":"https:\/\/fifaa.ee\/en\/wp-json\/wp\/v2\/media\/28462"}],"wp:attachment":[{"href":"https:\/\/fifaa.ee\/en\/wp-json\/wp\/v2\/media?parent=28441"}],"wp:term":[{"taxonomy":"product_brand","embeddable":true,"href":"https:\/\/fifaa.ee\/en\/wp-json\/wp\/v2\/product_brand?post=28441"},{"taxonomy":"product_cat","embeddable":true,"href":"https:\/\/fifaa.ee\/en\/wp-json\/wp\/v2\/product_cat?post=28441"},{"taxonomy":"product_tag","embeddable":true,"href":"https:\/\/fifaa.ee\/en\/wp-json\/wp\/v2\/product_tag?post=28441"}],"curies":[{"name":"wp","href":"https:\/\/api.w.org\/{rel}","templated":true}]}}