{"id":28445,"date":"2025-01-28T15:54:29","date_gmt":"2025-01-28T13:54:29","guid":{"rendered":"https:\/\/fifaa.ee\/?post_type=product&#038;p=28445"},"modified":"2026-04-01T15:52:31","modified_gmt":"2026-04-01T12:52:31","slug":"gear-x-rcs-taaskasutatud-alumiiniumist-30-meetrine-lasermoot","status":"publish","type":"product","link":"https:\/\/fifaa.ee\/en\/product\/gear-x-rcs-taaskasutatud-alumiiniumist-30-meetrine-lasermoot\/","title":{"rendered":"Gear X RCS recycled aluminum 30 meter laser measure"},"content":{"rendered":"<p>Functionality, materials and design come together in this rechargeable 30m laser measure, made from RCS-certified recycled aluminium. Total recycled content: 22% of the total weight of the item. RCS certification ensures a fully certified supply chain of recycled materials. The laser measure uses a rechargeable Class A 250mAh battery, so there is no need to change batteries. Simply charge via your USB port and the included RCS-certified recycled Type-C cable. Class 2 laser. Response time 0.1 seconds. The measurement system can be adjusted to meters\/inches\/feet. Laser color: red. With sound reminder when measurement is complete. Type-C input, 5V\/1A. 4 modes: distance, square area, volume and pythagoras (angles)<\/p>","protected":false},"excerpt":{"rendered":"<p>Funktsionaalsus, materjalid ja disain saavad kokku selles korduvlaetavas 30-meetrises laserm\u00f5\u00f5tmises, mis on valmistatud RCS-sertifikaadiga taaskasutatud alumiiniumist. Taaskasutatud kogusisaldus: 22% eseme kogukaalust. RCS-sertifikaat tagab taaskasutatud materjalide t\u00e4ielikult sertifitseeritud tarneahela. Laserm\u00f5\u00f5tur kasutab korduvlaetavat A-klassi 250 mah akut, seega pole vaja patareisid vahetada. Laadige lihtsalt oma USB-pesa ja kaasasoleva RCS-sertifikaadiga taaskasutatud C-t\u00fc\u00fcpi kaabli kaudu. Klass 2 laser. Reageerimisaeg [&hellip;]<\/p>\n","protected":false},"featured_media":28470,"template":"","meta":{"_acf_changed":false},"product_brand":[],"product_cat":[577,578],"product_tag":[],"class_list":{"0":"post-28445","1":"product","2":"type-product","3":"status-publish","4":"has-post-thumbnail","6":"product_cat-tooriistad-ja-taskulambid","7":"product_cat-moodulindid","8":"pa_varv-must","10":"first","11":"instock","12":"taxable","13":"shipping-taxable","14":"purchasable","15":"product-type-variable","16":"has-default-attributes"},"acf":[],"_links":{"self":[{"href":"https:\/\/fifaa.ee\/en\/wp-json\/wp\/v2\/product\/28445","targetHints":{"allow":["GET"]}}],"collection":[{"href":"https:\/\/fifaa.ee\/en\/wp-json\/wp\/v2\/product"}],"about":[{"href":"https:\/\/fifaa.ee\/en\/wp-json\/wp\/v2\/types\/product"}],"wp:featuredmedia":[{"embeddable":true,"href":"https:\/\/fifaa.ee\/en\/wp-json\/wp\/v2\/media\/28470"}],"wp:attachment":[{"href":"https:\/\/fifaa.ee\/en\/wp-json\/wp\/v2\/media?parent=28445"}],"wp:term":[{"taxonomy":"product_brand","embeddable":true,"href":"https:\/\/fifaa.ee\/en\/wp-json\/wp\/v2\/product_brand?post=28445"},{"taxonomy":"product_cat","embeddable":true,"href":"https:\/\/fifaa.ee\/en\/wp-json\/wp\/v2\/product_cat?post=28445"},{"taxonomy":"product_tag","embeddable":true,"href":"https:\/\/fifaa.ee\/en\/wp-json\/wp\/v2\/product_tag?post=28445"}],"curies":[{"name":"wp","href":"https:\/\/api.w.org\/{rel}","templated":true}]}}