{"id":28483,"date":"2025-01-28T15:54:44","date_gmt":"2025-01-28T13:54:44","guid":{"rendered":"https:\/\/fifaa.ee\/?post_type=product&#038;p=28483"},"modified":"2026-04-01T15:52:53","modified_gmt":"2026-04-01T12:52:53","slug":"timbersoni-eriti-paks-30-cm-kahepoolne-bambusest-joonlaud","status":"publish","type":"product","link":"https:\/\/fifaa.ee\/en\/product\/timbersoni-eriti-paks-30-cm-kahepoolne-bambusest-joonlaud\/","title":{"rendered":"Timberson extra thick 30cm double sided bamboo ruler"},"content":{"rendered":"<p>The Bamboo Ruler is made from FSC\u00ae 100% bamboo. At 30 cm long and 6 mm extra thick, the ruler is the perfect size for a variety of tasks. Whether you are measuring fabric for a sewing project, marking wood for a woodworking project or drafting a home renovation design, this ruler will serve you well. One of the most outstanding features of the Timberson ruler is its double-sided design. With both metric and imperial measurements printed on both sides, you can work easily regardless of which system you prefer. Clear, easy-to-read markings ensure that you can quickly and accurately measure everything you need. Packaged in FSC\u00ae mix kraft packaging.<\/p>","protected":false},"excerpt":{"rendered":"<p>Bambusest joonlaud on valmistatud FSC\u00ae 100% bambusest. 30 cm pikkune ja 6 mm lisapaksusega joonlaud on ideaalne suurus paljude \u00fclesannete jaoks. Olenemata sellest, kas m\u00f5\u00f5date kangast \u00f5mblusprojekti jaoks, m\u00e4rgistate puitu puidut\u00f6\u00f6tlemisprojekti jaoks v\u00f5i koostate kodu renoveerimise kujundust, see joonlaud aitab teid h\u00e4sti. Timbersoni joonlaua \u00fcks silmapaistvamaid omadusi on selle kahepoolne disain. M\u00f5lemale k\u00fcljele tr\u00fckitud nii [&hellip;]<\/p>\n","protected":false},"featured_media":28498,"template":"","meta":{"_acf_changed":false},"product_brand":[],"product_cat":[631,577],"product_tag":[],"class_list":{"0":"post-28483","1":"product","2":"type-product","3":"status-publish","4":"has-post-thumbnail","6":"product_cat-joonlauad-ja-loikurid","7":"product_cat-tooriistad-ja-taskulambid","8":"pa_varv-pruun","10":"first","11":"instock","12":"taxable","13":"shipping-taxable","14":"purchasable","15":"product-type-variable","16":"has-default-attributes"},"acf":[],"_links":{"self":[{"href":"https:\/\/fifaa.ee\/en\/wp-json\/wp\/v2\/product\/28483","targetHints":{"allow":["GET"]}}],"collection":[{"href":"https:\/\/fifaa.ee\/en\/wp-json\/wp\/v2\/product"}],"about":[{"href":"https:\/\/fifaa.ee\/en\/wp-json\/wp\/v2\/types\/product"}],"wp:featuredmedia":[{"embeddable":true,"href":"https:\/\/fifaa.ee\/en\/wp-json\/wp\/v2\/media\/28498"}],"wp:attachment":[{"href":"https:\/\/fifaa.ee\/en\/wp-json\/wp\/v2\/media?parent=28483"}],"wp:term":[{"taxonomy":"product_brand","embeddable":true,"href":"https:\/\/fifaa.ee\/en\/wp-json\/wp\/v2\/product_brand?post=28483"},{"taxonomy":"product_cat","embeddable":true,"href":"https:\/\/fifaa.ee\/en\/wp-json\/wp\/v2\/product_cat?post=28483"},{"taxonomy":"product_tag","embeddable":true,"href":"https:\/\/fifaa.ee\/en\/wp-json\/wp\/v2\/product_tag?post=28483"}],"curies":[{"name":"wp","href":"https:\/\/api.w.org\/{rel}","templated":true}]}}