{"id":28532,"date":"2025-01-28T15:55:01","date_gmt":"2025-01-28T13:55:01","guid":{"rendered":"https:\/\/fifaa.ee\/?post_type=product&#038;p=28532"},"modified":"2026-04-01T15:54:23","modified_gmt":"2026-04-01T12:54:23","slug":"korduvtaidetav-rcs-taaskasutatud-plastist-eemaldatav-nuga","status":"publish","type":"product","link":"https:\/\/fifaa.ee\/en\/product\/korduvtaidetav-rcs-taaskasutatud-plastist-eemaldatav-nuga\/","title":{"rendered":"Refillable RCS recycled plastic snap-off knife"},"content":{"rendered":"<p>Refillable RCS certified recycled plastic snap-off knife made from RCS (Recycled Claim Standard) certified recycled ABS and a stainless steel blade. Total recycled content: 78% of the total weight of the item. RCS certification ensures a fully certified supply chain of recycled materials. This versatile knife has a retractable blade that allows you to easily replace the SK4 blade when it becomes dull. Whether you need to cut through cardboard, plastic or even thin sheets of metal, the snap-off knife is up to the task. The sharp and durable blade ensures that you get clean and precise cuts every time. The knife is also incredibly easy to use. The comfortable handle provides a firm grip, allowing you to maintain full control while cutting. Plus, its lightweight design makes it easy to carry anywhere. Packaged in FSC\u00ae mix kraft packaging.<\/p>","protected":false},"excerpt":{"rendered":"<p>Korduvt\u00e4idetav RCS-sertifikaadiga taaskasutatud plastist eemaldatav nuga, mis on valmistatud RCS-i (Recycled Claim Standard) sertifitseeritud ringlussev\u00f5etud ABS-i ja roostevabast terasest teraga. Taaskasutatud kogusisaldus: 78% eseme kogukaalust. RCS-sertifikaat tagab taaskasutatud materjalide t\u00e4ielikult sertifitseeritud tarneahela. Sellel mitmek\u00fclgsel noal on \u00e4rat\u00f5mmatav tera, mis v\u00f5imaldab teil SK4 tera h\u00f5lpsalt v\u00e4lja vahetada, kui see muutub tuhmiks. Olenemata sellest, kas peate l\u00f5ikama [&hellip;]<\/p>\n","protected":false},"featured_media":28557,"template":"","meta":{"_acf_changed":false},"product_brand":[],"product_cat":[631,577],"product_tag":[659],"class_list":{"0":"post-28532","1":"product","2":"type-product","3":"status-publish","4":"has-post-thumbnail","6":"product_cat-joonlauad-ja-loikurid","7":"product_cat-tooriistad-ja-taskulambid","8":"product_tag-more-colors","9":"pa_varv-hall","10":"pa_varv-kollane","12":"first","13":"instock","14":"taxable","15":"shipping-taxable","16":"purchasable","17":"product-type-variable","18":"has-default-attributes"},"acf":[],"_links":{"self":[{"href":"https:\/\/fifaa.ee\/en\/wp-json\/wp\/v2\/product\/28532","targetHints":{"allow":["GET"]}}],"collection":[{"href":"https:\/\/fifaa.ee\/en\/wp-json\/wp\/v2\/product"}],"about":[{"href":"https:\/\/fifaa.ee\/en\/wp-json\/wp\/v2\/types\/product"}],"wp:featuredmedia":[{"embeddable":true,"href":"https:\/\/fifaa.ee\/en\/wp-json\/wp\/v2\/media\/28557"}],"wp:attachment":[{"href":"https:\/\/fifaa.ee\/en\/wp-json\/wp\/v2\/media?parent=28532"}],"wp:term":[{"taxonomy":"product_brand","embeddable":true,"href":"https:\/\/fifaa.ee\/en\/wp-json\/wp\/v2\/product_brand?post=28532"},{"taxonomy":"product_cat","embeddable":true,"href":"https:\/\/fifaa.ee\/en\/wp-json\/wp\/v2\/product_cat?post=28532"},{"taxonomy":"product_tag","embeddable":true,"href":"https:\/\/fifaa.ee\/en\/wp-json\/wp\/v2\/product_tag?post=28532"}],"curies":[{"name":"wp","href":"https:\/\/api.w.org\/{rel}","templated":true}]}}