{"id":28535,"date":"2025-01-28T15:55:01","date_gmt":"2025-01-28T13:55:01","guid":{"rendered":"https:\/\/fifaa.ee\/?post_type=product&#038;p=28535"},"modified":"2026-04-01T15:54:23","modified_gmt":"2026-04-01T12:54:23","slug":"eon-bambusest-infinity-multitegumpliiats","status":"publish","type":"product","link":"https:\/\/fifaa.ee\/en\/product\/eon-bambusest-infinity-multitegumpliiats\/","title":{"rendered":"Eon bamboo infinity multitasking pen"},"content":{"rendered":"<p>A modern infinity pen made from FSC\u00ae 100% certified bamboo. Triangular body with CM marking on one side and inches on the other. Traditional wooden pens only write up to about 200 meters, but this Tree-Free Infinity Pen has a length of up to about 20,000 meters using a graphite line. Not only does it write like a pencil, but the marks can also be erased. It works by leaving a graphite line on the paper like a regular traditional wooden pen, but wears down so slowly that it lasts up to 100 traditional wooden pens! With a touch-sensitive tip for use with a mobile device. Packed in FSC\u00ae mixed packaging.<\/p>","protected":false},"excerpt":{"rendered":"<p>Moodne l\u00f5pmatuse pliiats, mis on valmistatud FSC\u00ae 100% sertifitseeritud bambusest. Kolmnurga kujuline korpus, \u00fchel k\u00fcljel CM-t\u00e4his ja teisel k\u00fcljel tolli. Traditsioonilised puidust pliiatsid kirjutavad ainult kuni umbes 200 meetrini, kuid selle Tree-vaba l\u00f5pmatuse pliiatsi pikkus on kuni umbes 20 000 meetrit, kasutades grafiidist joont. See mitte ainult ei kirjuta nagu pliiats, vaid ka m\u00e4rgiseid saab [&hellip;]<\/p>\n","protected":false},"featured_media":28569,"template":"","meta":{"_acf_changed":false},"product_brand":[],"product_cat":[577,579],"product_tag":[],"class_list":{"0":"post-28535","1":"product","2":"type-product","3":"status-publish","4":"has-post-thumbnail","6":"product_cat-tooriistad-ja-taskulambid","7":"product_cat-tooriistapliiatsid","8":"pa_varv-pruun","10":"first","11":"instock","12":"taxable","13":"shipping-taxable","14":"purchasable","15":"product-type-variable","16":"has-default-attributes"},"acf":[],"_links":{"self":[{"href":"https:\/\/fifaa.ee\/en\/wp-json\/wp\/v2\/product\/28535","targetHints":{"allow":["GET"]}}],"collection":[{"href":"https:\/\/fifaa.ee\/en\/wp-json\/wp\/v2\/product"}],"about":[{"href":"https:\/\/fifaa.ee\/en\/wp-json\/wp\/v2\/types\/product"}],"wp:featuredmedia":[{"embeddable":true,"href":"https:\/\/fifaa.ee\/en\/wp-json\/wp\/v2\/media\/28569"}],"wp:attachment":[{"href":"https:\/\/fifaa.ee\/en\/wp-json\/wp\/v2\/media?parent=28535"}],"wp:term":[{"taxonomy":"product_brand","embeddable":true,"href":"https:\/\/fifaa.ee\/en\/wp-json\/wp\/v2\/product_brand?post=28535"},{"taxonomy":"product_cat","embeddable":true,"href":"https:\/\/fifaa.ee\/en\/wp-json\/wp\/v2\/product_cat?post=28535"},{"taxonomy":"product_tag","embeddable":true,"href":"https:\/\/fifaa.ee\/en\/wp-json\/wp\/v2\/product_tag?post=28535"}],"curies":[{"name":"wp","href":"https:\/\/api.w.org\/{rel}","templated":true}]}}