{"id":28536,"date":"2025-01-28T15:55:01","date_gmt":"2025-01-28T13:55:01","guid":{"rendered":"https:\/\/fifaa.ee\/?post_type=product&#038;p=28536"},"modified":"2026-04-01T15:54:49","modified_gmt":"2026-04-01T12:54:49","slug":"eon-rcs-taaskasutatud-alumiiniumist-infinity-multitegumpliiats","status":"publish","type":"product","link":"https:\/\/fifaa.ee\/en\/product\/eon-rcs-taaskasutatud-alumiiniumist-infinity-multitegumpliiats\/","title":{"rendered":"Eon RCS recycled aluminum infinity multitasking pen"},"content":{"rendered":"<p>A modern infinity pen made from RCS-certified recycled aluminium. Total recycled content: 40% of the total weight of the item. RCS certification ensures a fully certified supply chain of recycled materials. Triangular body with CM marking on one side and inches on the other. Traditional wooden pens only write up to about 200 meters, but this Tree Free Infinity Pen has a length of up to about 20,000 meters using a graphite line from a graphite tip. Not only does it write like a pencil, but the marks are erasable. It works by leaving a graphite line on the paper like a regular traditional wooden pen, but wears down so slowly that it lasts up to 100 traditional wooden pens! Touch-sensitive tip for mobile use. Packed in FSC\u00ae mixed packaging.<\/p>","protected":false},"excerpt":{"rendered":"<p>Moodne l\u00f5pmatuse pliiats, mis on valmistatud RCS-sertifikaadiga taaskasutatud alumiiniumist. Taaskasutatud kogusisaldus: 40% eseme kogukaalust. RCS-sertifikaat tagab taaskasutatud materjalide t\u00e4ielikult sertifitseeritud tarneahela. Kolmnurga kujuline korpus, mille \u00fchel k\u00fcljel on t\u00e4his CM ja teisel k\u00fcljel tolli. Traditsioonilised puidust pliiatsid kirjutavad ainult kuni umbes 200 meetrit, kuid selle Tree vaba l\u00f5pmatuse pliiatsi pikkus on kuni umbes 20 000 [&hellip;]<\/p>\n","protected":false},"featured_media":28571,"template":"","meta":{"_acf_changed":false},"product_brand":[],"product_cat":[577,579],"product_tag":[659],"class_list":{"0":"post-28536","1":"product","2":"type-product","3":"status-publish","4":"has-post-thumbnail","6":"product_cat-tooriistad-ja-taskulambid","7":"product_cat-tooriistapliiatsid","8":"product_tag-more-colors","9":"pa_varv-kollane","10":"pa_varv-valge-new","12":"first","13":"instock","14":"taxable","15":"shipping-taxable","16":"purchasable","17":"product-type-variable","18":"has-default-attributes"},"acf":[],"_links":{"self":[{"href":"https:\/\/fifaa.ee\/en\/wp-json\/wp\/v2\/product\/28536","targetHints":{"allow":["GET"]}}],"collection":[{"href":"https:\/\/fifaa.ee\/en\/wp-json\/wp\/v2\/product"}],"about":[{"href":"https:\/\/fifaa.ee\/en\/wp-json\/wp\/v2\/types\/product"}],"wp:featuredmedia":[{"embeddable":true,"href":"https:\/\/fifaa.ee\/en\/wp-json\/wp\/v2\/media\/28571"}],"wp:attachment":[{"href":"https:\/\/fifaa.ee\/en\/wp-json\/wp\/v2\/media?parent=28536"}],"wp:term":[{"taxonomy":"product_brand","embeddable":true,"href":"https:\/\/fifaa.ee\/en\/wp-json\/wp\/v2\/product_brand?post=28536"},{"taxonomy":"product_cat","embeddable":true,"href":"https:\/\/fifaa.ee\/en\/wp-json\/wp\/v2\/product_cat?post=28536"},{"taxonomy":"product_tag","embeddable":true,"href":"https:\/\/fifaa.ee\/en\/wp-json\/wp\/v2\/product_tag?post=28536"}],"curies":[{"name":"wp","href":"https:\/\/api.w.org\/{rel}","templated":true}]}}