{"id":28581,"date":"2025-01-28T15:55:22","date_gmt":"2025-01-28T13:55:22","guid":{"rendered":"https:\/\/fifaa.ee\/?post_type=product&#038;p=28581"},"modified":"2026-04-01T15:55:15","modified_gmt":"2026-04-01T12:55:15","slug":"gear-x-multifunktsionaalne-nuga","status":"publish","type":"product","link":"https:\/\/fifaa.ee\/en\/product\/gear-x-multifunktsionaalne-nuga\/","title":{"rendered":"Gear X multi-functional knife"},"content":{"rendered":"<p>Straight, clean lines with great functionality. This multi-tool combines it all - a pocket-sized essential. The luxurious aluminum body is matched with premium 420 stainless steel tools, all finished in black. The 13 functions include: knife, saw, slotted screwdriver, can opener, file, small Philips screwdriver, Philips screwdriver, corkscrew, thread guide, leather punch, box cutter, bottle opener and small blade. This multi-tool is ready to use when you need it. Packaged in a luxurious gift box.<\/p>","protected":false},"excerpt":{"rendered":"<p>Sirged selged jooned koos suurep\u00e4rase funktsionaalsusega. See multifunktsionaalne t\u00f6\u00f6riist \u00fchendab selle k\u00f5ik \u2013 \u00fches taskusuuruses h\u00e4davajalik. Luksuslik alumiiniumkorpus on sobitatud esmaklassiliste 420 roostevabast terasest t\u00f6\u00f6riistadega, mis on k\u00f5ik musta v\u00e4rvi. 13 funktsiooni hulka kuuluvad: nuga, saag, piluga kruvikeeraja, konserviavaja, viil, v\u00e4ike Philipsi kruvikeeraja, Philipsi kruvikeeraja, korgitser, keermejuhik, nahastants, karbil\u00f5ikur, pudeliavaja ja v\u00e4ike tera. See multifunktsionaalne [&hellip;]<\/p>\n","protected":false},"featured_media":28600,"template":"","meta":{"_acf_changed":false},"product_brand":[],"product_cat":[581,577],"product_tag":[],"class_list":{"0":"post-28581","1":"product","2":"type-product","3":"status-publish","4":"has-post-thumbnail","6":"product_cat-multitooriistad","7":"product_cat-tooriistad-ja-taskulambid","8":"pa_varv-must","10":"first","11":"instock","12":"taxable","13":"shipping-taxable","14":"purchasable","15":"product-type-variable","16":"has-default-attributes"},"acf":[],"_links":{"self":[{"href":"https:\/\/fifaa.ee\/en\/wp-json\/wp\/v2\/product\/28581","targetHints":{"allow":["GET"]}}],"collection":[{"href":"https:\/\/fifaa.ee\/en\/wp-json\/wp\/v2\/product"}],"about":[{"href":"https:\/\/fifaa.ee\/en\/wp-json\/wp\/v2\/types\/product"}],"wp:featuredmedia":[{"embeddable":true,"href":"https:\/\/fifaa.ee\/en\/wp-json\/wp\/v2\/media\/28600"}],"wp:attachment":[{"href":"https:\/\/fifaa.ee\/en\/wp-json\/wp\/v2\/media?parent=28581"}],"wp:term":[{"taxonomy":"product_brand","embeddable":true,"href":"https:\/\/fifaa.ee\/en\/wp-json\/wp\/v2\/product_brand?post=28581"},{"taxonomy":"product_cat","embeddable":true,"href":"https:\/\/fifaa.ee\/en\/wp-json\/wp\/v2\/product_cat?post=28581"},{"taxonomy":"product_tag","embeddable":true,"href":"https:\/\/fifaa.ee\/en\/wp-json\/wp\/v2\/product_tag?post=28581"}],"curies":[{"name":"wp","href":"https:\/\/api.w.org\/{rel}","templated":true}]}}