{"id":28583,"date":"2025-01-28T15:55:22","date_gmt":"2025-01-28T13:55:22","guid":{"rendered":"https:\/\/fifaa.ee\/?post_type=product&#038;p=28583"},"modified":"2026-04-01T15:55:15","modified_gmt":"2026-04-01T12:55:15","slug":"gear-x-tangiga-multitooriist","status":"publish","type":"product","link":"https:\/\/fifaa.ee\/en\/product\/gear-x-tangiga-multitooriist\/","title":{"rendered":"Gear X plier multitool"},"content":{"rendered":"<p>A luxurious powerhouse is how this tool can best be described. The most versatile and durable tool for everyday use both at home and outdoors. The luxurious aluminum housing is matched with premium 420 stainless steel tools, all black. The durable tools are built to last. The 13 functions include: knife (with lock), file, saw, large slotted screwdriver (with lock), Philips screwdriver, slotted screwdriver, pliers, standard pliers, wire cutter, bottle opener, screwdriver, seat belt cutter, box cutter. This multi-function tool is ready to use when you need it. Packaged in a luxurious gift box. Tool hardness 40-45 HRC.<\/p>","protected":false},"excerpt":{"rendered":"<p>Luksuslik j\u00f5uallikas, nii saab seda t\u00f6\u00f6riista k\u00f5ige paremini kirjeldada. K\u00f5ige mitmek\u00fclgsem ja vastupidavam t\u00f6\u00f6riist igap\u00e4evaseks t\u00f6\u00f6ks nii kodus kui ka \u00f5ues. Luksuslikule alumiiniumkorpusele on sobitatud esmaklassilised 420 roostevabast terasest t\u00f6\u00f6riistad, mis k\u00f5ik on must. Vastupidavad t\u00f6\u00f6riistad on loodud kestma kaua. 13 funktsiooni hulka kuuluvad: nuga (lukuga), viil, saag, suur piluga kruvikeeraja (lukuga), Philipsi kruvikeeraja, piluga [&hellip;]<\/p>\n","protected":false},"featured_media":28604,"template":"","meta":{"_acf_changed":false},"product_brand":[],"product_cat":[577,581],"product_tag":[],"class_list":{"0":"post-28583","1":"product","2":"type-product","3":"status-publish","4":"has-post-thumbnail","6":"product_cat-tooriistad-ja-taskulambid","7":"product_cat-multitooriistad","8":"pa_varv-must","10":"first","11":"instock","12":"taxable","13":"shipping-taxable","14":"purchasable","15":"product-type-variable","16":"has-default-attributes"},"acf":[],"_links":{"self":[{"href":"https:\/\/fifaa.ee\/en\/wp-json\/wp\/v2\/product\/28583","targetHints":{"allow":["GET"]}}],"collection":[{"href":"https:\/\/fifaa.ee\/en\/wp-json\/wp\/v2\/product"}],"about":[{"href":"https:\/\/fifaa.ee\/en\/wp-json\/wp\/v2\/types\/product"}],"wp:featuredmedia":[{"embeddable":true,"href":"https:\/\/fifaa.ee\/en\/wp-json\/wp\/v2\/media\/28604"}],"wp:attachment":[{"href":"https:\/\/fifaa.ee\/en\/wp-json\/wp\/v2\/media?parent=28583"}],"wp:term":[{"taxonomy":"product_brand","embeddable":true,"href":"https:\/\/fifaa.ee\/en\/wp-json\/wp\/v2\/product_brand?post=28583"},{"taxonomy":"product_cat","embeddable":true,"href":"https:\/\/fifaa.ee\/en\/wp-json\/wp\/v2\/product_cat?post=28583"},{"taxonomy":"product_tag","embeddable":true,"href":"https:\/\/fifaa.ee\/en\/wp-json\/wp\/v2\/product_tag?post=28583"}],"curies":[{"name":"wp","href":"https:\/\/api.w.org\/{rel}","templated":true}]}}