{"id":28584,"date":"2025-01-28T15:55:22","date_gmt":"2025-01-28T13:55:22","guid":{"rendered":"https:\/\/fifaa.ee\/?post_type=product&#038;p=28584"},"modified":"2026-04-01T15:55:15","modified_gmt":"2026-04-01T12:55:15","slug":"gear-x-rcs-taaskasutatud-alumiiniumist-tappiskruvikeerajate-komplekt-46-tk","status":"publish","type":"product","link":"https:\/\/fifaa.ee\/en\/product\/gear-x-rcs-taaskasutatud-alumiiniumist-tappiskruvikeerajate-komplekt-46-tk\/","title":{"rendered":"Gear X RCS recycled aluminum precision screwdriver set 46 pc"},"content":{"rendered":"<p>The ultimate high-performance precision bit set includes essential parts for repairing mobile phones, tablets, PCs and more. The life of most electronic devices can be easily extended with simple repairs, often found in instructions online. 46-piece box made from RCS certified recycled aluminum. Total recycled content: 22% of the total weight of the item. RCS certification ensures a fully certified supply chain of recycled materials. Includes screwdriver handle and tweezers. The bits are magnetic and easy to install and remove from the case.<\/p>","protected":false},"excerpt":{"rendered":"<p>\u00dclim suure j\u00f5udlusega t\u00e4ppisotsiku komplekt sisaldab olulisi osi mobiiltelefonide, tahvelarvutite, personaalarvutite ja muude esemete parandamiseks. Enamiku elektroonikaseadmete eluiga saab h\u00f5lpsasti pikendada lihtsa remondiga, mille leiate sageli veebis juhistest. 46 tk pakendatud karpi valmistatud RCS sertifikaadiga taaskasutatud alumiiniumist. Taaskasutatud kogusisaldus: 22% eseme kogukaalust. RCS-sertifikaat tagab taaskasutatud materjalide t\u00e4ielikult sertifitseeritud tarneahela. Komplekti kuulub kruvikeeraja k\u00e4epide ja pintsetid. [&hellip;]<\/p>\n","protected":false},"featured_media":28606,"template":"","meta":{"_acf_changed":false},"product_brand":[],"product_cat":[577,582],"product_tag":[],"class_list":{"0":"post-28584","1":"product","2":"type-product","3":"status-publish","4":"has-post-thumbnail","6":"product_cat-tooriistad-ja-taskulambid","7":"product_cat-tooriistakomplektid","8":"pa_varv-must","10":"first","11":"instock","12":"taxable","13":"shipping-taxable","14":"purchasable","15":"product-type-variable","16":"has-default-attributes"},"acf":[],"_links":{"self":[{"href":"https:\/\/fifaa.ee\/en\/wp-json\/wp\/v2\/product\/28584","targetHints":{"allow":["GET"]}}],"collection":[{"href":"https:\/\/fifaa.ee\/en\/wp-json\/wp\/v2\/product"}],"about":[{"href":"https:\/\/fifaa.ee\/en\/wp-json\/wp\/v2\/types\/product"}],"wp:featuredmedia":[{"embeddable":true,"href":"https:\/\/fifaa.ee\/en\/wp-json\/wp\/v2\/media\/28606"}],"wp:attachment":[{"href":"https:\/\/fifaa.ee\/en\/wp-json\/wp\/v2\/media?parent=28584"}],"wp:term":[{"taxonomy":"product_brand","embeddable":true,"href":"https:\/\/fifaa.ee\/en\/wp-json\/wp\/v2\/product_brand?post=28584"},{"taxonomy":"product_cat","embeddable":true,"href":"https:\/\/fifaa.ee\/en\/wp-json\/wp\/v2\/product_cat?post=28584"},{"taxonomy":"product_tag","embeddable":true,"href":"https:\/\/fifaa.ee\/en\/wp-json\/wp\/v2\/product_tag?post=28584"}],"curies":[{"name":"wp","href":"https:\/\/api.w.org\/{rel}","templated":true}]}}