{"id":28629,"date":"2025-01-28T15:55:46","date_gmt":"2025-01-28T13:55:46","guid":{"rendered":"https:\/\/fifaa.ee\/?post_type=product&#038;p=28629"},"modified":"2026-04-01T15:56:09","modified_gmt":"2026-04-01T12:56:09","slug":"gear-x-31-in-1-tappiskruvikeerajate-komplekt","status":"publish","type":"product","link":"https:\/\/fifaa.ee\/en\/product\/gear-x-31-in-1-tappiskruvikeerajate-komplekt\/","title":{"rendered":"Gear X 31 in 1 precision screwdriver set"},"content":{"rendered":"<p>The ultimate high-performance precision bit set includes essential parts for repairing mobile phones, tablets, PCs and more. The life of most electronic devices can be easily extended with simple repairs that you can often find how-tos online. 31 pcs packaged in a luxurious aluminum box. The set includes a screwdriver handle. T5H, T6H, T8H, T10H, T15H, SL1.5, SL2.0, SL3.0, SL4.0, PH000, PH00, PH0, PH1, PH2, H1.5, H2.0, H3.0, H4. 0, T2, T3, T4, Y0.6, Y1, Y2.5, P2, P5, P6, U2.6, \u25b32.3, Medium plate 2.5. Packed in a luxurious gift box.<\/p>","protected":false},"excerpt":{"rendered":"<p>\u00dclim suure j\u00f5udlusega t\u00e4ppisotsiku komplekt sisaldab olulisi osi mobiiltelefonide, tahvelarvutite, personaalarvutite ja muude esemete parandamiseks. Enamiku elektroonikaseadmete eluiga saab h\u00f5lpsasti pikendada lihtsa remondiga, mille leiate sageli veebist, kuidas seda teha. 31 tk pakendatud luksuslikku alumiiniumkarpi. Komplekt sisaldab kruvikeeraja k\u00e4epidet. T5H, T6H, T8H, T10H, T15H, SL1.5, SL2.0, SL3.0, SL4.0, PH000, PH00, PH0, PH1, PH2, H1.5, H2.0, [&hellip;]<\/p>\n","protected":false},"featured_media":28645,"template":"","meta":{"_acf_changed":false},"product_brand":[],"product_cat":[577,582],"product_tag":[],"class_list":{"0":"post-28629","1":"product","2":"type-product","3":"status-publish","4":"has-post-thumbnail","6":"product_cat-tooriistad-ja-taskulambid","7":"product_cat-tooriistakomplektid","8":"pa_varv-must","10":"first","11":"instock","12":"taxable","13":"shipping-taxable","14":"purchasable","15":"product-type-variable","16":"has-default-attributes"},"acf":[],"_links":{"self":[{"href":"https:\/\/fifaa.ee\/en\/wp-json\/wp\/v2\/product\/28629","targetHints":{"allow":["GET"]}}],"collection":[{"href":"https:\/\/fifaa.ee\/en\/wp-json\/wp\/v2\/product"}],"about":[{"href":"https:\/\/fifaa.ee\/en\/wp-json\/wp\/v2\/types\/product"}],"wp:featuredmedia":[{"embeddable":true,"href":"https:\/\/fifaa.ee\/en\/wp-json\/wp\/v2\/media\/28645"}],"wp:attachment":[{"href":"https:\/\/fifaa.ee\/en\/wp-json\/wp\/v2\/media?parent=28629"}],"wp:term":[{"taxonomy":"product_brand","embeddable":true,"href":"https:\/\/fifaa.ee\/en\/wp-json\/wp\/v2\/product_brand?post=28629"},{"taxonomy":"product_cat","embeddable":true,"href":"https:\/\/fifaa.ee\/en\/wp-json\/wp\/v2\/product_cat?post=28629"},{"taxonomy":"product_tag","embeddable":true,"href":"https:\/\/fifaa.ee\/en\/wp-json\/wp\/v2\/product_tag?post=28629"}],"curies":[{"name":"wp","href":"https:\/\/api.w.org\/{rel}","templated":true}]}}