{"id":28632,"date":"2025-01-28T15:55:46","date_gmt":"2025-01-28T13:55:46","guid":{"rendered":"https:\/\/fifaa.ee\/?post_type=product&#038;p=28632"},"modified":"2026-04-01T15:56:09","modified_gmt":"2026-04-01T12:56:09","slug":"magnetilise-taseme-joonlaud","status":"publish","type":"product","link":"https:\/\/fifaa.ee\/en\/product\/magnetilise-taseme-joonlaud\/","title":{"rendered":"Magnetic level ruler medium"},"content":{"rendered":"<p>Work with precision and ensure perfect details with this 12 cm aluminum ruler. The ruler has a magnetic base for attaching to metal surfaces and shock-absorbing rubber end caps. With two integrated bubbles for horizontal and vertical use. Carabiner included. Accuracy 0.5 mm.<\/p>","protected":false},"excerpt":{"rendered":"<p>Selle 12 cm alumiiniumjoonlauaga t\u00f6\u00f6tage t\u00e4pselt ja veenduge, et detailid oleksid t\u00e4iuslikud. Joonlaual on magnetiline alus selle kinnitamiseks metallpindadele ja l\u00f6\u00f6ke neelavad kummist otsakatted. Kahe integreeritud mulliga horisontaalseks ja vertikaalseks kasutamiseks. Kaasa arvatud karabiin. T\u00e4psus 0,5 mm.<\/p>","protected":false},"featured_media":28655,"template":"","meta":{"_acf_changed":false},"product_brand":[],"product_cat":[631,577],"product_tag":[],"class_list":{"0":"post-28632","1":"product","2":"type-product","3":"status-publish","4":"has-post-thumbnail","6":"product_cat-joonlauad-ja-loikurid","7":"product_cat-tooriistad-ja-taskulambid","8":"pa_varv-hall","10":"first","11":"instock","12":"taxable","13":"shipping-taxable","14":"purchasable","15":"product-type-variable","16":"has-default-attributes"},"acf":[],"_links":{"self":[{"href":"https:\/\/fifaa.ee\/en\/wp-json\/wp\/v2\/product\/28632","targetHints":{"allow":["GET"]}}],"collection":[{"href":"https:\/\/fifaa.ee\/en\/wp-json\/wp\/v2\/product"}],"about":[{"href":"https:\/\/fifaa.ee\/en\/wp-json\/wp\/v2\/types\/product"}],"wp:featuredmedia":[{"embeddable":true,"href":"https:\/\/fifaa.ee\/en\/wp-json\/wp\/v2\/media\/28655"}],"wp:attachment":[{"href":"https:\/\/fifaa.ee\/en\/wp-json\/wp\/v2\/media?parent=28632"}],"wp:term":[{"taxonomy":"product_brand","embeddable":true,"href":"https:\/\/fifaa.ee\/en\/wp-json\/wp\/v2\/product_brand?post=28632"},{"taxonomy":"product_cat","embeddable":true,"href":"https:\/\/fifaa.ee\/en\/wp-json\/wp\/v2\/product_cat?post=28632"},{"taxonomy":"product_tag","embeddable":true,"href":"https:\/\/fifaa.ee\/en\/wp-json\/wp\/v2\/product_tag?post=28632"}],"curies":[{"name":"wp","href":"https:\/\/api.w.org\/{rel}","templated":true}]}}