{"id":28635,"date":"2025-01-28T15:55:46","date_gmt":"2025-01-28T13:55:46","guid":{"rendered":"https:\/\/fifaa.ee\/?post_type=product&#038;p=28635"},"modified":"2025-11-21T10:09:11","modified_gmt":"2025-11-21T08:09:11","slug":"polard-rcs-sertifikaadiga-taaskasutatud-plastist-kolm-uhes-jaakaabits","status":"publish","type":"product","link":"https:\/\/fifaa.ee\/en\/product\/polard-rcs-sertifikaadiga-taaskasutatud-plastist-kolm-uhes-jaakaabits\/","title":{"rendered":"Polard RCS certified recycled plastic 3-in-1 ice scraper"},"content":{"rendered":"<p>3-in-1 ice scraper made from RCS (Recycled Claim Standard) certified recycled ABS\/HIPS\/TPU. Total recycled content: 98% of the total weight of the item. RCS certification ensures a fully certified supply chain of recycled materials. Ice scraper with adjustable head for 3 functions: ice scraping, snow removal and water mopping. Easy to adapt to the situation.<\/p>","protected":false},"excerpt":{"rendered":"<p>Kolm-\u00fches j\u00e4\u00e4kaabits, mis on valmistatud RCS-i (Recycled Claim Standard) sertifitseeritud ringlussev\u00f5etud ABS\/HIPS\/TPU-st. Taaskasutatud kogusisaldus: 98% eseme kogukaalust. RCS-sertifikaat tagab taaskasutatud materjalide t\u00e4ielikult sertifitseeritud tarneahela. Reguleeritava peaga j\u00e4\u00e4kaabits 3 funktsiooni jaoks: j\u00e4\u00e4kraapimine, lumekoristus ja vee p\u00fchkimine. Lihtne olukorraga kohaneda.<\/p>","protected":false},"featured_media":28661,"template":"","meta":{"_acf_changed":false},"product_brand":[],"product_cat":[624,584],"product_tag":[659],"class_list":{"0":"post-28635","1":"product","2":"type-product","3":"status-publish","4":"has-post-thumbnail","6":"product_cat-auto-ja-jalgratta-tarvikud","7":"product_cat-autotarvikud","8":"product_tag-more-colors","9":"pa_varv-must","10":"pa_varv-valge-new","12":"first","13":"instock","14":"taxable","15":"shipping-taxable","16":"purchasable","17":"product-type-variable","18":"has-default-attributes"},"acf":[],"_links":{"self":[{"href":"https:\/\/fifaa.ee\/en\/wp-json\/wp\/v2\/product\/28635","targetHints":{"allow":["GET"]}}],"collection":[{"href":"https:\/\/fifaa.ee\/en\/wp-json\/wp\/v2\/product"}],"about":[{"href":"https:\/\/fifaa.ee\/en\/wp-json\/wp\/v2\/types\/product"}],"wp:featuredmedia":[{"embeddable":true,"href":"https:\/\/fifaa.ee\/en\/wp-json\/wp\/v2\/media\/28661"}],"wp:attachment":[{"href":"https:\/\/fifaa.ee\/en\/wp-json\/wp\/v2\/media?parent=28635"}],"wp:term":[{"taxonomy":"product_brand","embeddable":true,"href":"https:\/\/fifaa.ee\/en\/wp-json\/wp\/v2\/product_brand?post=28635"},{"taxonomy":"product_cat","embeddable":true,"href":"https:\/\/fifaa.ee\/en\/wp-json\/wp\/v2\/product_cat?post=28635"},{"taxonomy":"product_tag","embeddable":true,"href":"https:\/\/fifaa.ee\/en\/wp-json\/wp\/v2\/product_tag?post=28635"}],"curies":[{"name":"wp","href":"https:\/\/api.w.org\/{rel}","templated":true}]}}